{"id":51,"date":"2023-09-06T06:27:47","date_gmt":"2023-09-06T06:27:47","guid":{"rendered":"https:\/\/b76boilies.digital-evolutions.at\/cart\/"},"modified":"2024-01-26T17:51:25","modified_gmt":"2024-01-26T17:51:25","slug":"cart","status":"publish","type":"page","link":"https:\/\/b76boilies.com\/en\/cart\/","title":{"rendered":"Cart"},"content":{"rendered":"<div data-elementor-type=\"wp-page\" data-elementor-id=\"51\" class=\"elementor elementor-51\" data-elementor-post-type=\"page\">\n\t\t\t\t\t\t<section class=\"elementor-section elementor-top-section elementor-element elementor-element-1527b23d elementor-section-full_width elementor-section-height-default elementor-section-height-default\" data-id=\"1527b23d\" data-element_type=\"section\" data-e-type=\"section\" data-settings=\"{&quot;background_background&quot;:&quot;classic&quot;}\">\n\t\t\t\t\t\t<div class=\"elementor-container elementor-column-gap-default\">\n\t\t\t\t\t<div class=\"elementor-column elementor-col-100 elementor-top-column elementor-element elementor-element-1ecfc4c4\" data-id=\"1ecfc4c4\" data-element_type=\"column\" data-e-type=\"column\">\n\t\t\t<div class=\"elementor-widget-wrap elementor-element-populated\">\n\t\t\t\t\t\t\t<\/div>\n\t\t<\/div>\n\t\t\t\t\t<\/div>\n\t\t<\/section>\n\t\t\t\t<\/div>","protected":false},"excerpt":{"rendered":"<p>Artikel entfernen Vorschaubild Produkt Preis Anzahl Zwischensumme &times; B76 Coco-Banana Boilie &#8211; Dose Lieferzeit: 1-3 Tage Produkt enth\u00e4lt: 150 g 3,50&nbsp;&euro; 0,02&nbsp;&euro; \/ g B76 Coco-Banana Boilie &#8211; Dose Menge 3,50&nbsp;&euro; 0,02&nbsp;&euro; \/ g Gutscheincode verwenden Cart Total Zwischensumme 3,50&nbsp;&euro; Versand DPD: 6,30&nbsp;&euro; Versand nach Flemingstra\u00dfe 8, 4600 Wels. Adresse \u00e4ndern Land\/Region: Land\/Region ausw\u00e4hlen\u00a0\u2026BelgienBulgarienDeutschlandD\u00e4nemarkEstlandFinnlandFrankreichGriechenlandIrlandItalienKroatienLettlandLitauenLuxemburgMaltaNiederlandePolenPortugalRum\u00e4nienSchwedenSlowakeiSlowenienSpanienTschechienUngarnZypern\u00d6sterreich Stadt: [&hellip;]<\/p>","protected":false},"author":1,"featured_media":0,"parent":0,"menu_order":0,"comment_status":"closed","ping_status":"closed","template":"elementor_header_footer","meta":{"footnotes":""},"class_list":["post-51","page","type-page","status-publish","hentry"],"_links":{"self":[{"href":"https:\/\/b76boilies.com\/en\/wp-json\/wp\/v2\/pages\/51","targetHints":{"allow":["GET"]}}],"collection":[{"href":"https:\/\/b76boilies.com\/en\/wp-json\/wp\/v2\/pages"}],"about":[{"href":"https:\/\/b76boilies.com\/en\/wp-json\/wp\/v2\/types\/page"}],"author":[{"embeddable":true,"href":"https:\/\/b76boilies.com\/en\/wp-json\/wp\/v2\/users\/1"}],"replies":[{"embeddable":true,"href":"https:\/\/b76boilies.com\/en\/wp-json\/wp\/v2\/comments?post=51"}],"version-history":[{"count":13,"href":"https:\/\/b76boilies.com\/en\/wp-json\/wp\/v2\/pages\/51\/revisions"}],"predecessor-version":[{"id":25148,"href":"https:\/\/b76boilies.com\/en\/wp-json\/wp\/v2\/pages\/51\/revisions\/25148"}],"wp:attachment":[{"href":"https:\/\/b76boilies.com\/en\/wp-json\/wp\/v2\/media?parent=51"}],"curies":[{"name":"wp","href":"https:\/\/api.w.org\/{rel}","templated":true}]}}