{"id":12282,"date":"2022-01-03T21:51:27","date_gmt":"2022-01-03T21:51:27","guid":{"rendered":"https:\/\/b76boilies.digital-evolutions.at\/?post_type=product&#038;p=12282"},"modified":"2024-01-26T16:05:32","modified_gmt":"2024-01-26T16:05:32","slug":"b76-knoblauch-boilie","status":"publish","type":"product","link":"https:\/\/b76boilies.com\/en\/product\/b76-knoblauch-boilie\/","title":{"rendered":"B76 Knoblauch Boilie &#8211; 20mm"},"content":{"rendered":"<p>Gemahlene Samen, feine Mehlarten, Gew\u00fcrze und Aromen machen diese Boilies zu einem H\u00f6hepunkt im Bereich des Karpfenangelns. Die Boilies haben eine Struktur, die von Karpfen sehr gesch\u00e4tzt wird. Die H\u00e4rte der Boilies ist optimal, sodass sie nicht so schnell von unerw\u00fcnschten Wei\u00dffischen aufgenommen werden. Trotz ihrer H\u00e4rte entfalten sich die Aromen schnell und locken die Karpfen zum Fressen an.<\/p>","protected":false},"excerpt":{"rendered":"<p>Mit Knoblauch-Aroma aromatisierte Karpfen-Boilies, mit einem Mindestgewicht von 160 g und einem Durchmesser von 20 mm, gew\u00fcrzt mit Dip oder Natur!<\/p>\n<p>Langsam aufl\u00f6send (4-5 Stunden).<\/p>","protected":false},"featured_media":12283,"comment_status":"closed","ping_status":"closed","template":"","meta":[],"product_brand":[],"product_cat":[94,105],"product_tag":[26,24,25,27],"class_list":{"0":"post-12282","1":"product","2":"type-product","3":"status-publish","4":"has-post-thumbnail","6":"product_cat-baitshop","7":"product_cat-boilies","8":"product_tag-beste-boilie-fuer-karpfen","9":"product_tag-boilie","10":"product_tag-boilies","11":"product_tag-karpfenboilies","13":"first","14":"instock","15":"shipping-taxable","16":"purchasable","17":"product-type-simple"},"_links":{"self":[{"href":"https:\/\/b76boilies.com\/en\/wp-json\/wp\/v2\/product\/12282","targetHints":{"allow":["GET"]}}],"collection":[{"href":"https:\/\/b76boilies.com\/en\/wp-json\/wp\/v2\/product"}],"about":[{"href":"https:\/\/b76boilies.com\/en\/wp-json\/wp\/v2\/types\/product"}],"replies":[{"embeddable":true,"href":"https:\/\/b76boilies.com\/en\/wp-json\/wp\/v2\/comments?post=12282"}],"wp:featuredmedia":[{"embeddable":true,"href":"https:\/\/b76boilies.com\/en\/wp-json\/wp\/v2\/media\/12283"}],"wp:attachment":[{"href":"https:\/\/b76boilies.com\/en\/wp-json\/wp\/v2\/media?parent=12282"}],"wp:term":[{"taxonomy":"product_brand","embeddable":true,"href":"https:\/\/b76boilies.com\/en\/wp-json\/wp\/v2\/product_brand?post=12282"},{"taxonomy":"product_cat","embeddable":true,"href":"https:\/\/b76boilies.com\/en\/wp-json\/wp\/v2\/product_cat?post=12282"},{"taxonomy":"product_tag","embeddable":true,"href":"https:\/\/b76boilies.com\/en\/wp-json\/wp\/v2\/product_tag?post=12282"}],"curies":[{"name":"wp","href":"https:\/\/api.w.org\/{rel}","templated":true}]}}