{"id":23598,"date":"2023-04-10T05:26:33","date_gmt":"2023-04-10T05:26:33","guid":{"rendered":"https:\/\/b76boilies.digital-evolutions.at\/?post_type=product&#038;p=23598"},"modified":"2024-01-24T17:49:25","modified_gmt":"2024-01-24T17:49:25","slug":"sedo-krank-horog-size2","status":"publish","type":"product","link":"https:\/\/b76boilies.com\/en\/product\/sedo-krank-horog-size2\/","title":{"rendered":"SEDO Krank horog size2"},"content":{"rendered":"<p>\u2022 Verst\u00e4rkte Teflonschicht<br \/>\n\u2022 Nach innen gebogener Haken<br \/>\n\u2022 Haken\u00f6se um 20 Grad geneigt<br \/>\n\u2022 Ultraleicht<br \/>\n\u2022 Fortschrittliche Stahltechnologie und industrieller Schmiedeprozess f\u00fcr Langlebigkeit<br \/>\n\u2022 Chemisch gesch\u00e4rft<\/p>\n<p>Dieser Haken-Typ muss niemandem vorgestellt werden. Er ist ein unverzichtbares Werkzeug f\u00fcr Angler, die Auftriebsk\u00f6der verwenden. Er kann f\u00fcr D-Rigs, Zig Rigs, Pop-ups oder sogar Schneemann-Rigs verwendet werden. Der Krank-Haken hat einen kurzen Schaft und einen riesigen Bogen, was auch bei kleineren K\u00f6dern zu einer soliden Hakeffektivit\u00e4t f\u00fchrt. Das Design stellt sicher, dass der Haken das Unterkiefer des Fisches erfasst und ihn nach dem Anhaken w\u00e4hrend des Kampfes sicher h\u00e4lt. Die Form des Hakens garantiert einen perfekten Anschlag.<\/p>","protected":false},"excerpt":{"rendered":"<p>\u2022 Verst\u00e4rkte Teflonschicht \u2022 Nach innen gebogener Haken \u2022 Haken\u00f6se um 20 Grad geneigt \u2022 Ultraleicht \u2022 Fortschrittliche Stahltechnologie und industrieller Schmiedeprozess f\u00fcr Langlebigkeit \u2022 Chemisch gesch\u00e4rft Dieser Haken-Typ muss niemandem vorgestellt werden. Er ist ein unverzichtbares Werkzeug f\u00fcr Angler, die Auftriebsk\u00f6der verwenden. Er kann f\u00fcr D-Rigs, Zig Rigs, Pop-ups oder sogar Schneemann-Rigs verwendet werden. [&hellip;]<\/p>","protected":false},"featured_media":23599,"comment_status":"open","ping_status":"closed","template":"","meta":[],"product_brand":[],"product_cat":[98,109,107,106],"product_tag":[38,36,40],"class_list":{"0":"post-23598","1":"product","2":"type-product","3":"status-publish","4":"has-post-thumbnail","6":"product_cat-angelhaken","7":"product_cat-haken","8":"product_cat-sedo-intelligent-fishing-tackle","9":"product_cat-tackle","10":"product_tag-boilie-haken","11":"product_tag-sedo","12":"product_tag-sedo-krank-haken","14":"first","15":"instock","16":"shipping-taxable","17":"purchasable","18":"product-type-simple"},"_links":{"self":[{"href":"https:\/\/b76boilies.com\/en\/wp-json\/wp\/v2\/product\/23598","targetHints":{"allow":["GET"]}}],"collection":[{"href":"https:\/\/b76boilies.com\/en\/wp-json\/wp\/v2\/product"}],"about":[{"href":"https:\/\/b76boilies.com\/en\/wp-json\/wp\/v2\/types\/product"}],"replies":[{"embeddable":true,"href":"https:\/\/b76boilies.com\/en\/wp-json\/wp\/v2\/comments?post=23598"}],"wp:featuredmedia":[{"embeddable":true,"href":"https:\/\/b76boilies.com\/en\/wp-json\/wp\/v2\/media\/23599"}],"wp:attachment":[{"href":"https:\/\/b76boilies.com\/en\/wp-json\/wp\/v2\/media?parent=23598"}],"wp:term":[{"taxonomy":"product_brand","embeddable":true,"href":"https:\/\/b76boilies.com\/en\/wp-json\/wp\/v2\/product_brand?post=23598"},{"taxonomy":"product_cat","embeddable":true,"href":"https:\/\/b76boilies.com\/en\/wp-json\/wp\/v2\/product_cat?post=23598"},{"taxonomy":"product_tag","embeddable":true,"href":"https:\/\/b76boilies.com\/en\/wp-json\/wp\/v2\/product_tag?post=23598"}],"curies":[{"name":"wp","href":"https:\/\/api.w.org\/{rel}","templated":true}]}}