{"id":23604,"date":"2023-04-10T05:26:34","date_gmt":"2023-04-10T05:26:34","guid":{"rendered":"https:\/\/b76boilies.digital-evolutions.at\/?post_type=product&#038;p=23604"},"modified":"2024-01-24T17:41:20","modified_gmt":"2024-01-24T17:41:20","slug":"sedo-krank-horog-size6","status":"publish","type":"product","link":"https:\/\/b76boilies.com\/en\/product\/sedo-krank-horog-size6\/","title":{"rendered":"SEDO Krank horog size6"},"content":{"rendered":"<p>\u2022 Mit Teflon verst\u00e4rkter Aufbau<br \/>\n\u2022 Gerade Hakenspitze, \u00e4u\u00dferst scharf<br \/>\n\u2022 Ultraleicht<br \/>\n\u2022 Fortgeschrittene Stahltechnologie und industrieller Schmiedeprozess f\u00fcr Haltbarkeit<br \/>\n\u2022 Chemisch gesch\u00e4rft<\/p>\n<p>Dies ist die Hakenart, von der sie sagen, dass sie f\u00fcr alles geeignet ist. Die verl\u00e4ngerte, gerade und nadelscharfe Hakenspitze sorgt f\u00fcr den perfekten Halt. Der Hakenschenkel ist gerade, und der Haken selbst ist ultraleicht. Damit k\u00f6nnen auch vorsichtige oder kleinere Karpfen \u00fcberlistet werden. Dieser Haken kann problemlos extremen Belastungen standhalten, da das geschmiedete Eisen unzerst\u00f6rbar ist. Der Claw Point Hook eignet sich f\u00fcr verschiedene Methoden, wie das Fischen mit liegenden oder schwebenden K\u00f6dern, Popups oder auch f\u00fcr schwebende K\u00f6der. Mit dem Black Line Aligner ist die Montage perfekt.<\/p>","protected":false},"excerpt":{"rendered":"<p>\u2022 Mit Teflon verst\u00e4rkter Aufbau \u2022 Gerade Hakenspitze, \u00e4u\u00dferst scharf \u2022 Ultraleicht \u2022 Fortgeschrittene Stahltechnologie und industrieller Schmiedeprozess f\u00fcr Haltbarkeit \u2022 Chemisch gesch\u00e4rft Dies ist die Hakenart, von der sie sagen, dass sie f\u00fcr alles geeignet ist. Die verl\u00e4ngerte, gerade und nadelscharfe Hakenspitze sorgt f\u00fcr den perfekten Halt. Der Hakenschenkel ist gerade, und der Haken [&hellip;]<\/p>","protected":false},"featured_media":23605,"comment_status":"open","ping_status":"closed","template":"","meta":[],"product_brand":[],"product_cat":[98,109,107,106],"product_tag":[38,36,40],"class_list":{"0":"post-23604","1":"product","2":"type-product","3":"status-publish","4":"has-post-thumbnail","6":"product_cat-angelhaken","7":"product_cat-haken","8":"product_cat-sedo-intelligent-fishing-tackle","9":"product_cat-tackle","10":"product_tag-boilie-haken","11":"product_tag-sedo","12":"product_tag-sedo-krank-haken","14":"first","15":"instock","16":"shipping-taxable","17":"purchasable","18":"product-type-simple"},"_links":{"self":[{"href":"https:\/\/b76boilies.com\/en\/wp-json\/wp\/v2\/product\/23604","targetHints":{"allow":["GET"]}}],"collection":[{"href":"https:\/\/b76boilies.com\/en\/wp-json\/wp\/v2\/product"}],"about":[{"href":"https:\/\/b76boilies.com\/en\/wp-json\/wp\/v2\/types\/product"}],"replies":[{"embeddable":true,"href":"https:\/\/b76boilies.com\/en\/wp-json\/wp\/v2\/comments?post=23604"}],"wp:featuredmedia":[{"embeddable":true,"href":"https:\/\/b76boilies.com\/en\/wp-json\/wp\/v2\/media\/23605"}],"wp:attachment":[{"href":"https:\/\/b76boilies.com\/en\/wp-json\/wp\/v2\/media?parent=23604"}],"wp:term":[{"taxonomy":"product_brand","embeddable":true,"href":"https:\/\/b76boilies.com\/en\/wp-json\/wp\/v2\/product_brand?post=23604"},{"taxonomy":"product_cat","embeddable":true,"href":"https:\/\/b76boilies.com\/en\/wp-json\/wp\/v2\/product_cat?post=23604"},{"taxonomy":"product_tag","embeddable":true,"href":"https:\/\/b76boilies.com\/en\/wp-json\/wp\/v2\/product_tag?post=23604"}],"curies":[{"name":"wp","href":"https:\/\/api.w.org\/{rel}","templated":true}]}}