{"id":23652,"date":"2023-04-10T05:26:35","date_gmt":"2023-04-10T05:26:35","guid":{"rendered":"https:\/\/b76boilies.digital-evolutions.at\/?post_type=product&#038;p=23652"},"modified":"2024-01-24T17:39:55","modified_gmt":"2024-01-24T17:39:55","slug":"sedo-wide-gape-extreme-horog-size2","status":"publish","type":"product","link":"https:\/\/b76boilies.com\/en\/product\/sedo-wide-gape-extreme-horog-size2\/","title":{"rendered":"SEDO Wide Gape Extreme horog size2"},"content":{"rendered":"<p>\u2022 Verst\u00e4rkte Teflon-Struktur<br \/>\n\u2022 Gerade Haken Spitze, extrem scharf<br \/>\n\u2022 Haken\u00f6hr mit einem Neigungswinkel von 20 Grad<br \/>\n\u2022 Ultraleicht<br \/>\n\u2022 Fortschrittliche Stahltechnologie und industrielle Schmiedeprozesse f\u00fcr maximale Haltbarkeit<br \/>\n\u2022 Chemisch gesch\u00e4rft<\/p>\n<p>Der Wide Gape Extreme Haken wird f\u00fcr extreme Umgebungen und das Angeln in Wildgew\u00e4ssern empfohlen. Seine verst\u00e4rkte Struktur h\u00e4lt in allen Bedingungen stand, w\u00e4hrend die Hakenspitze perfekt und klebrig bleibt! Bei Karpfenanglern ist der Wide Gape Haken fast schon der beliebteste Haken, und diese Variante haben wir \u00fcberdacht und weiterentwickelt, um ein noch perfekteres Einhaken zu erzielen. Die U-f\u00f6rmige Gestaltung des Hakens und das nach innen gedrehte Haken\u00f6hr erm\u00f6glichen schnelle und tiefe Einhakungen, sodass der Fisch sicher gehalten wird, wenn er versucht zu fliehen. F\u00fcr den perfekten Aufbau des Rigs empfehlen wir unseren KickR Hakenverdrehungsschutz. Geeignet f\u00fcr Bodenk\u00f6der und Schneemann-K\u00f6der sowie f\u00fcr verschiedene Rigs.<\/p>\n<p>Dieser Haken verf\u00fcgt \u00fcber eine verst\u00e4rkte Teflonstruktur, einen geraden Haken, der extrem scharf ist, ein Haken\u00f6hr mit einem Neigungswinkel von 20 Grad, ist ultraleicht und wurde durch fortschrittliche Stahltechnologie und industrielle Schmiedeprozesse f\u00fcr maximale Haltbarkeit entwickelt. Chemisch gesch\u00e4rft f\u00fcr optimale Sch\u00e4rfe.<\/p>","protected":false},"excerpt":{"rendered":"<p>\u2022 Verst\u00e4rkte Teflon-Struktur \u2022 Gerade Haken Spitze, extrem scharf \u2022 Haken\u00f6hr mit einem Neigungswinkel von 20 Grad \u2022 Ultraleicht \u2022 Fortschrittliche Stahltechnologie und industrielle Schmiedeprozesse f\u00fcr maximale Haltbarkeit \u2022 Chemisch gesch\u00e4rft Der Wide Gape Extreme Haken wird f\u00fcr extreme Umgebungen und das Angeln in Wildgew\u00e4ssern empfohlen. Seine verst\u00e4rkte Struktur h\u00e4lt in allen Bedingungen stand, w\u00e4hrend [&hellip;]<\/p>","protected":false},"featured_media":23653,"comment_status":"open","ping_status":"closed","template":"","meta":[],"product_brand":[],"product_cat":[98,109,107,106],"product_tag":[38,36,45],"class_list":{"0":"post-23652","1":"product","2":"type-product","3":"status-publish","4":"has-post-thumbnail","6":"product_cat-angelhaken","7":"product_cat-haken","8":"product_cat-sedo-intelligent-fishing-tackle","9":"product_cat-tackle","10":"product_tag-boilie-haken","11":"product_tag-sedo","12":"product_tag-wide-gape-extreme","14":"first","15":"instock","16":"shipping-taxable","17":"purchasable","18":"product-type-simple"},"_links":{"self":[{"href":"https:\/\/b76boilies.com\/en\/wp-json\/wp\/v2\/product\/23652","targetHints":{"allow":["GET"]}}],"collection":[{"href":"https:\/\/b76boilies.com\/en\/wp-json\/wp\/v2\/product"}],"about":[{"href":"https:\/\/b76boilies.com\/en\/wp-json\/wp\/v2\/types\/product"}],"replies":[{"embeddable":true,"href":"https:\/\/b76boilies.com\/en\/wp-json\/wp\/v2\/comments?post=23652"}],"wp:featuredmedia":[{"embeddable":true,"href":"https:\/\/b76boilies.com\/en\/wp-json\/wp\/v2\/media\/23653"}],"wp:attachment":[{"href":"https:\/\/b76boilies.com\/en\/wp-json\/wp\/v2\/media?parent=23652"}],"wp:term":[{"taxonomy":"product_brand","embeddable":true,"href":"https:\/\/b76boilies.com\/en\/wp-json\/wp\/v2\/product_brand?post=23652"},{"taxonomy":"product_cat","embeddable":true,"href":"https:\/\/b76boilies.com\/en\/wp-json\/wp\/v2\/product_cat?post=23652"},{"taxonomy":"product_tag","embeddable":true,"href":"https:\/\/b76boilies.com\/en\/wp-json\/wp\/v2\/product_tag?post=23652"}],"curies":[{"name":"wp","href":"https:\/\/api.w.org\/{rel}","templated":true}]}}