{"id":23781,"date":"2023-04-10T05:27:03","date_gmt":"2023-04-10T05:27:03","guid":{"rendered":"https:\/\/b76boilies.digital-evolutions.at\/?post_type=product&#038;p=23781"},"modified":"2024-01-24T14:41:34","modified_gmt":"2024-01-24T14:41:34","slug":"sedo-quick-lock-swivel-with-ring-size-8","status":"publish","type":"product","link":"https:\/\/b76boilies.com\/en\/product\/sedo-quick-lock-swivel-with-ring-size-8\/","title":{"rendered":"SEDO Quick Lock Swivel with Ring Size 8"},"content":{"rendered":"<p>&#8211; Nicht reflektierende Farbe erm\u00f6glicht schnellen Austausch von Endtackle.<br \/>\n&#8211; Verst\u00e4rkte, hoch belastbare Konstruktion.<br \/>\n&#8211; Nicht reflektierende Oberfl\u00e4che, die am Gew\u00e4sserboden verborgen bleibt.<br \/>\n&#8211; Die sichere Verwendung wird mit Anti-Tangle Sleeves empfohlen.<br \/>\n&#8211; Perfekt kompatibel mit SADO Lead Clips und Running Rig System.<br \/>\n&#8211; In diesen Systemen klemmt der Wirbel im Inneren des Systems ein und l\u00f6st sich nur bei einem Biss, wodurch das Rig frei laufen kann.<br \/>\n&#8211; Kann auch f\u00fcr K\u00f6der am Haken verwendet werden, indem der K\u00f6der mit ihm am Haken befestigt wird, wodurch dem K\u00f6der mehr Bewegungsfreiheit gew\u00e4hrt wird.<br \/>\n&#8211; Glatter Wirbel bietet maximale Sicherheit, reibungslose Drehungen und widersteht extremen Belastungen.<\/p>","protected":false},"excerpt":{"rendered":"<p>&#8211; Nicht reflektierende Farbe erm\u00f6glicht schnellen Austausch von Endtackle. &#8211; Verst\u00e4rkte, hoch belastbare Konstruktion. &#8211; Nicht reflektierende Oberfl\u00e4che, die am Gew\u00e4sserboden verborgen bleibt. &#8211; Die sichere Verwendung wird mit Anti-Tangle Sleeves empfohlen. &#8211; Perfekt kompatibel mit SADO Lead Clips und Running Rig System. &#8211; In diesen Systemen klemmt der Wirbel im Inneren des Systems ein [&hellip;]<\/p>","protected":false},"featured_media":23782,"comment_status":"open","ping_status":"closed","template":"","meta":[],"product_brand":[],"product_cat":[97,107,93,106,113,100],"product_tag":[53,54,36],"class_list":{"0":"post-23781","1":"product","2":"type-product","3":"status-publish","4":"has-post-thumbnail","6":"product_cat-kleinteile","7":"product_cat-sedo-intelligent-fishing-tackle","8":"product_cat-sonstiges","9":"product_cat-tackle","10":"product_cat-wirbel","11":"product_cat-zubehoer","12":"product_tag-karabiner","13":"product_tag-quick-lock-swivel","14":"product_tag-sedo","16":"first","17":"instock","18":"shipping-taxable","19":"purchasable","20":"product-type-simple"},"_links":{"self":[{"href":"https:\/\/b76boilies.com\/en\/wp-json\/wp\/v2\/product\/23781","targetHints":{"allow":["GET"]}}],"collection":[{"href":"https:\/\/b76boilies.com\/en\/wp-json\/wp\/v2\/product"}],"about":[{"href":"https:\/\/b76boilies.com\/en\/wp-json\/wp\/v2\/types\/product"}],"replies":[{"embeddable":true,"href":"https:\/\/b76boilies.com\/en\/wp-json\/wp\/v2\/comments?post=23781"}],"wp:featuredmedia":[{"embeddable":true,"href":"https:\/\/b76boilies.com\/en\/wp-json\/wp\/v2\/media\/23782"}],"wp:attachment":[{"href":"https:\/\/b76boilies.com\/en\/wp-json\/wp\/v2\/media?parent=23781"}],"wp:term":[{"taxonomy":"product_brand","embeddable":true,"href":"https:\/\/b76boilies.com\/en\/wp-json\/wp\/v2\/product_brand?post=23781"},{"taxonomy":"product_cat","embeddable":true,"href":"https:\/\/b76boilies.com\/en\/wp-json\/wp\/v2\/product_cat?post=23781"},{"taxonomy":"product_tag","embeddable":true,"href":"https:\/\/b76boilies.com\/en\/wp-json\/wp\/v2\/product_tag?post=23781"}],"curies":[{"name":"wp","href":"https:\/\/api.w.org\/{rel}","templated":true}]}}