{"id":23784,"date":"2023-04-10T05:27:03","date_gmt":"2023-04-10T05:27:03","guid":{"rendered":"https:\/\/b76boilies.digital-evolutions.at\/?post_type=product&#038;p=23784"},"modified":"2024-01-24T18:24:27","modified_gmt":"2024-01-24T18:24:27","slug":"sedo-rig-ring-black-2mm","status":"publish","type":"product","link":"https:\/\/b76boilies.com\/en\/product\/sedo-rig-ring-black-2mm\/","title":{"rendered":"SEDO Rig Ring Black 2mm"},"content":{"rendered":"<p>&#8211; Nicht reflektierende Farbe.<br \/>\n&#8211; F\u00fcr Rigs und K\u00f6der geeignet.<br \/>\n&#8211; Verst\u00e4rkter, hoch belastbarer Aufbau.<br \/>\n&#8211; Nicht reflektierende Farbe.<br \/>\n&#8211; F\u00fcr Rigs und K\u00f6der geeignet.<br \/>\n&#8211; Verst\u00e4rkter, hoch belastbarer Aufbau.<\/p>","protected":false},"excerpt":{"rendered":"<p>&#8211; Nicht reflektierende Farbe. &#8211; F\u00fcr Rigs und K\u00f6der geeignet. &#8211; Verst\u00e4rkter, hoch belastbarer Aufbau. &#8211; Nicht reflektierende Farbe. &#8211; F\u00fcr Rigs und K\u00f6der geeignet. &#8211; Verst\u00e4rkter, hoch belastbarer Aufbau.<\/p>","protected":false},"featured_media":23785,"comment_status":"open","ping_status":"closed","template":"","meta":[],"product_brand":[],"product_cat":[97,107,93,106,100],"product_tag":[56,55,36],"class_list":{"0":"post-23784","1":"product","2":"type-product","3":"status-publish","4":"has-post-thumbnail","6":"product_cat-kleinteile","7":"product_cat-sedo-intelligent-fishing-tackle","8":"product_cat-sonstiges","9":"product_cat-tackle","10":"product_cat-zubehoer","11":"product_tag-rig-ring","12":"product_tag-rig-rings","13":"product_tag-sedo","15":"first","16":"instock","17":"shipping-taxable","18":"purchasable","19":"product-type-simple"},"_links":{"self":[{"href":"https:\/\/b76boilies.com\/en\/wp-json\/wp\/v2\/product\/23784","targetHints":{"allow":["GET"]}}],"collection":[{"href":"https:\/\/b76boilies.com\/en\/wp-json\/wp\/v2\/product"}],"about":[{"href":"https:\/\/b76boilies.com\/en\/wp-json\/wp\/v2\/types\/product"}],"replies":[{"embeddable":true,"href":"https:\/\/b76boilies.com\/en\/wp-json\/wp\/v2\/comments?post=23784"}],"wp:featuredmedia":[{"embeddable":true,"href":"https:\/\/b76boilies.com\/en\/wp-json\/wp\/v2\/media\/23785"}],"wp:attachment":[{"href":"https:\/\/b76boilies.com\/en\/wp-json\/wp\/v2\/media?parent=23784"}],"wp:term":[{"taxonomy":"product_brand","embeddable":true,"href":"https:\/\/b76boilies.com\/en\/wp-json\/wp\/v2\/product_brand?post=23784"},{"taxonomy":"product_cat","embeddable":true,"href":"https:\/\/b76boilies.com\/en\/wp-json\/wp\/v2\/product_cat?post=23784"},{"taxonomy":"product_tag","embeddable":true,"href":"https:\/\/b76boilies.com\/en\/wp-json\/wp\/v2\/product_tag?post=23784"}],"curies":[{"name":"wp","href":"https:\/\/api.w.org\/{rel}","templated":true}]}}