{"id":23793,"date":"2023-04-10T05:27:04","date_gmt":"2023-04-10T05:27:04","guid":{"rendered":"https:\/\/b76boilies.digital-evolutions.at\/?post_type=product&#038;p=23793"},"modified":"2024-01-24T14:40:49","modified_gmt":"2024-01-24T14:40:49","slug":"sedo-rolling-swivel-long-barrel-size-8","status":"publish","type":"product","link":"https:\/\/b76boilies.com\/en\/product\/sedo-rolling-swivel-long-barrel-size-8\/","title":{"rendered":"SEDO Rolling Swivel Long Barrel Size 8"},"content":{"rendered":"<p>&#8211; Nicht reflektierende Farbe<br \/>\n&#8211; Erm\u00f6glicht den schnellen Austausch von Endger\u00e4ten<br \/>\n&#8211; Verst\u00e4rkter, hochbelastbarer Aufbau<\/p>\n<p>Vollst\u00e4ndig getarnte dunkle Oberfl\u00e4che, die auf dem Gew\u00e4sserboden verborgen bleibt. Perfekt kompatibel mit dem SADO Lead Clips und dem Running Rig System. In diesen Systemen klemmt der Wirbel im Inneren des Systems fest und l\u00f6st sich nur bei einem Biss aus, wodurch unser Montagesystem freilaufend wird. Es kann auch f\u00fcr K\u00f6der am Haken verwendet werden, indem der K\u00f6der damit am Haken befestigt wird und der gro\u00dfe Metallring dem K\u00f6der mehr Bewegungsfreiheit verleiht. Die glatte Oberfl\u00e4che des Wirbels bietet maximale Sicherheit und erm\u00f6glicht reibungslose Drehungen sowie Widerstand gegen extreme Belastungen.<\/p>","protected":false},"excerpt":{"rendered":"<p>&#8211; Nicht reflektierende Farbe &#8211; Erm\u00f6glicht den schnellen Austausch von Endger\u00e4ten &#8211; Verst\u00e4rkter, hochbelastbarer Aufbau Vollst\u00e4ndig getarnte dunkle Oberfl\u00e4che, die auf dem Gew\u00e4sserboden verborgen bleibt. Perfekt kompatibel mit dem SADO Lead Clips und dem Running Rig System. In diesen Systemen klemmt der Wirbel im Inneren des Systems fest und l\u00f6st sich nur bei einem Biss [&hellip;]<\/p>","protected":false},"featured_media":23794,"comment_status":"open","ping_status":"closed","template":"","meta":[],"product_brand":[],"product_cat":[97,107,93,106,113,100],"product_tag":[57,58,36],"class_list":{"0":"post-23793","1":"product","2":"type-product","3":"status-publish","4":"has-post-thumbnail","6":"product_cat-kleinteile","7":"product_cat-sedo-intelligent-fishing-tackle","8":"product_cat-sonstiges","9":"product_cat-tackle","10":"product_cat-wirbel","11":"product_cat-zubehoer","12":"product_tag-long-barell","13":"product_tag-rolling-swivel","14":"product_tag-sedo","16":"first","17":"instock","18":"shipping-taxable","19":"purchasable","20":"product-type-simple"},"_links":{"self":[{"href":"https:\/\/b76boilies.com\/en\/wp-json\/wp\/v2\/product\/23793","targetHints":{"allow":["GET"]}}],"collection":[{"href":"https:\/\/b76boilies.com\/en\/wp-json\/wp\/v2\/product"}],"about":[{"href":"https:\/\/b76boilies.com\/en\/wp-json\/wp\/v2\/types\/product"}],"replies":[{"embeddable":true,"href":"https:\/\/b76boilies.com\/en\/wp-json\/wp\/v2\/comments?post=23793"}],"wp:featuredmedia":[{"embeddable":true,"href":"https:\/\/b76boilies.com\/en\/wp-json\/wp\/v2\/media\/23794"}],"wp:attachment":[{"href":"https:\/\/b76boilies.com\/en\/wp-json\/wp\/v2\/media?parent=23793"}],"wp:term":[{"taxonomy":"product_brand","embeddable":true,"href":"https:\/\/b76boilies.com\/en\/wp-json\/wp\/v2\/product_brand?post=23793"},{"taxonomy":"product_cat","embeddable":true,"href":"https:\/\/b76boilies.com\/en\/wp-json\/wp\/v2\/product_cat?post=23793"},{"taxonomy":"product_tag","embeddable":true,"href":"https:\/\/b76boilies.com\/en\/wp-json\/wp\/v2\/product_tag?post=23793"}],"curies":[{"name":"wp","href":"https:\/\/api.w.org\/{rel}","templated":true}]}}