{"id":23799,"date":"2023-04-10T05:27:04","date_gmt":"2023-04-10T05:27:04","guid":{"rendered":"https:\/\/b76boilies.digital-evolutions.at\/?post_type=product&#038;p=23799"},"modified":"2024-01-24T18:29:18","modified_gmt":"2024-01-24T18:29:18","slug":"sedo-tear-drop-rig-ring-black-4-5mm","status":"publish","type":"product","link":"https:\/\/b76boilies.com\/en\/product\/sedo-tear-drop-rig-ring-black-4-5mm\/","title":{"rendered":"SEDO Tear Drop Rig Ring Black 4.5mm"},"content":{"rendered":"<p>&#8211; Nicht reflektierende Farbe<br \/>\n&#8211; F\u00fcr Montagen und K\u00f6der<br \/>\n&#8211; Verst\u00e4rkte, hochbelastbare Konstruktion<br \/>\n&#8211; Teflonbeschichtung au\u00dfen<\/p>\n<p>Ein ovaler Dreiecksring mit einer Gr\u00f6\u00dfe von 4,5 mm. Sein extra starkes Material ist mit einem matten dunkelgrauen, glanzfreien \u00dcberzug versehen. Es bietet perfekte Tarnung f\u00fcr unsere Endmontage. Es ist ein wesentliches Element und Zubeh\u00f6r f\u00fcr viele Endmontagen, wie zum Beispiel: D-Rig, Chod Rig, Line Aligner Rig, Bow Back Rig und Anti Eject. Es gibt noch viele andere Anwendungen daf\u00fcr.<\/p>","protected":false},"excerpt":{"rendered":"<p>&#8211; Nicht reflektierende Farbe &#8211; F\u00fcr Montagen und K\u00f6der &#8211; Verst\u00e4rkte, hochbelastbare Konstruktion &#8211; Teflonbeschichtung au\u00dfen Ein ovaler Dreiecksring mit einer Gr\u00f6\u00dfe von 4,5 mm. Sein extra starkes Material ist mit einem matten dunkelgrauen, glanzfreien \u00dcberzug versehen. Es bietet perfekte Tarnung f\u00fcr unsere Endmontage. Es ist ein wesentliches Element und Zubeh\u00f6r f\u00fcr viele Endmontagen, wie [&hellip;]<\/p>","protected":false},"featured_media":23800,"comment_status":"open","ping_status":"closed","template":"","meta":[],"product_brand":[],"product_cat":[97,107,93,106,100],"product_tag":[60,56,36],"class_list":{"0":"post-23799","1":"product","2":"type-product","3":"status-publish","4":"has-post-thumbnail","6":"product_cat-kleinteile","7":"product_cat-sedo-intelligent-fishing-tackle","8":"product_cat-sonstiges","9":"product_cat-tackle","10":"product_cat-zubehoer","11":"product_tag-koederpraesentation","12":"product_tag-rig-ring","13":"product_tag-sedo","15":"first","16":"instock","17":"shipping-taxable","18":"purchasable","19":"product-type-simple"},"_links":{"self":[{"href":"https:\/\/b76boilies.com\/en\/wp-json\/wp\/v2\/product\/23799","targetHints":{"allow":["GET"]}}],"collection":[{"href":"https:\/\/b76boilies.com\/en\/wp-json\/wp\/v2\/product"}],"about":[{"href":"https:\/\/b76boilies.com\/en\/wp-json\/wp\/v2\/types\/product"}],"replies":[{"embeddable":true,"href":"https:\/\/b76boilies.com\/en\/wp-json\/wp\/v2\/comments?post=23799"}],"wp:featuredmedia":[{"embeddable":true,"href":"https:\/\/b76boilies.com\/en\/wp-json\/wp\/v2\/media\/23800"}],"wp:attachment":[{"href":"https:\/\/b76boilies.com\/en\/wp-json\/wp\/v2\/media?parent=23799"}],"wp:term":[{"taxonomy":"product_brand","embeddable":true,"href":"https:\/\/b76boilies.com\/en\/wp-json\/wp\/v2\/product_brand?post=23799"},{"taxonomy":"product_cat","embeddable":true,"href":"https:\/\/b76boilies.com\/en\/wp-json\/wp\/v2\/product_cat?post=23799"},{"taxonomy":"product_tag","embeddable":true,"href":"https:\/\/b76boilies.com\/en\/wp-json\/wp\/v2\/product_tag?post=23799"}],"curies":[{"name":"wp","href":"https:\/\/api.w.org\/{rel}","templated":true}]}}