{"id":23916,"date":"2023-04-10T05:27:34","date_gmt":"2023-04-10T05:27:34","guid":{"rendered":"https:\/\/b76boilies.digital-evolutions.at\/?post_type=product&#038;p=23916"},"modified":"2024-01-24T18:16:50","modified_gmt":"2024-01-24T18:16:50","slug":"sedo-anti-tangle-sleeve-long","status":"publish","type":"product","link":"https:\/\/b76boilies.com\/en\/product\/sedo-anti-tangle-sleeve-long\/","title":{"rendered":"SEDO Anti-Tangle Sleeve Long"},"content":{"rendered":"<p>&#8211; Robustes Gummi-Material<br \/>\n&#8211; Extra lange Lebensdauer; wiederverwendbar<br \/>\n&#8211; Stabiler Halt<\/p>\n<p>Die Verwendung dieses Wirbel-Sicherungselements auf unserem Wirbel verhindert, dass sich unsere Hauptschnur um das Haarvorfach wickelt. Es kann mit einem Rolling Swivel Long Barrel oder sogar einem Quick Lock Swivel Long Barrel verwendet werden. Es ist unerl\u00e4sslich f\u00fcr jede Karpfenangelmethode, sei es beim Einholen oder beim Weitwurfangeln. Nach dem Absinken des Endger\u00e4ts auf den Gew\u00e4sserboden bringt es das Haarvorfach in die richtige Position, was bei einem Biss entscheidend f\u00fcr den richtigen Anhieb ist. Es wird f\u00fcr jede Vorfachschnur empfohlen, sei es geflochten oder Fluorocarbon.<\/p>","protected":false},"excerpt":{"rendered":"<p>&#8211; Robustes Gummi-Material &#8211; Extra lange Lebensdauer; wiederverwendbar &#8211; Stabiler Halt Die Verwendung dieses Wirbel-Sicherungselements auf unserem Wirbel verhindert, dass sich unsere Hauptschnur um das Haarvorfach wickelt. Es kann mit einem Rolling Swivel Long Barrel oder sogar einem Quick Lock Swivel Long Barrel verwendet werden. Es ist unerl\u00e4sslich f\u00fcr jede Karpfenangelmethode, sei es beim Einholen [&hellip;]<\/p>","protected":false},"featured_media":23917,"comment_status":"open","ping_status":"closed","template":"","meta":[],"product_brand":[],"product_cat":[97,107,93,106,100],"product_tag":[61,36],"class_list":{"0":"post-23916","1":"product","2":"type-product","3":"status-publish","4":"has-post-thumbnail","6":"product_cat-kleinteile","7":"product_cat-sedo-intelligent-fishing-tackle","8":"product_cat-sonstiges","9":"product_cat-tackle","10":"product_cat-zubehoer","11":"product_tag-anti-tangle-sleeve","12":"product_tag-sedo","14":"first","15":"instock","16":"shipping-taxable","17":"purchasable","18":"product-type-simple"},"_links":{"self":[{"href":"https:\/\/b76boilies.com\/en\/wp-json\/wp\/v2\/product\/23916","targetHints":{"allow":["GET"]}}],"collection":[{"href":"https:\/\/b76boilies.com\/en\/wp-json\/wp\/v2\/product"}],"about":[{"href":"https:\/\/b76boilies.com\/en\/wp-json\/wp\/v2\/types\/product"}],"replies":[{"embeddable":true,"href":"https:\/\/b76boilies.com\/en\/wp-json\/wp\/v2\/comments?post=23916"}],"wp:featuredmedia":[{"embeddable":true,"href":"https:\/\/b76boilies.com\/en\/wp-json\/wp\/v2\/media\/23917"}],"wp:attachment":[{"href":"https:\/\/b76boilies.com\/en\/wp-json\/wp\/v2\/media?parent=23916"}],"wp:term":[{"taxonomy":"product_brand","embeddable":true,"href":"https:\/\/b76boilies.com\/en\/wp-json\/wp\/v2\/product_brand?post=23916"},{"taxonomy":"product_cat","embeddable":true,"href":"https:\/\/b76boilies.com\/en\/wp-json\/wp\/v2\/product_cat?post=23916"},{"taxonomy":"product_tag","embeddable":true,"href":"https:\/\/b76boilies.com\/en\/wp-json\/wp\/v2\/product_tag?post=23916"}],"curies":[{"name":"wp","href":"https:\/\/api.w.org\/{rel}","templated":true}]}}