{"id":23936,"date":"2023-04-10T05:27:35","date_gmt":"2023-04-10T05:27:35","guid":{"rendered":"https:\/\/b76boilies.digital-evolutions.at\/?post_type=product&#038;p=23936"},"modified":"2024-01-24T18:04:20","modified_gmt":"2024-01-24T18:04:20","slug":"sedo-free-run-rig","status":"publish","type":"product","link":"https:\/\/b76boilies.com\/en\/product\/sedo-free-run-rig\/","title":{"rendered":"SEDO Free-Run Rig"},"content":{"rendered":"<p>&#8211; Kompatibel mit Gr\u00f6\u00dfe 8 Rolling Swivels<br \/>\n&#8211; Robustes Gummi-Material<br \/>\n&#8211; Extra lange Lebensdauer; wiederverwendbar<\/p>\n<p>Dieses Endger\u00e4tsystem ist f\u00fcr extreme Umgebungen empfohlen, wo es nicht sicher ist, ob wir den Fisch an die Wasseroberfl\u00e4che ziehen k\u00f6nnen, speziell entwickelt f\u00fcr Karpfen, die zwischen Unterwasserb\u00e4umen und Wasserpflanzen fl\u00fcchten. Die Essenz des Endger\u00e4tsystems besteht darin, dass bei einem Biss der Kunststoffring sofort aus dem Run Clip springt, der Fisch wird sofort frei laufen, und das Bleigewicht sinkt auf null Kontakt. Das System enth\u00e4lt einen Free Run Clip, einen Free Run Ring und einen Speed \u200b\u200bLinks Schnellverbinder.<\/p>","protected":false},"excerpt":{"rendered":"<p>&#8211; Kompatibel mit Gr\u00f6\u00dfe 8 Rolling Swivels &#8211; Robustes Gummi-Material &#8211; Extra lange Lebensdauer; wiederverwendbar Dieses Endger\u00e4tsystem ist f\u00fcr extreme Umgebungen empfohlen, wo es nicht sicher ist, ob wir den Fisch an die Wasseroberfl\u00e4che ziehen k\u00f6nnen, speziell entwickelt f\u00fcr Karpfen, die zwischen Unterwasserb\u00e4umen und Wasserpflanzen fl\u00fcchten. Die Essenz des Endger\u00e4tsystems besteht darin, dass bei einem [&hellip;]<\/p>","protected":false},"featured_media":23937,"comment_status":"open","ping_status":"closed","template":"","meta":[],"product_brand":[],"product_cat":[97,107,93,106,100],"product_tag":[68,36],"class_list":{"0":"post-23936","1":"product","2":"type-product","3":"status-publish","4":"has-post-thumbnail","6":"product_cat-kleinteile","7":"product_cat-sedo-intelligent-fishing-tackle","8":"product_cat-sonstiges","9":"product_cat-tackle","10":"product_cat-zubehoer","11":"product_tag-feedern","12":"product_tag-sedo","14":"first","15":"instock","16":"shipping-taxable","17":"purchasable","18":"product-type-simple"},"_links":{"self":[{"href":"https:\/\/b76boilies.com\/en\/wp-json\/wp\/v2\/product\/23936","targetHints":{"allow":["GET"]}}],"collection":[{"href":"https:\/\/b76boilies.com\/en\/wp-json\/wp\/v2\/product"}],"about":[{"href":"https:\/\/b76boilies.com\/en\/wp-json\/wp\/v2\/types\/product"}],"replies":[{"embeddable":true,"href":"https:\/\/b76boilies.com\/en\/wp-json\/wp\/v2\/comments?post=23936"}],"wp:featuredmedia":[{"embeddable":true,"href":"https:\/\/b76boilies.com\/en\/wp-json\/wp\/v2\/media\/23937"}],"wp:attachment":[{"href":"https:\/\/b76boilies.com\/en\/wp-json\/wp\/v2\/media?parent=23936"}],"wp:term":[{"taxonomy":"product_brand","embeddable":true,"href":"https:\/\/b76boilies.com\/en\/wp-json\/wp\/v2\/product_brand?post=23936"},{"taxonomy":"product_cat","embeddable":true,"href":"https:\/\/b76boilies.com\/en\/wp-json\/wp\/v2\/product_cat?post=23936"},{"taxonomy":"product_tag","embeddable":true,"href":"https:\/\/b76boilies.com\/en\/wp-json\/wp\/v2\/product_tag?post=23936"}],"curies":[{"name":"wp","href":"https:\/\/api.w.org\/{rel}","templated":true}]}}