{"id":23945,"date":"2023-04-10T05:27:35","date_gmt":"2023-04-10T05:27:35","guid":{"rendered":"https:\/\/b76boilies.digital-evolutions.at\/?post_type=product&#038;p=23945"},"modified":"2024-01-24T17:35:04","modified_gmt":"2024-01-24T17:35:04","slug":"sedo-line-aligner-black-long","status":"publish","type":"product","link":"https:\/\/b76boilies.com\/en\/product\/sedo-line-aligner-black-long\/","title":{"rendered":"SEDO Line Aligner Black Long"},"content":{"rendered":"<p>&#8211; Kompatibel mit allen Haken<br \/>\n&#8211; Robustes Gummi-Material<br \/>\n&#8211; Perfekte Hakenrotation<br \/>\n&#8211; Extra lange Lebensdauer; wiederverwendbar<\/p>\n<p>Der Line Aligner ist ein unverzichtbares Element f\u00fcr die perfekte Montage und das erfolgreiche Verhaken. Seine Rolle besteht darin, den Haken im Mund des Fisches so schnell wie m\u00f6glich in die richtige Position f\u00fcr das Verhaken zu bringen. Mit ihm k\u00f6nnen wir schnelle und stabile Verhakungen erreichen. Er ist mit allen Haken kompatibel, und seine dunkle Farbe hilft dabei, unsere Endmontage am Gew\u00e4sserboden verborgen zu halten. Aufgrund seines robusten Materials kann er auch nach Abnutzung des Hakens und Unrettbarkeit des Rigs weiterverwendet werden. Wir empfehlen seine Verwendung f\u00fcr liegende, Schneemann- und Popup-K\u00f6dermethoden.<\/p>","protected":false},"excerpt":{"rendered":"<p>&#8211; Kompatibel mit allen Haken &#8211; Robustes Gummi-Material &#8211; Perfekte Hakenrotation &#8211; Extra lange Lebensdauer; wiederverwendbar Der Line Aligner ist ein unverzichtbares Element f\u00fcr die perfekte Montage und das erfolgreiche Verhaken. Seine Rolle besteht darin, den Haken im Mund des Fisches so schnell wie m\u00f6glich in die richtige Position f\u00fcr das Verhaken zu bringen. Mit [&hellip;]<\/p>","protected":false},"featured_media":23946,"comment_status":"open","ping_status":"closed","template":"","meta":[],"product_brand":[],"product_cat":[97,107,93,106,100],"product_tag":[70,74,73,36],"class_list":{"0":"post-23945","1":"product","2":"type-product","3":"status-publish","4":"has-post-thumbnail","6":"product_cat-kleinteile","7":"product_cat-sedo-intelligent-fishing-tackle","8":"product_cat-sonstiges","9":"product_cat-tackle","10":"product_cat-zubehoer","11":"product_tag-line-aligner","12":"product_tag-long","13":"product_tag-schwarz","14":"product_tag-sedo","16":"first","17":"instock","18":"shipping-taxable","19":"purchasable","20":"product-type-simple"},"_links":{"self":[{"href":"https:\/\/b76boilies.com\/en\/wp-json\/wp\/v2\/product\/23945","targetHints":{"allow":["GET"]}}],"collection":[{"href":"https:\/\/b76boilies.com\/en\/wp-json\/wp\/v2\/product"}],"about":[{"href":"https:\/\/b76boilies.com\/en\/wp-json\/wp\/v2\/types\/product"}],"replies":[{"embeddable":true,"href":"https:\/\/b76boilies.com\/en\/wp-json\/wp\/v2\/comments?post=23945"}],"wp:featuredmedia":[{"embeddable":true,"href":"https:\/\/b76boilies.com\/en\/wp-json\/wp\/v2\/media\/23946"}],"wp:attachment":[{"href":"https:\/\/b76boilies.com\/en\/wp-json\/wp\/v2\/media?parent=23945"}],"wp:term":[{"taxonomy":"product_brand","embeddable":true,"href":"https:\/\/b76boilies.com\/en\/wp-json\/wp\/v2\/product_brand?post=23945"},{"taxonomy":"product_cat","embeddable":true,"href":"https:\/\/b76boilies.com\/en\/wp-json\/wp\/v2\/product_cat?post=23945"},{"taxonomy":"product_tag","embeddable":true,"href":"https:\/\/b76boilies.com\/en\/wp-json\/wp\/v2\/product_tag?post=23945"}],"curies":[{"name":"wp","href":"https:\/\/api.w.org\/{rel}","templated":true}]}}