{"id":23959,"date":"2023-04-10T05:27:35","date_gmt":"2023-04-10T05:27:35","guid":{"rendered":"https:\/\/b76boilies.digital-evolutions.at\/?post_type=product&#038;p=23959"},"modified":"2024-01-24T17:37:05","modified_gmt":"2024-01-24T17:37:05","slug":"sedo-krank-barbless-szakall-nelkuli-4","status":"publish","type":"product","link":"https:\/\/b76boilies.com\/en\/product\/sedo-krank-barbless-szakall-nelkuli-4\/","title":{"rendered":"SEDO Krank Barbless Szak\u00e1ll n\u00e9lk\u00fcli # 4"},"content":{"rendered":"<p>&#8211; Nicht reflektierende Farbe f\u00fcr unsichtbare Tarnung unter Wasser.<br \/>\n&#8211; Erm\u00f6glicht schnellen K\u00f6derwechsel.<br \/>\n&#8211; Robuste Konstruktion mit hoher Tragf\u00e4higkeit.<br \/>\n&#8211; Nicht reflektierende Oberfl\u00e4che f\u00fcr unsichtbare Tarnung am Gew\u00e4sserboden.<br \/>\n&#8211; Auch als &#8222;Cheat Needle&#8220; f\u00fcr Boilie-Montagen bekannt.<br \/>\n&#8211; Erm\u00f6glicht schnelles und sicheres Aufziehen und Befestigen von K\u00f6dern am Haken.<br \/>\n&#8211; Geeignet f\u00fcr Boilies, Pop-ups, Maisk\u00f6rner oder andere Plastikk\u00f6derimitationen.<br \/>\n&#8211; Die im Metallring eingebettete Haken erm\u00f6glicht nat\u00fcrliche Bewegungen des K\u00f6ders auf der Montage.<br \/>\n&#8211; Einfache Anwendung: F\u00e4deln Sie den gew\u00fcnschten K\u00f6der auf und schrauben Sie ihn ein.<br \/>\n&#8211; Verwenden Sie einen Ring Rig Stopper, um den Hakenbogen zu sichern und den K\u00f6der am Platz zu halten.<\/p>","protected":false},"excerpt":{"rendered":"<p>&#8211; Nicht reflektierende Farbe f\u00fcr unsichtbare Tarnung unter Wasser. &#8211; Erm\u00f6glicht schnellen K\u00f6derwechsel. &#8211; Robuste Konstruktion mit hoher Tragf\u00e4higkeit. &#8211; Nicht reflektierende Oberfl\u00e4che f\u00fcr unsichtbare Tarnung am Gew\u00e4sserboden. &#8211; Auch als &#8222;Cheat Needle&#8220; f\u00fcr Boilie-Montagen bekannt. &#8211; Erm\u00f6glicht schnelles und sicheres Aufziehen und Befestigen von K\u00f6dern am Haken. &#8211; Geeignet f\u00fcr Boilies, Pop-ups, Maisk\u00f6rner oder [&hellip;]<\/p>","protected":false},"featured_media":23960,"comment_status":"open","ping_status":"closed","template":"","meta":[],"product_brand":[],"product_cat":[99,109,107,106],"product_tag":[],"class_list":{"0":"post-23959","1":"product","2":"type-product","3":"status-publish","4":"has-post-thumbnail","6":"product_cat-hakenohnewiederhaken","7":"product_cat-haken","8":"product_cat-sedo-intelligent-fishing-tackle","9":"product_cat-tackle","11":"first","12":"instock","13":"shipping-taxable","14":"purchasable","15":"product-type-simple"},"_links":{"self":[{"href":"https:\/\/b76boilies.com\/en\/wp-json\/wp\/v2\/product\/23959","targetHints":{"allow":["GET"]}}],"collection":[{"href":"https:\/\/b76boilies.com\/en\/wp-json\/wp\/v2\/product"}],"about":[{"href":"https:\/\/b76boilies.com\/en\/wp-json\/wp\/v2\/types\/product"}],"replies":[{"embeddable":true,"href":"https:\/\/b76boilies.com\/en\/wp-json\/wp\/v2\/comments?post=23959"}],"wp:featuredmedia":[{"embeddable":true,"href":"https:\/\/b76boilies.com\/en\/wp-json\/wp\/v2\/media\/23960"}],"wp:attachment":[{"href":"https:\/\/b76boilies.com\/en\/wp-json\/wp\/v2\/media?parent=23959"}],"wp:term":[{"taxonomy":"product_brand","embeddable":true,"href":"https:\/\/b76boilies.com\/en\/wp-json\/wp\/v2\/product_brand?post=23959"},{"taxonomy":"product_cat","embeddable":true,"href":"https:\/\/b76boilies.com\/en\/wp-json\/wp\/v2\/product_cat?post=23959"},{"taxonomy":"product_tag","embeddable":true,"href":"https:\/\/b76boilies.com\/en\/wp-json\/wp\/v2\/product_tag?post=23959"}],"curies":[{"name":"wp","href":"https:\/\/api.w.org\/{rel}","templated":true}]}}