{"id":24075,"date":"2023-04-10T05:28:15","date_gmt":"2023-04-10T05:28:15","guid":{"rendered":"https:\/\/b76boilies.digital-evolutions.at\/?post_type=product&#038;p=24075"},"modified":"2024-01-24T17:32:01","modified_gmt":"2024-01-24T17:32:01","slug":"sedo-tilted-barbless-szakall-nelkuli-10","status":"publish","type":"product","link":"https:\/\/b76boilies.com\/en\/product\/sedo-tilted-barbless-szakall-nelkuli-10\/","title":{"rendered":"SEDO Tilted Barbless Szak\u00e1ll n\u00e9lk\u00fcli # 10"},"content":{"rendered":"<p>Diese Hakenart muss niemandem vorgestellt werden. Sie ist ein unverzichtbares Werkzeug f\u00fcr Angler, die schwebende K\u00f6der verwenden. Der Haken kann f\u00fcr D-Rigs, Zig Rigs, Pop-ups oder sogar Schneem\u00e4nner verwendet werden. Der Krank-Haken zeichnet sich durch seinen kurzen Schaft und sein riesiges \u00d6hr aus, wodurch auch mit kleineren Haken eine gute Verankerung m\u00f6glich ist. Der Haken wurde so konzipiert, dass er sich im unteren Maul des Fisches verhakt und den Fisch nach dem Anhaken w\u00e4hrend des Drills sicher h\u00e4lt. Die Form des Hakens gew\u00e4hrleistet eine perfekte Verankerung. Der k\u00f6rperlose Krank-Haken tr\u00e4gt zum Schutz der Fische bei und verursacht w\u00e4hrend des Drills kleinere, schonendere Verletzungen im Maul des Fisches.<\/p>","protected":false},"excerpt":{"rendered":"<p>Diese Hakenart muss niemandem vorgestellt werden. Sie ist ein unverzichtbares Werkzeug f\u00fcr Angler, die schwebende K\u00f6der verwenden. Der Haken kann f\u00fcr D-Rigs, Zig Rigs, Pop-ups oder sogar Schneem\u00e4nner verwendet werden. Der Krank-Haken zeichnet sich durch seinen kurzen Schaft und sein riesiges \u00d6hr aus, wodurch auch mit kleineren Haken eine gute Verankerung m\u00f6glich ist. Der Haken [&hellip;]<\/p>","protected":false},"featured_media":23968,"comment_status":"open","ping_status":"closed","template":"","meta":[],"product_brand":[],"product_cat":[99,109,107,106],"product_tag":[],"class_list":{"0":"post-24075","1":"product","2":"type-product","3":"status-publish","4":"has-post-thumbnail","6":"product_cat-hakenohnewiederhaken","7":"product_cat-haken","8":"product_cat-sedo-intelligent-fishing-tackle","9":"product_cat-tackle","11":"first","12":"instock","13":"shipping-taxable","14":"purchasable","15":"product-type-simple"},"_links":{"self":[{"href":"https:\/\/b76boilies.com\/en\/wp-json\/wp\/v2\/product\/24075","targetHints":{"allow":["GET"]}}],"collection":[{"href":"https:\/\/b76boilies.com\/en\/wp-json\/wp\/v2\/product"}],"about":[{"href":"https:\/\/b76boilies.com\/en\/wp-json\/wp\/v2\/types\/product"}],"replies":[{"embeddable":true,"href":"https:\/\/b76boilies.com\/en\/wp-json\/wp\/v2\/comments?post=24075"}],"wp:featuredmedia":[{"embeddable":true,"href":"https:\/\/b76boilies.com\/en\/wp-json\/wp\/v2\/media\/23968"}],"wp:attachment":[{"href":"https:\/\/b76boilies.com\/en\/wp-json\/wp\/v2\/media?parent=24075"}],"wp:term":[{"taxonomy":"product_brand","embeddable":true,"href":"https:\/\/b76boilies.com\/en\/wp-json\/wp\/v2\/product_brand?post=24075"},{"taxonomy":"product_cat","embeddable":true,"href":"https:\/\/b76boilies.com\/en\/wp-json\/wp\/v2\/product_cat?post=24075"},{"taxonomy":"product_tag","embeddable":true,"href":"https:\/\/b76boilies.com\/en\/wp-json\/wp\/v2\/product_tag?post=24075"}],"curies":[{"name":"wp","href":"https:\/\/api.w.org\/{rel}","templated":true}]}}