{"id":24096,"date":"2023-04-10T05:28:16","date_gmt":"2023-04-10T05:28:16","guid":{"rendered":"https:\/\/b76boilies.digital-evolutions.at\/?post_type=product&#038;p=24096"},"modified":"2024-01-24T14:44:17","modified_gmt":"2024-01-24T14:44:17","slug":"sedo-krank-chod-10","status":"publish","type":"product","link":"https:\/\/b76boilies.com\/en\/product\/sedo-krank-chod-10\/","title":{"rendered":"SEDO Krank CHOD # 10"},"content":{"rendered":"<p>Die Effizienz des SEDO Krank CHOD-Hakens ist im Bereich schwebender K\u00f6der unbestritten. Dieser Haken wurde speziell f\u00fcr das Karpfenangeln \u00fcber dem Gew\u00e4sserboden, insbesondere in stark bewachsenen Gew\u00e4ssern, entwickelt. In England ist das CHOD Rig derzeit die beliebteste Methode f\u00fcr das K\u00f6derangebot. Das nach au\u00dfen gebogene \u00d6hr hilft dabei, die steife Vorfach in der richtigen Position zu halten, damit der Haken bei der ersten Saugbewegung des Fisches den K\u00f6der nicht ausspucken kann. Geeignete K\u00f6dertypen sind Pop-ups, Kunstk\u00f6der und verschiedene tauchbare Schaumstoffe. Aufgrund seiner au\u00dfergew\u00f6hnlichen Hakenform und Hakeigenschaften wird der SEDO Krank CHOD auch f\u00fcr das Method Feeder Angeln empfohlen.<\/p>","protected":false},"excerpt":{"rendered":"<p>Die Effizienz des SEDO Krank CHOD-Hakens ist im Bereich schwebender K\u00f6der unbestritten. Dieser Haken wurde speziell f\u00fcr das Karpfenangeln \u00fcber dem Gew\u00e4sserboden, insbesondere in stark bewachsenen Gew\u00e4ssern, entwickelt. In England ist das CHOD Rig derzeit die beliebteste Methode f\u00fcr das K\u00f6derangebot. Das nach au\u00dfen gebogene \u00d6hr hilft dabei, die steife Vorfach in der richtigen Position [&hellip;]<\/p>","protected":false},"featured_media":24091,"comment_status":"open","ping_status":"closed","template":"","meta":[],"product_brand":[],"product_cat":[98,109,107,106],"product_tag":[],"class_list":{"0":"post-24096","1":"product","2":"type-product","3":"status-publish","4":"has-post-thumbnail","6":"product_cat-angelhaken","7":"product_cat-haken","8":"product_cat-sedo-intelligent-fishing-tackle","9":"product_cat-tackle","11":"first","12":"instock","13":"shipping-taxable","14":"purchasable","15":"product-type-simple"},"_links":{"self":[{"href":"https:\/\/b76boilies.com\/en\/wp-json\/wp\/v2\/product\/24096","targetHints":{"allow":["GET"]}}],"collection":[{"href":"https:\/\/b76boilies.com\/en\/wp-json\/wp\/v2\/product"}],"about":[{"href":"https:\/\/b76boilies.com\/en\/wp-json\/wp\/v2\/types\/product"}],"replies":[{"embeddable":true,"href":"https:\/\/b76boilies.com\/en\/wp-json\/wp\/v2\/comments?post=24096"}],"wp:featuredmedia":[{"embeddable":true,"href":"https:\/\/b76boilies.com\/en\/wp-json\/wp\/v2\/media\/24091"}],"wp:attachment":[{"href":"https:\/\/b76boilies.com\/en\/wp-json\/wp\/v2\/media?parent=24096"}],"wp:term":[{"taxonomy":"product_brand","embeddable":true,"href":"https:\/\/b76boilies.com\/en\/wp-json\/wp\/v2\/product_brand?post=24096"},{"taxonomy":"product_cat","embeddable":true,"href":"https:\/\/b76boilies.com\/en\/wp-json\/wp\/v2\/product_cat?post=24096"},{"taxonomy":"product_tag","embeddable":true,"href":"https:\/\/b76boilies.com\/en\/wp-json\/wp\/v2\/product_tag?post=24096"}],"curies":[{"name":"wp","href":"https:\/\/api.w.org\/{rel}","templated":true}]}}