{"id":24111,"date":"2023-04-10T05:28:16","date_gmt":"2023-04-10T05:28:16","guid":{"rendered":"https:\/\/b76boilies.digital-evolutions.at\/?post_type=product&#038;p=24111"},"modified":"2024-01-24T14:40:26","modified_gmt":"2024-01-24T14:40:26","slug":"sedo-micro-swivel-with-ring","status":"publish","type":"product","link":"https:\/\/b76boilies.com\/en\/product\/sedo-micro-swivel-with-ring\/","title":{"rendered":"SEDO Micro Swivel with ring"},"content":{"rendered":"<p>Vollst\u00e4ndig getarnte dunkle Oberfl\u00e4che, die am Gew\u00e4sserboden verborgen bleibt. Ihre Konstruktion beeintr\u00e4chtigt die nat\u00fcrliche Bewegung des K\u00f6ders nicht, sei es durch Rotation oder einfach durch das Schweben des K\u00f6ders. Aufgrund ihres geringen Gewichts beeintr\u00e4chtigt sie nicht die Auftriebskraft von Pop-ups. Sie kann sicher f\u00fcr CHOD-Rigs, BlowBack-Rigs, Ronnie-Rigs und viele andere verwendet werden; die Anwendungsm\u00f6glichkeiten sind endlos. Ein unverzichtbares Element f\u00fcr modernes Karpfenangeln und K\u00f6dern.<\/p>","protected":false},"excerpt":{"rendered":"<p>Vollst\u00e4ndig getarnte dunkle Oberfl\u00e4che, die am Gew\u00e4sserboden verborgen bleibt. Ihre Konstruktion beeintr\u00e4chtigt die nat\u00fcrliche Bewegung des K\u00f6ders nicht, sei es durch Rotation oder einfach durch das Schweben des K\u00f6ders. Aufgrund ihres geringen Gewichts beeintr\u00e4chtigt sie nicht die Auftriebskraft von Pop-ups. Sie kann sicher f\u00fcr CHOD-Rigs, BlowBack-Rigs, Ronnie-Rigs und viele andere verwendet werden; die Anwendungsm\u00f6glichkeiten sind [&hellip;]<\/p>","protected":false},"featured_media":24112,"comment_status":"open","ping_status":"closed","template":"","meta":[],"product_brand":[],"product_cat":[97,107,93,106,113,100],"product_tag":[],"class_list":{"0":"post-24111","1":"product","2":"type-product","3":"status-publish","4":"has-post-thumbnail","6":"product_cat-kleinteile","7":"product_cat-sedo-intelligent-fishing-tackle","8":"product_cat-sonstiges","9":"product_cat-tackle","10":"product_cat-wirbel","11":"product_cat-zubehoer","13":"first","14":"instock","15":"shipping-taxable","16":"purchasable","17":"product-type-simple"},"_links":{"self":[{"href":"https:\/\/b76boilies.com\/en\/wp-json\/wp\/v2\/product\/24111","targetHints":{"allow":["GET"]}}],"collection":[{"href":"https:\/\/b76boilies.com\/en\/wp-json\/wp\/v2\/product"}],"about":[{"href":"https:\/\/b76boilies.com\/en\/wp-json\/wp\/v2\/types\/product"}],"replies":[{"embeddable":true,"href":"https:\/\/b76boilies.com\/en\/wp-json\/wp\/v2\/comments?post=24111"}],"wp:featuredmedia":[{"embeddable":true,"href":"https:\/\/b76boilies.com\/en\/wp-json\/wp\/v2\/media\/24112"}],"wp:attachment":[{"href":"https:\/\/b76boilies.com\/en\/wp-json\/wp\/v2\/media?parent=24111"}],"wp:term":[{"taxonomy":"product_brand","embeddable":true,"href":"https:\/\/b76boilies.com\/en\/wp-json\/wp\/v2\/product_brand?post=24111"},{"taxonomy":"product_cat","embeddable":true,"href":"https:\/\/b76boilies.com\/en\/wp-json\/wp\/v2\/product_cat?post=24111"},{"taxonomy":"product_tag","embeddable":true,"href":"https:\/\/b76boilies.com\/en\/wp-json\/wp\/v2\/product_tag?post=24111"}],"curies":[{"name":"wp","href":"https:\/\/api.w.org\/{rel}","templated":true}]}}