{"id":24120,"date":"2023-04-10T05:28:16","date_gmt":"2023-04-10T05:28:16","guid":{"rendered":"https:\/\/b76boilies.digital-evolutions.at\/?post_type=product&#038;p=24120"},"modified":"2024-01-24T18:01:19","modified_gmt":"2024-01-24T18:01:19","slug":"sedo-boilie-mini-fluoro-hair-stops-orange","status":"publish","type":"product","link":"https:\/\/b76boilies.com\/en\/product\/sedo-boilie-mini-fluoro-hair-stops-orange\/","title":{"rendered":"SEDO Boilie Mini Fluoro Hair Stops &#8211; Orange"},"content":{"rendered":"<p>Boilie-Stopper werden am Ende unserer Haarvorf\u00e4cher verwendet, um den K\u00f6der zu sichern. Sie sind in drei Versionen erh\u00e4ltlich: zwei lebendigen Farben in Pink und Orange sowie einer unsichtbaren Farbe. Mit ihnen k\u00f6nnen wir jeden K\u00f6dertyp sichern, sei es Boilies, Pellets, Pop-ups, Samen oder Kunstk\u00f6der. In einer Packung befinden sich 2 Platten und 200 Stopper. Die Stopper sind speziell in kleinen Gr\u00f6\u00dfen hergestellt, daher k\u00f6nnen sie f\u00fcr jede Art von kleinen K\u00f6dern verwendet werden.<\/p>","protected":false},"excerpt":{"rendered":"<p>Boilie-Stopper werden am Ende unserer Haarvorf\u00e4cher verwendet, um den K\u00f6der zu sichern. Sie sind in drei Versionen erh\u00e4ltlich: zwei lebendigen Farben in Pink und Orange sowie einer unsichtbaren Farbe. Mit ihnen k\u00f6nnen wir jeden K\u00f6dertyp sichern, sei es Boilies, Pellets, Pop-ups, Samen oder Kunstk\u00f6der. In einer Packung befinden sich 2 Platten und 200 Stopper. Die [&hellip;]<\/p>","protected":false},"featured_media":24121,"comment_status":"open","ping_status":"closed","template":"","meta":[],"product_brand":[],"product_cat":[97,107,93,106,100],"product_tag":[],"class_list":{"0":"post-24120","1":"product","2":"type-product","3":"status-publish","4":"has-post-thumbnail","6":"product_cat-kleinteile","7":"product_cat-sedo-intelligent-fishing-tackle","8":"product_cat-sonstiges","9":"product_cat-tackle","10":"product_cat-zubehoer","12":"first","13":"instock","14":"shipping-taxable","15":"purchasable","16":"product-type-simple"},"_links":{"self":[{"href":"https:\/\/b76boilies.com\/en\/wp-json\/wp\/v2\/product\/24120","targetHints":{"allow":["GET"]}}],"collection":[{"href":"https:\/\/b76boilies.com\/en\/wp-json\/wp\/v2\/product"}],"about":[{"href":"https:\/\/b76boilies.com\/en\/wp-json\/wp\/v2\/types\/product"}],"replies":[{"embeddable":true,"href":"https:\/\/b76boilies.com\/en\/wp-json\/wp\/v2\/comments?post=24120"}],"wp:featuredmedia":[{"embeddable":true,"href":"https:\/\/b76boilies.com\/en\/wp-json\/wp\/v2\/media\/24121"}],"wp:attachment":[{"href":"https:\/\/b76boilies.com\/en\/wp-json\/wp\/v2\/media?parent=24120"}],"wp:term":[{"taxonomy":"product_brand","embeddable":true,"href":"https:\/\/b76boilies.com\/en\/wp-json\/wp\/v2\/product_brand?post=24120"},{"taxonomy":"product_cat","embeddable":true,"href":"https:\/\/b76boilies.com\/en\/wp-json\/wp\/v2\/product_cat?post=24120"},{"taxonomy":"product_tag","embeddable":true,"href":"https:\/\/b76boilies.com\/en\/wp-json\/wp\/v2\/product_tag?post=24120"}],"curies":[{"name":"wp","href":"https:\/\/api.w.org\/{rel}","templated":true}]}}