{"id":24213,"date":"2023-04-10T05:28:51","date_gmt":"2023-04-10T05:28:51","guid":{"rendered":"https:\/\/b76boilies.digital-evolutions.at\/?post_type=product&#038;p=24213"},"modified":"2024-01-24T17:59:38","modified_gmt":"2024-01-24T17:59:38","slug":"sedo-bait-invisible-stops","status":"publish","type":"product","link":"https:\/\/b76boilies.com\/en\/product\/sedo-bait-invisible-stops\/","title":{"rendered":"SEDO Bait Invisible Stops"},"content":{"rendered":"<p>Diese Stopper wurden entwickelt, um nach dem Aufh\u00e4ngen den Bewegungsbereich Ihres K\u00f6ders, der am Wirbel, Wirbelkarabiner oder Ring befestigt ist, auf dem Haken\u00f6hr und -schenkel zu regulieren. Da sie farblos und transparent sind, sind sie am Haken vollst\u00e4ndig unsichtbar. Stecken Sie den Hakenspitzen in das in der Mitte geformte Loch und ziehen Sie dann langsam den Stopper auf das Haken\u00f6hr oder den Hakenschenkel. Das Gummi h\u00e4lt stabil am Haken, es rei\u00dft nicht und springt nicht ab. Es kann f\u00fcr viele Rigs verwendet werden und ist ein wichtiger Bestandteil f\u00fcr den perfekten Anhieb und die richtige Positionierung des K\u00f6ders.<\/p>","protected":false},"excerpt":{"rendered":"<p>Diese Stopper wurden entwickelt, um nach dem Aufh\u00e4ngen den Bewegungsbereich Ihres K\u00f6ders, der am Wirbel, Wirbelkarabiner oder Ring befestigt ist, auf dem Haken\u00f6hr und -schenkel zu regulieren. Da sie farblos und transparent sind, sind sie am Haken vollst\u00e4ndig unsichtbar. Stecken Sie den Hakenspitzen in das in der Mitte geformte Loch und ziehen Sie dann langsam [&hellip;]<\/p>","protected":false},"featured_media":24214,"comment_status":"open","ping_status":"closed","template":"","meta":[],"product_brand":[],"product_cat":[97,107,93,106,100],"product_tag":[],"class_list":{"0":"post-24213","1":"product","2":"type-product","3":"status-publish","4":"has-post-thumbnail","6":"product_cat-kleinteile","7":"product_cat-sedo-intelligent-fishing-tackle","8":"product_cat-sonstiges","9":"product_cat-tackle","10":"product_cat-zubehoer","12":"first","13":"instock","14":"shipping-taxable","15":"purchasable","16":"product-type-simple"},"_links":{"self":[{"href":"https:\/\/b76boilies.com\/en\/wp-json\/wp\/v2\/product\/24213","targetHints":{"allow":["GET"]}}],"collection":[{"href":"https:\/\/b76boilies.com\/en\/wp-json\/wp\/v2\/product"}],"about":[{"href":"https:\/\/b76boilies.com\/en\/wp-json\/wp\/v2\/types\/product"}],"replies":[{"embeddable":true,"href":"https:\/\/b76boilies.com\/en\/wp-json\/wp\/v2\/comments?post=24213"}],"wp:featuredmedia":[{"embeddable":true,"href":"https:\/\/b76boilies.com\/en\/wp-json\/wp\/v2\/media\/24214"}],"wp:attachment":[{"href":"https:\/\/b76boilies.com\/en\/wp-json\/wp\/v2\/media?parent=24213"}],"wp:term":[{"taxonomy":"product_brand","embeddable":true,"href":"https:\/\/b76boilies.com\/en\/wp-json\/wp\/v2\/product_brand?post=24213"},{"taxonomy":"product_cat","embeddable":true,"href":"https:\/\/b76boilies.com\/en\/wp-json\/wp\/v2\/product_cat?post=24213"},{"taxonomy":"product_tag","embeddable":true,"href":"https:\/\/b76boilies.com\/en\/wp-json\/wp\/v2\/product_tag?post=24213"}],"curies":[{"name":"wp","href":"https:\/\/api.w.org\/{rel}","templated":true}]}}