{"id":24216,"date":"2023-04-10T05:28:51","date_gmt":"2023-04-10T05:28:51","guid":{"rendered":"https:\/\/b76boilies.digital-evolutions.at\/?post_type=product&#038;p=24216"},"modified":"2024-01-24T17:59:58","modified_gmt":"2024-01-24T17:59:58","slug":"sedo-boilie-inox-fast-drill-needle","status":"publish","type":"product","link":"https:\/\/b76boilies.com\/en\/product\/sedo-boilie-inox-fast-drill-needle\/","title":{"rendered":"SEDO Boilie Inox Fast Drill Needle"},"content":{"rendered":"<p>Das Material des Bohrers besteht aus rostfreiem Stahl, daher besteht keine Gefahr von Korrosion. Mit ihm k\u00f6nnen wir jeden K\u00f6der bohren, sei es extra hart oder butterweich, alles kann ohne Rissbildung gebohrt werden. Die Boilie Inox Fast Drill Needle ist klein und kompakt. Die speziell gesch\u00e4rfte Bohrspitze kommt mit Materialien jeder H\u00e4rte zurecht und beh\u00e4lt ihre Sch\u00e4rfe lange bei.<\/p>","protected":false},"excerpt":{"rendered":"<p>Das Material des Bohrers besteht aus rostfreiem Stahl, daher besteht keine Gefahr von Korrosion. Mit ihm k\u00f6nnen wir jeden K\u00f6der bohren, sei es extra hart oder butterweich, alles kann ohne Rissbildung gebohrt werden. Die Boilie Inox Fast Drill Needle ist klein und kompakt. Die speziell gesch\u00e4rfte Bohrspitze kommt mit Materialien jeder H\u00e4rte zurecht und beh\u00e4lt [&hellip;]<\/p>","protected":false},"featured_media":24217,"comment_status":"open","ping_status":"closed","template":"","meta":[],"product_brand":[],"product_cat":[97,107,93,106,100],"product_tag":[],"class_list":{"0":"post-24216","1":"product","2":"type-product","3":"status-publish","4":"has-post-thumbnail","6":"product_cat-kleinteile","7":"product_cat-sedo-intelligent-fishing-tackle","8":"product_cat-sonstiges","9":"product_cat-tackle","10":"product_cat-zubehoer","12":"first","13":"instock","14":"shipping-taxable","15":"purchasable","16":"product-type-simple"},"_links":{"self":[{"href":"https:\/\/b76boilies.com\/en\/wp-json\/wp\/v2\/product\/24216","targetHints":{"allow":["GET"]}}],"collection":[{"href":"https:\/\/b76boilies.com\/en\/wp-json\/wp\/v2\/product"}],"about":[{"href":"https:\/\/b76boilies.com\/en\/wp-json\/wp\/v2\/types\/product"}],"replies":[{"embeddable":true,"href":"https:\/\/b76boilies.com\/en\/wp-json\/wp\/v2\/comments?post=24216"}],"wp:featuredmedia":[{"embeddable":true,"href":"https:\/\/b76boilies.com\/en\/wp-json\/wp\/v2\/media\/24217"}],"wp:attachment":[{"href":"https:\/\/b76boilies.com\/en\/wp-json\/wp\/v2\/media?parent=24216"}],"wp:term":[{"taxonomy":"product_brand","embeddable":true,"href":"https:\/\/b76boilies.com\/en\/wp-json\/wp\/v2\/product_brand?post=24216"},{"taxonomy":"product_cat","embeddable":true,"href":"https:\/\/b76boilies.com\/en\/wp-json\/wp\/v2\/product_cat?post=24216"},{"taxonomy":"product_tag","embeddable":true,"href":"https:\/\/b76boilies.com\/en\/wp-json\/wp\/v2\/product_tag?post=24216"}],"curies":[{"name":"wp","href":"https:\/\/api.w.org\/{rel}","templated":true}]}}