{"id":24225,"date":"2023-04-10T05:28:52","date_gmt":"2023-04-10T05:28:52","guid":{"rendered":"https:\/\/b76boilies.digital-evolutions.at\/?post_type=product&#038;p=24225"},"modified":"2024-01-24T14:38:30","modified_gmt":"2024-01-24T14:38:30","slug":"sedo-invisible-baits-screw-with-swivel","status":"publish","type":"product","link":"https:\/\/b76boilies.com\/en\/product\/sedo-invisible-baits-screw-with-swivel\/","title":{"rendered":"SEDO Invisible Baits Screw with Swivel"},"content":{"rendered":"<p>Der Invisible Bait Screw erm\u00f6glicht eine schnelle und sichere Befestigung und Fixierung von K\u00f6dern an unserem Haken oder unserer Haarschlaufe. Sei es Boilie, Pop-up, gro\u00dfe K\u00f6rner, Samen oder jede Art von Kunstk\u00f6dern. Mit dem Invisible Bait Screw k\u00f6nnen verschiedene Pr\u00e4sentationsmethoden angewendet werden. Wir k\u00f6nnen es am Ende unserer Haarschlaufe, f\u00fcr den German Rig, D-Rig oder sogar den Ronnie Rig verwenden. Die konische Schraubenform und das Gewindedesign bieten eine hohe Stabilit\u00e4t und Sicherheit f\u00fcr den angebrachten K\u00f6der. Wir empfehlen es sowohl f\u00fcr das Einholen als auch f\u00fcr das Werfen beim Angeln.<\/p>","protected":false},"excerpt":{"rendered":"<p>Der Invisible Bait Screw erm\u00f6glicht eine schnelle und sichere Befestigung und Fixierung von K\u00f6dern an unserem Haken oder unserer Haarschlaufe. Sei es Boilie, Pop-up, gro\u00dfe K\u00f6rner, Samen oder jede Art von Kunstk\u00f6dern. Mit dem Invisible Bait Screw k\u00f6nnen verschiedene Pr\u00e4sentationsmethoden angewendet werden. Wir k\u00f6nnen es am Ende unserer Haarschlaufe, f\u00fcr den German Rig, D-Rig oder [&hellip;]<\/p>","protected":false},"featured_media":24226,"comment_status":"open","ping_status":"closed","template":"","meta":[],"product_brand":[],"product_cat":[97,107,93,106,113,100],"product_tag":[],"class_list":{"0":"post-24225","1":"product","2":"type-product","3":"status-publish","4":"has-post-thumbnail","6":"product_cat-kleinteile","7":"product_cat-sedo-intelligent-fishing-tackle","8":"product_cat-sonstiges","9":"product_cat-tackle","10":"product_cat-wirbel","11":"product_cat-zubehoer","13":"first","14":"instock","15":"shipping-taxable","16":"purchasable","17":"product-type-simple"},"_links":{"self":[{"href":"https:\/\/b76boilies.com\/en\/wp-json\/wp\/v2\/product\/24225","targetHints":{"allow":["GET"]}}],"collection":[{"href":"https:\/\/b76boilies.com\/en\/wp-json\/wp\/v2\/product"}],"about":[{"href":"https:\/\/b76boilies.com\/en\/wp-json\/wp\/v2\/types\/product"}],"replies":[{"embeddable":true,"href":"https:\/\/b76boilies.com\/en\/wp-json\/wp\/v2\/comments?post=24225"}],"wp:featuredmedia":[{"embeddable":true,"href":"https:\/\/b76boilies.com\/en\/wp-json\/wp\/v2\/media\/24226"}],"wp:attachment":[{"href":"https:\/\/b76boilies.com\/en\/wp-json\/wp\/v2\/media?parent=24225"}],"wp:term":[{"taxonomy":"product_brand","embeddable":true,"href":"https:\/\/b76boilies.com\/en\/wp-json\/wp\/v2\/product_brand?post=24225"},{"taxonomy":"product_cat","embeddable":true,"href":"https:\/\/b76boilies.com\/en\/wp-json\/wp\/v2\/product_cat?post=24225"},{"taxonomy":"product_tag","embeddable":true,"href":"https:\/\/b76boilies.com\/en\/wp-json\/wp\/v2\/product_tag?post=24225"}],"curies":[{"name":"wp","href":"https:\/\/api.w.org\/{rel}","templated":true}]}}