{"id":24240,"date":"2023-04-10T05:28:52","date_gmt":"2023-04-10T05:28:52","guid":{"rendered":"https:\/\/b76boilies.digital-evolutions.at\/?post_type=product&#038;p=24240"},"modified":"2024-01-24T17:56:59","modified_gmt":"2024-01-24T17:56:59","slug":"sedo-elastic-tungsten-putty","status":"publish","type":"product","link":"https:\/\/b76boilies.com\/en\/product\/sedo-elastic-tungsten-putty\/","title":{"rendered":"SEDO Elastic Tungsten Putty"},"content":{"rendered":"<p>Tungsten Putty, oder auch Wolframbleipaste genannt, ist aus der modernen Angelszene nicht mehr wegzudenken. Sie eignet sich ideal f\u00fcr das pr\u00e4zise Ausbalancieren von Rigs und Endger\u00e4ten, oder indem wir unsere Vorfachschnur leicht mit einer Prise Paste umh\u00fcllen, k\u00f6nnen wir sie perfekt abw\u00e4gen. Die Paste l\u00e4sst sich leicht kneten, haftet hervorragend auf Metalloberfl\u00e4chen oder geflochtenen Vorf\u00e4chern, ist wiederverwendbar und kann problemlos von unserem Endger\u00e4t entfernt werden.<\/p>","protected":false},"excerpt":{"rendered":"<p>Tungsten Putty, oder auch Wolframbleipaste genannt, ist aus der modernen Angelszene nicht mehr wegzudenken. Sie eignet sich ideal f\u00fcr das pr\u00e4zise Ausbalancieren von Rigs und Endger\u00e4ten, oder indem wir unsere Vorfachschnur leicht mit einer Prise Paste umh\u00fcllen, k\u00f6nnen wir sie perfekt abw\u00e4gen. Die Paste l\u00e4sst sich leicht kneten, haftet hervorragend auf Metalloberfl\u00e4chen oder geflochtenen Vorf\u00e4chern, [&hellip;]<\/p>","protected":false},"featured_media":24241,"comment_status":"open","ping_status":"closed","template":"","meta":[],"product_brand":[],"product_cat":[114,97,107,106,100],"product_tag":[],"class_list":{"0":"post-24240","1":"product","2":"type-product","3":"status-publish","4":"has-post-thumbnail","6":"product_cat-bleie","7":"product_cat-kleinteile","8":"product_cat-sedo-intelligent-fishing-tackle","9":"product_cat-tackle","10":"product_cat-zubehoer","12":"first","13":"instock","14":"shipping-taxable","15":"purchasable","16":"product-type-simple"},"_links":{"self":[{"href":"https:\/\/b76boilies.com\/en\/wp-json\/wp\/v2\/product\/24240","targetHints":{"allow":["GET"]}}],"collection":[{"href":"https:\/\/b76boilies.com\/en\/wp-json\/wp\/v2\/product"}],"about":[{"href":"https:\/\/b76boilies.com\/en\/wp-json\/wp\/v2\/types\/product"}],"replies":[{"embeddable":true,"href":"https:\/\/b76boilies.com\/en\/wp-json\/wp\/v2\/comments?post=24240"}],"wp:featuredmedia":[{"embeddable":true,"href":"https:\/\/b76boilies.com\/en\/wp-json\/wp\/v2\/media\/24241"}],"wp:attachment":[{"href":"https:\/\/b76boilies.com\/en\/wp-json\/wp\/v2\/media?parent=24240"}],"wp:term":[{"taxonomy":"product_brand","embeddable":true,"href":"https:\/\/b76boilies.com\/en\/wp-json\/wp\/v2\/product_brand?post=24240"},{"taxonomy":"product_cat","embeddable":true,"href":"https:\/\/b76boilies.com\/en\/wp-json\/wp\/v2\/product_cat?post=24240"},{"taxonomy":"product_tag","embeddable":true,"href":"https:\/\/b76boilies.com\/en\/wp-json\/wp\/v2\/product_tag?post=24240"}],"curies":[{"name":"wp","href":"https:\/\/api.w.org\/{rel}","templated":true}]}}