{"id":24279,"date":"2023-04-10T05:28:53","date_gmt":"2023-04-10T05:28:53","guid":{"rendered":"https:\/\/b76boilies.digital-evolutions.at\/?post_type=product&#038;p=24279"},"modified":"2024-01-24T14:08:30","modified_gmt":"2024-01-24T14:08:30","slug":"sedo-power-xcore-leadcore-45lbs","status":"publish","type":"product","link":"https:\/\/b76boilies.com\/en\/product\/sedo-power-xcore-leadcore-45lbs\/","title":{"rendered":"SEDO Power Xcore &#8211; Leadcore 45lbs"},"content":{"rendered":"<p>Der Power Xcore ist eine besonders schwere Bleileitschnur, die nach dem Eintauchen perfekt dem Gew\u00e4sserboden folgt und dabei sehr schnell sinkt. Die verst\u00e4rkte \u00e4u\u00dfere Struktur bietet einen ausgezeichneten Schutz vor \u00e4u\u00dferen Einwirkungen, sei es Stein, Muschel oder ein anderes scharfes Naturobjekt. Sie ist einfach zu handhaben und l\u00e4sst sich leicht mit einer d\u00fcnnen Einf\u00e4delnadel durch die Bleileitschnur ziehen. Auf einer Rolle befinden sich 10 Meter dieses Zugschnurs mit einer Zugfestigkeit von 45 lbs, die eine getarnte Farbe aufweist.<\/p>","protected":false},"excerpt":{"rendered":"<p>Der Power Xcore ist eine besonders schwere Bleileitschnur, die nach dem Eintauchen perfekt dem Gew\u00e4sserboden folgt und dabei sehr schnell sinkt. Die verst\u00e4rkte \u00e4u\u00dfere Struktur bietet einen ausgezeichneten Schutz vor \u00e4u\u00dferen Einwirkungen, sei es Stein, Muschel oder ein anderes scharfes Naturobjekt. Sie ist einfach zu handhaben und l\u00e4sst sich leicht mit einer d\u00fcnnen Einf\u00e4delnadel durch [&hellip;]<\/p>","protected":false},"featured_media":24280,"comment_status":"closed","ping_status":"closed","template":"","meta":[],"product_brand":[],"product_cat":[107,106,110,95],"product_tag":[77],"class_list":{"0":"post-24279","1":"product","2":"type-product","3":"status-publish","4":"has-post-thumbnail","6":"product_cat-sedo-intelligent-fishing-tackle","7":"product_cat-tackle","8":"product_cat-vorfaecher","9":"product_cat-vorfachschnur","10":"product_tag-sedo-power-xcore","12":"first","13":"instock","14":"shipping-taxable","15":"purchasable","16":"product-type-simple"},"_links":{"self":[{"href":"https:\/\/b76boilies.com\/en\/wp-json\/wp\/v2\/product\/24279","targetHints":{"allow":["GET"]}}],"collection":[{"href":"https:\/\/b76boilies.com\/en\/wp-json\/wp\/v2\/product"}],"about":[{"href":"https:\/\/b76boilies.com\/en\/wp-json\/wp\/v2\/types\/product"}],"replies":[{"embeddable":true,"href":"https:\/\/b76boilies.com\/en\/wp-json\/wp\/v2\/comments?post=24279"}],"wp:featuredmedia":[{"embeddable":true,"href":"https:\/\/b76boilies.com\/en\/wp-json\/wp\/v2\/media\/24280"}],"wp:attachment":[{"href":"https:\/\/b76boilies.com\/en\/wp-json\/wp\/v2\/media?parent=24279"}],"wp:term":[{"taxonomy":"product_brand","embeddable":true,"href":"https:\/\/b76boilies.com\/en\/wp-json\/wp\/v2\/product_brand?post=24279"},{"taxonomy":"product_cat","embeddable":true,"href":"https:\/\/b76boilies.com\/en\/wp-json\/wp\/v2\/product_cat?post=24279"},{"taxonomy":"product_tag","embeddable":true,"href":"https:\/\/b76boilies.com\/en\/wp-json\/wp\/v2\/product_tag?post=24279"}],"curies":[{"name":"wp","href":"https:\/\/api.w.org\/{rel}","templated":true}]}}