{"id":24285,"date":"2023-04-10T05:28:53","date_gmt":"2023-04-10T05:28:53","guid":{"rendered":"https:\/\/b76boilies.digital-evolutions.at\/?post_type=product&#038;p=24285"},"modified":"2024-01-24T12:01:51","modified_gmt":"2024-01-24T12:01:51","slug":"sedo-free-run-xcore-carp-system","status":"publish","type":"product","link":"https:\/\/b76boilies.com\/en\/product\/sedo-free-run-xcore-carp-system\/","title":{"rendered":"SEDO Free Run Xcore Carp System"},"content":{"rendered":"<p>Das Set besteht aus SEDO Fishing Produkten und ist ein System, das aus 2 kompletten Free Run Underwater Carp System Endger\u00e4ten zusammengestellt ist. Das Set beinhaltet: vorab mit Lead Core (bleibender Kern) auf beiden Seiten gefertigte 100 cm lange Vorf\u00e4cher, ein SEDO Free Run Rig Set und einen SEDO Quick Lock Swivel mit langem Barrel. Nach dem Auspacken befestigen Sie einfach das Endger\u00e4t an Ihrer Hauptschnur, das bereits mit einem Sicherheitsknoten vormontiert ist. Das Vorfach wird in den Quick Lock Swivel eingehakt und schon k\u00f6nnen Sie mit dem Angeln beginnen. Kein l\u00e4stiges Zur\u00fcckziehen des Lead Core mehr n\u00f6tig. Das System eignet sich sowohl f\u00fcr das Einholen als auch das Werfen der Angel!<\/p>","protected":false},"excerpt":{"rendered":"<p>Das Set besteht aus SEDO Fishing Produkten und ist ein System, das aus 2 kompletten Free Run Underwater Carp System Endger\u00e4ten zusammengestellt ist. Das Set beinhaltet: vorab mit Lead Core (bleibender Kern) auf beiden Seiten gefertigte 100 cm lange Vorf\u00e4cher, ein SEDO Free Run Rig Set und einen SEDO Quick Lock Swivel mit langem Barrel. [&hellip;]<\/p>","protected":false},"featured_media":24286,"comment_status":"closed","ping_status":"closed","template":"","meta":[],"product_brand":[],"product_cat":[107,106,110,96],"product_tag":[],"class_list":{"0":"post-24285","1":"product","2":"type-product","3":"status-publish","4":"has-post-thumbnail","6":"product_cat-sedo-intelligent-fishing-tackle","7":"product_cat-tackle","8":"product_cat-vorfaecher","9":"product_cat-vorgebundenevorfaecher","11":"first","12":"instock","13":"shipping-taxable","14":"purchasable","15":"product-type-simple"},"_links":{"self":[{"href":"https:\/\/b76boilies.com\/en\/wp-json\/wp\/v2\/product\/24285","targetHints":{"allow":["GET"]}}],"collection":[{"href":"https:\/\/b76boilies.com\/en\/wp-json\/wp\/v2\/product"}],"about":[{"href":"https:\/\/b76boilies.com\/en\/wp-json\/wp\/v2\/types\/product"}],"replies":[{"embeddable":true,"href":"https:\/\/b76boilies.com\/en\/wp-json\/wp\/v2\/comments?post=24285"}],"wp:featuredmedia":[{"embeddable":true,"href":"https:\/\/b76boilies.com\/en\/wp-json\/wp\/v2\/media\/24286"}],"wp:attachment":[{"href":"https:\/\/b76boilies.com\/en\/wp-json\/wp\/v2\/media?parent=24285"}],"wp:term":[{"taxonomy":"product_brand","embeddable":true,"href":"https:\/\/b76boilies.com\/en\/wp-json\/wp\/v2\/product_brand?post=24285"},{"taxonomy":"product_cat","embeddable":true,"href":"https:\/\/b76boilies.com\/en\/wp-json\/wp\/v2\/product_cat?post=24285"},{"taxonomy":"product_tag","embeddable":true,"href":"https:\/\/b76boilies.com\/en\/wp-json\/wp\/v2\/product_tag?post=24285"}],"curies":[{"name":"wp","href":"https:\/\/api.w.org\/{rel}","templated":true}]}}