{"id":24288,"date":"2023-04-10T05:28:53","date_gmt":"2023-04-10T05:28:53","guid":{"rendered":"https:\/\/b76boilies.digital-evolutions.at\/?post_type=product&#038;p=24288"},"modified":"2024-01-24T12:02:23","modified_gmt":"2024-01-24T12:02:23","slug":"sedo-naked-power-xcore-carp-system","status":"publish","type":"product","link":"https:\/\/b76boilies.com\/en\/product\/sedo-naked-power-xcore-carp-system\/","title":{"rendered":"SEDO Naked Power Xcore Carp System"},"content":{"rendered":"<p>Das Set enth\u00e4lt: Vorfach mit vorne und hinten verkn\u00fcpftem 100 cm langem Power Xcore Lead Core. Kann nach Belieben mit Lead Clips, als Helikopter-Montage oder sogar im Chod-System verwendet werden. Kein l\u00e4stiges Zur\u00fcckziehen des Lead Core mehr n\u00f6tig. Geeignet sowohl f\u00fcr Einhol- als auch Wurfangeln!<\/p>","protected":false},"excerpt":{"rendered":"<p>Das Set enth\u00e4lt: Vorfach mit vorne und hinten verkn\u00fcpftem 100 cm langem Power Xcore Lead Core. Kann nach Belieben mit Lead Clips, als Helikopter-Montage oder sogar im Chod-System verwendet werden. Kein l\u00e4stiges Zur\u00fcckziehen des Lead Core mehr n\u00f6tig. Geeignet sowohl f\u00fcr Einhol- als auch Wurfangeln!<\/p>","protected":false},"featured_media":24289,"comment_status":"closed","ping_status":"closed","template":"","meta":[],"product_brand":[],"product_cat":[107,106,110,96],"product_tag":[],"class_list":{"0":"post-24288","1":"product","2":"type-product","3":"status-publish","4":"has-post-thumbnail","6":"product_cat-sedo-intelligent-fishing-tackle","7":"product_cat-tackle","8":"product_cat-vorfaecher","9":"product_cat-vorgebundenevorfaecher","11":"first","12":"instock","13":"shipping-taxable","14":"purchasable","15":"product-type-simple"},"_links":{"self":[{"href":"https:\/\/b76boilies.com\/en\/wp-json\/wp\/v2\/product\/24288","targetHints":{"allow":["GET"]}}],"collection":[{"href":"https:\/\/b76boilies.com\/en\/wp-json\/wp\/v2\/product"}],"about":[{"href":"https:\/\/b76boilies.com\/en\/wp-json\/wp\/v2\/types\/product"}],"replies":[{"embeddable":true,"href":"https:\/\/b76boilies.com\/en\/wp-json\/wp\/v2\/comments?post=24288"}],"wp:featuredmedia":[{"embeddable":true,"href":"https:\/\/b76boilies.com\/en\/wp-json\/wp\/v2\/media\/24289"}],"wp:attachment":[{"href":"https:\/\/b76boilies.com\/en\/wp-json\/wp\/v2\/media?parent=24288"}],"wp:term":[{"taxonomy":"product_brand","embeddable":true,"href":"https:\/\/b76boilies.com\/en\/wp-json\/wp\/v2\/product_brand?post=24288"},{"taxonomy":"product_cat","embeddable":true,"href":"https:\/\/b76boilies.com\/en\/wp-json\/wp\/v2\/product_cat?post=24288"},{"taxonomy":"product_tag","embeddable":true,"href":"https:\/\/b76boilies.com\/en\/wp-json\/wp\/v2\/product_tag?post=24288"}],"curies":[{"name":"wp","href":"https:\/\/api.w.org\/{rel}","templated":true}]}}