{"id":24405,"date":"2023-07-22T16:47:01","date_gmt":"2023-07-22T16:47:01","guid":{"rendered":"https:\/\/b76boilies.digital-evolutions.at\/?post_type=product&#038;p=24405"},"modified":"2025-06-30T05:22:30","modified_gmt":"2025-06-30T05:22:30","slug":"b76-robinred-wurze-boilie","status":"publish","type":"product","link":"https:\/\/b76boilies.com\/en\/product\/b76-robinred-wurze-boilie\/","title":{"rendered":"B76 Robinred-W\u00fcrze Boilie &#8211; 20mm"},"content":{"rendered":"<h2>B76 RobinRed-W\u00fcrze Boilie<\/h2>\n<p>besteht aus gemahlenen Kernen, feinen Mehlen, Gew\u00fcrzen und Aromen, was es zu einem Spitzenk\u00f6der f\u00fcr Karpfen macht. Die Boilies haben eine Struktur, die von Karpfen sehr gesch\u00e4tzt wird. Die H\u00e4rte der Boilies ist optimal, wodurch sie nicht so schnell von unerw\u00fcnschten Wei\u00dffischen aufgenommen werden. Trotz der H\u00e4rte der Boilies entfalten sich die Aromen schnell und locken die Karpfen zum Fressen an.<\/p>","protected":false},"excerpt":{"rendered":"<p>Mit RobinRed-Aroma aromatisierte Karpfen-Boilies, mit einem Mindestgewicht von 160 g und einem Durchmesser von 20 mm, gew\u00fcrzt mit Dip oder Natur!<\/p>\n<p>Langsam aufl\u00f6send (4-5 Stunden).<\/p>","protected":false},"featured_media":24406,"comment_status":"closed","ping_status":"closed","template":"","meta":[],"product_brand":[],"product_cat":[94,105],"product_tag":[],"class_list":{"0":"post-24405","1":"product","2":"type-product","3":"status-publish","4":"has-post-thumbnail","6":"product_cat-baitshop","7":"product_cat-boilies","9":"first","10":"instock","11":"shipping-taxable","12":"purchasable","13":"product-type-simple"},"_links":{"self":[{"href":"https:\/\/b76boilies.com\/en\/wp-json\/wp\/v2\/product\/24405","targetHints":{"allow":["GET"]}}],"collection":[{"href":"https:\/\/b76boilies.com\/en\/wp-json\/wp\/v2\/product"}],"about":[{"href":"https:\/\/b76boilies.com\/en\/wp-json\/wp\/v2\/types\/product"}],"replies":[{"embeddable":true,"href":"https:\/\/b76boilies.com\/en\/wp-json\/wp\/v2\/comments?post=24405"}],"wp:featuredmedia":[{"embeddable":true,"href":"https:\/\/b76boilies.com\/en\/wp-json\/wp\/v2\/media\/24406"}],"wp:attachment":[{"href":"https:\/\/b76boilies.com\/en\/wp-json\/wp\/v2\/media?parent=24405"}],"wp:term":[{"taxonomy":"product_brand","embeddable":true,"href":"https:\/\/b76boilies.com\/en\/wp-json\/wp\/v2\/product_brand?post=24405"},{"taxonomy":"product_cat","embeddable":true,"href":"https:\/\/b76boilies.com\/en\/wp-json\/wp\/v2\/product_cat?post=24405"},{"taxonomy":"product_tag","embeddable":true,"href":"https:\/\/b76boilies.com\/en\/wp-json\/wp\/v2\/product_tag?post=24405"}],"curies":[{"name":"wp","href":"https:\/\/api.w.org\/{rel}","templated":true}]}}