{"id":23589,"date":"2023-04-10T05:26:33","date_gmt":"2023-04-10T05:26:33","guid":{"rendered":"https:\/\/b76boilies.digital-evolutions.at\/?post_type=product&#038;p=23589"},"modified":"2024-01-24T17:48:25","modified_gmt":"2024-01-24T17:48:25","slug":"sedo-curvx-horog-size6","status":"publish","type":"product","link":"https:\/\/b76boilies.com\/hu\/termek\/sedo-curvx-horog-size6\/","title":{"rendered":"SEDO CurvX horog size6"},"content":{"rendered":"<p>&#8211; Mit einer verst\u00e4rkten Teflonstruktur ausgestattet<br \/>\n&#8211; Gerader Hakenpunkt, \u00e4u\u00dferst scharf<br \/>\n&#8211; Ultraleicht<br \/>\n&#8211; Fortschrittliche Stahltechnologie und industrieller Schmiedeprozess f\u00fcr Haltbarkeit<br \/>\n&#8211; Chemisch gesch\u00e4rft<\/p>\n<p>Der CurvX Haken ist das Flaggschiff des Unternehmens. Er erzielt sofortige Hakeffekte, auch ohne Hakenumdreher. Ein gebogener Schaft, ein gerader langer Haken und verst\u00e4rktes Material zeichnen ihn aus. Geeignet f\u00fcr die Herstellung von Rigs wie dem Ronnie Rig oder dem German Rig, aber auch ideal f\u00fcr liegende oder Schneemann-K\u00f6der. Er h\u00e4lt den Fisch hervorragend in Hindernissen, daher empfehlen wir ihn bedenkenlos f\u00fcr alle Gel\u00e4ndebedingungen. Der Black Line Aligner kann dazu beitragen, die Schnelligkeit des Hakeffekts zu verbessern.<\/p>","protected":false},"excerpt":{"rendered":"<p>&#8211; Mit einer verst\u00e4rkten Teflonstruktur ausgestattet &#8211; Gerader Hakenpunkt, \u00e4u\u00dferst scharf &#8211; Ultraleicht &#8211; Fortschrittliche Stahltechnologie und industrieller Schmiedeprozess f\u00fcr Haltbarkeit &#8211; Chemisch gesch\u00e4rft Der CurvX Haken ist das Flaggschiff des Unternehmens. Er erzielt sofortige Hakeffekte, auch ohne Hakenumdreher. Ein gebogener Schaft, ein gerader langer Haken und verst\u00e4rktes Material zeichnen ihn aus. Geeignet f\u00fcr die [&hellip;]<\/p>","protected":false},"featured_media":23590,"comment_status":"open","ping_status":"closed","template":"","meta":[],"product_brand":[],"product_cat":[98,109,107,106],"product_tag":[38,39,35,36,37],"class_list":{"0":"post-23589","1":"product","2":"type-product","3":"status-publish","4":"has-post-thumbnail","6":"product_cat-angelhaken","7":"product_cat-haken","8":"product_cat-sedo-intelligent-fishing-tackle","9":"product_cat-tackle","10":"product_tag-boilie-haken","11":"product_tag-curx","12":"product_tag-haken","13":"product_tag-sedo","14":"product_tag-sedo-haken","16":"first","17":"instock","18":"shipping-taxable","19":"purchasable","20":"product-type-simple"},"_links":{"self":[{"href":"https:\/\/b76boilies.com\/hu\/wp-json\/wp\/v2\/product\/23589","targetHints":{"allow":["GET"]}}],"collection":[{"href":"https:\/\/b76boilies.com\/hu\/wp-json\/wp\/v2\/product"}],"about":[{"href":"https:\/\/b76boilies.com\/hu\/wp-json\/wp\/v2\/types\/product"}],"replies":[{"embeddable":true,"href":"https:\/\/b76boilies.com\/hu\/wp-json\/wp\/v2\/comments?post=23589"}],"wp:featuredmedia":[{"embeddable":true,"href":"https:\/\/b76boilies.com\/hu\/wp-json\/wp\/v2\/media\/23590"}],"wp:attachment":[{"href":"https:\/\/b76boilies.com\/hu\/wp-json\/wp\/v2\/media?parent=23589"}],"wp:term":[{"taxonomy":"product_brand","embeddable":true,"href":"https:\/\/b76boilies.com\/hu\/wp-json\/wp\/v2\/product_brand?post=23589"},{"taxonomy":"product_cat","embeddable":true,"href":"https:\/\/b76boilies.com\/hu\/wp-json\/wp\/v2\/product_cat?post=23589"},{"taxonomy":"product_tag","embeddable":true,"href":"https:\/\/b76boilies.com\/hu\/wp-json\/wp\/v2\/product_tag?post=23589"}],"curies":[{"name":"wp","href":"https:\/\/api.w.org\/{rel}","templated":true}]}}