{"id":23613,"date":"2023-04-10T05:26:34","date_gmt":"2023-04-10T05:26:34","guid":{"rendered":"https:\/\/b76boilies.digital-evolutions.at\/?post_type=product&#038;p=23613"},"modified":"2024-01-24T17:42:34","modified_gmt":"2024-01-24T17:42:34","slug":"sedo-open-water-ls-horog-size4","status":"publish","type":"product","link":"https:\/\/b76boilies.com\/hu\/termek\/sedo-open-water-ls-horog-size4\/","title":{"rendered":"SEDO Open Water LS horog size4"},"content":{"rendered":"<p>\u2022 Verst\u00e4rkte Teflon-Konstruktion<br \/>\n\u2022 Gerader Hakenpunkt, \u00e4u\u00dferst scharf<br \/>\n\u2022 Ultraleicht<br \/>\n\u2022 Fortgeschrittene Stahltechnologie und industrieller Schmiedeprozess f\u00fcr Haltbarkeit<br \/>\n\u2022 Chemisch gesch\u00e4rft<\/p>\n<p>Der Open Water LS ist sozusagen der f\u00e4ngigste Haken, den man auf offenem Wasser verwenden kann. Die Besonderheit des Hakens besteht darin, dass er sowohl auf der konkaven als auch auf der konvexen Oberfl\u00e4che im Mund des Fisches sofort einhakt, was den Haken nahezu unausweichlich macht, wenn wir das Endger\u00e4t mit Open Water LS verwenden. Nach dem Anhaken h\u00e4lt der Haken den Fisch stabil bis zum Ende des Drillens. Mit dem Black Line Aligner l\u00e4sst sich das Endger\u00e4t perfekt einstellen. Er eignet sich sowohl f\u00fcr liegende als auch f\u00fcr schwebende K\u00f6der.<\/p>","protected":false},"excerpt":{"rendered":"<p>\u2022 Verst\u00e4rkte Teflon-Konstruktion \u2022 Gerader Hakenpunkt, \u00e4u\u00dferst scharf \u2022 Ultraleicht \u2022 Fortgeschrittene Stahltechnologie und industrieller Schmiedeprozess f\u00fcr Haltbarkeit \u2022 Chemisch gesch\u00e4rft Der Open Water LS ist sozusagen der f\u00e4ngigste Haken, den man auf offenem Wasser verwenden kann. Die Besonderheit des Hakens besteht darin, dass er sowohl auf der konkaven als auch auf der konvexen Oberfl\u00e4che [&hellip;]<\/p>","protected":false},"featured_media":23614,"comment_status":"open","ping_status":"closed","template":"","meta":[],"product_brand":[],"product_cat":[98,109,107,106],"product_tag":[38,35,41,36],"class_list":{"0":"post-23613","1":"product","2":"type-product","3":"status-publish","4":"has-post-thumbnail","6":"product_cat-angelhaken","7":"product_cat-haken","8":"product_cat-sedo-intelligent-fishing-tackle","9":"product_cat-tackle","10":"product_tag-boilie-haken","11":"product_tag-haken","12":"product_tag-open-water-sedo","13":"product_tag-sedo","15":"first","16":"instock","17":"shipping-taxable","18":"purchasable","19":"product-type-simple"},"_links":{"self":[{"href":"https:\/\/b76boilies.com\/hu\/wp-json\/wp\/v2\/product\/23613","targetHints":{"allow":["GET"]}}],"collection":[{"href":"https:\/\/b76boilies.com\/hu\/wp-json\/wp\/v2\/product"}],"about":[{"href":"https:\/\/b76boilies.com\/hu\/wp-json\/wp\/v2\/types\/product"}],"replies":[{"embeddable":true,"href":"https:\/\/b76boilies.com\/hu\/wp-json\/wp\/v2\/comments?post=23613"}],"wp:featuredmedia":[{"embeddable":true,"href":"https:\/\/b76boilies.com\/hu\/wp-json\/wp\/v2\/media\/23614"}],"wp:attachment":[{"href":"https:\/\/b76boilies.com\/hu\/wp-json\/wp\/v2\/media?parent=23613"}],"wp:term":[{"taxonomy":"product_brand","embeddable":true,"href":"https:\/\/b76boilies.com\/hu\/wp-json\/wp\/v2\/product_brand?post=23613"},{"taxonomy":"product_cat","embeddable":true,"href":"https:\/\/b76boilies.com\/hu\/wp-json\/wp\/v2\/product_cat?post=23613"},{"taxonomy":"product_tag","embeddable":true,"href":"https:\/\/b76boilies.com\/hu\/wp-json\/wp\/v2\/product_tag?post=23613"}],"curies":[{"name":"wp","href":"https:\/\/api.w.org\/{rel}","templated":true}]}}