{"id":23634,"date":"2023-04-10T05:26:34","date_gmt":"2023-04-10T05:26:34","guid":{"rendered":"https:\/\/b76boilies.digital-evolutions.at\/?post_type=product&#038;p=23634"},"modified":"2024-01-18T09:14:07","modified_gmt":"2024-01-18T09:14:07","slug":"sedo-tilted-horog-size10","status":"publish","type":"product","link":"https:\/\/b76boilies.com\/hu\/termek\/sedo-tilted-horog-size10\/","title":{"rendered":"SEDO Tilted horog size10"},"content":{"rendered":"<p>\u2022 Mit verst\u00e4rkter Teflonschicht \u00fcberzogen<br \/>\u2022 Gebogener Haken<br \/>\u2022 Haken\u00f6se um 15 Grad geneigt<br \/>\u2022 Ultraleicht<br \/>\u2022 Fortschrittliche Stahltechnologie und industrieller Schmiedeprozess f\u00fcr Langlebigkeit<br \/>\u2022 Chemisch gesch\u00e4rft<\/p>\n<p>Der geneigte Haken ist eine Mischung aus zwei beliebten Hakentypen: dem Wide Gape und dem Anti Snag Haken. Der geneigte Haken hat einen Neigungswinkel von 15 Grad am Hakenschenkel, wodurch der Hakenbogen und der Hakenschenkel einen kleineren Winkel bilden als der Hakenbogen. Dadurch erh\u00e4lt der Haken enorme Stabilit\u00e4t beim Einhaken, und die Chance, dass der Haken sich l\u00f6st, wird minimiert. Der geneigte Haken hat eine vielseitige Anwendung. Er funktioniert gut auf offenem Wasser, in stark bewachsenen Bereichen und in extremen Umgebungen. Er eignet sich f\u00fcr jede Art von K\u00f6derpr\u00e4sentation, sei es ein sinkender K\u00f6der, ein Schneemann oder ein Pop-up. In Kombination mit dem Black Line Aligner wird die Montage perfekt.<\/p>","protected":false},"excerpt":{"rendered":"<p>\u2022 Mit verst\u00e4rkter Teflonschicht \u00fcberzogen\u2022 Gebogener Haken\u2022 Haken\u00f6se um 15 Grad geneigt\u2022 Ultraleicht\u2022 Fortschrittliche Stahltechnologie und industrieller Schmiedeprozess f\u00fcr Langlebigkeit\u2022 Chemisch gesch\u00e4rft Der geneigte Haken ist eine Mischung aus zwei beliebten Hakentypen: dem Wide Gape und dem Anti Snag Haken. Der geneigte Haken hat einen Neigungswinkel von 15 Grad am Hakenschenkel, wodurch der Hakenbogen und [&hellip;]<\/p>","protected":false},"featured_media":23635,"comment_status":"open","ping_status":"closed","template":"","meta":[],"product_brand":[],"product_cat":[107,106],"product_tag":[38,36,42],"class_list":{"0":"post-23634","1":"product","2":"type-product","3":"status-publish","4":"has-post-thumbnail","6":"product_cat-sedo-intelligent-fishing-tackle","7":"product_cat-tackle","8":"product_tag-boilie-haken","9":"product_tag-sedo","10":"product_tag-sedo-gebogener-haken","12":"first","13":"instock","14":"shipping-taxable","15":"purchasable","16":"product-type-simple"},"_links":{"self":[{"href":"https:\/\/b76boilies.com\/hu\/wp-json\/wp\/v2\/product\/23634","targetHints":{"allow":["GET"]}}],"collection":[{"href":"https:\/\/b76boilies.com\/hu\/wp-json\/wp\/v2\/product"}],"about":[{"href":"https:\/\/b76boilies.com\/hu\/wp-json\/wp\/v2\/types\/product"}],"replies":[{"embeddable":true,"href":"https:\/\/b76boilies.com\/hu\/wp-json\/wp\/v2\/comments?post=23634"}],"wp:featuredmedia":[{"embeddable":true,"href":"https:\/\/b76boilies.com\/hu\/wp-json\/wp\/v2\/media\/23635"}],"wp:attachment":[{"href":"https:\/\/b76boilies.com\/hu\/wp-json\/wp\/v2\/media?parent=23634"}],"wp:term":[{"taxonomy":"product_brand","embeddable":true,"href":"https:\/\/b76boilies.com\/hu\/wp-json\/wp\/v2\/product_brand?post=23634"},{"taxonomy":"product_cat","embeddable":true,"href":"https:\/\/b76boilies.com\/hu\/wp-json\/wp\/v2\/product_cat?post=23634"},{"taxonomy":"product_tag","embeddable":true,"href":"https:\/\/b76boilies.com\/hu\/wp-json\/wp\/v2\/product_tag?post=23634"}],"curies":[{"name":"wp","href":"https:\/\/api.w.org\/{rel}","templated":true}]}}