{"id":23640,"date":"2023-04-10T05:26:34","date_gmt":"2023-04-10T05:26:34","guid":{"rendered":"https:\/\/b76boilies.digital-evolutions.at\/?post_type=product&#038;p=23640"},"modified":"2024-01-18T08:32:05","modified_gmt":"2024-01-18T08:32:05","slug":"sedo-wide-gape-cl-classic-horog-size4","status":"publish","type":"product","link":"https:\/\/b76boilies.com\/hu\/termek\/sedo-wide-gape-cl-classic-horog-size4\/","title":{"rendered":"SEDO Wide Gape CL Classic horog size4"},"content":{"rendered":"<p>\u2022 Verst\u00e4rkt mit Teflonschicht<br \/>\u2022 Innen gebogener Haken<br \/>\u2022 20-Grad abgewinkeltes Haken\u00f6hr<br \/>\u2022 Ultraleicht<br \/>\u2022 Fortschrittliche Stahltechnologie und industrieller Schmiedeprozess f\u00fcr Haltbarkeit<br \/>\u2022 Chemisch gesch\u00e4rft<br \/>\u2022 Empfohlen f\u00fcr extreme Umgebungen und das Angeln in Wildgew\u00e4ssern<br \/>\u2022 Verst\u00e4rkte Struktur f\u00fcr alle Bedingungen<br \/>\u2022 Perfekt scharfer und haftender Haken<br \/>\u2022 \u00dcberarbeitete Version des beliebten Wide Gape f\u00fcr besseren Biss<br \/>\u2022 U-f\u00f6rmiges Design und umgekehrtes Haken\u00f6hr f\u00fcr schnelle und tiefe Bisse<br \/>\u2022 H\u00e4lt den Fisch sicher w\u00e4hrend des Drillens<br \/>\u2022 Ideal f\u00fcr die Verwendung mit dem KickR Hook Turner f\u00fcr perfekte Rigs<br \/>\u2022 Geeignet f\u00fcr Boilie- und Schneemann-K\u00f6der sowie Rigs<\/p>","protected":false},"excerpt":{"rendered":"<p>\u2022 Verst\u00e4rkt mit Teflonschicht\u2022 Innen gebogener Haken\u2022 20-Grad abgewinkeltes Haken\u00f6hr\u2022 Ultraleicht\u2022 Fortschrittliche Stahltechnologie und industrieller Schmiedeprozess f\u00fcr Haltbarkeit\u2022 Chemisch gesch\u00e4rft\u2022 Empfohlen f\u00fcr extreme Umgebungen und das Angeln in Wildgew\u00e4ssern\u2022 Verst\u00e4rkte Struktur f\u00fcr alle Bedingungen\u2022 Perfekt scharfer und haftender Haken\u2022 \u00dcberarbeitete Version des beliebten Wide Gape f\u00fcr besseren Biss\u2022 U-f\u00f6rmiges Design und umgekehrtes Haken\u00f6hr f\u00fcr schnelle [&hellip;]<\/p>","protected":false},"featured_media":23641,"comment_status":"open","ping_status":"closed","template":"","meta":[],"product_brand":[],"product_cat":[107,106],"product_tag":[43,36,44],"class_list":{"0":"post-23640","1":"product","2":"type-product","3":"status-publish","4":"has-post-thumbnail","6":"product_cat-sedo-intelligent-fishing-tackle","7":"product_cat-tackle","8":"product_tag-boiliehaken","9":"product_tag-sedo","10":"product_tag-sedo-wide-gape-haken","12":"first","13":"instock","14":"shipping-taxable","15":"purchasable","16":"product-type-simple"},"_links":{"self":[{"href":"https:\/\/b76boilies.com\/hu\/wp-json\/wp\/v2\/product\/23640","targetHints":{"allow":["GET"]}}],"collection":[{"href":"https:\/\/b76boilies.com\/hu\/wp-json\/wp\/v2\/product"}],"about":[{"href":"https:\/\/b76boilies.com\/hu\/wp-json\/wp\/v2\/types\/product"}],"replies":[{"embeddable":true,"href":"https:\/\/b76boilies.com\/hu\/wp-json\/wp\/v2\/comments?post=23640"}],"wp:featuredmedia":[{"embeddable":true,"href":"https:\/\/b76boilies.com\/hu\/wp-json\/wp\/v2\/media\/23641"}],"wp:attachment":[{"href":"https:\/\/b76boilies.com\/hu\/wp-json\/wp\/v2\/media?parent=23640"}],"wp:term":[{"taxonomy":"product_brand","embeddable":true,"href":"https:\/\/b76boilies.com\/hu\/wp-json\/wp\/v2\/product_brand?post=23640"},{"taxonomy":"product_cat","embeddable":true,"href":"https:\/\/b76boilies.com\/hu\/wp-json\/wp\/v2\/product_cat?post=23640"},{"taxonomy":"product_tag","embeddable":true,"href":"https:\/\/b76boilies.com\/hu\/wp-json\/wp\/v2\/product_tag?post=23640"}],"curies":[{"name":"wp","href":"https:\/\/api.w.org\/{rel}","templated":true}]}}