{"id":23757,"date":"2023-04-10T05:27:03","date_gmt":"2023-04-10T05:27:03","guid":{"rendered":"https:\/\/b76boilies.digital-evolutions.at\/?post_type=product&#038;p=23757"},"modified":"2024-01-24T17:37:59","modified_gmt":"2024-01-24T17:37:59","slug":"sedo-wide-gape-extreme-horog-size8","status":"publish","type":"product","link":"https:\/\/b76boilies.com\/hu\/termek\/sedo-wide-gape-extreme-horog-size8\/","title":{"rendered":"SEDO Wide Gape Extreme horog size8"},"content":{"rendered":"<p>\u2022 Verst\u00e4rkte Teflon-Struktur<br \/>\n\u2022 Gerade Hakenspitze, extrem scharf<br \/>\n\u2022 Haken\u00f6hr mit 20 Grad Neigung<br \/>\n\u2022 Ultraleicht<br \/>\n\u2022 Fortgeschrittene Stahltechnologie und industrieller Schmiedeprozess f\u00fcr Haltbarkeit<br \/>\n\u2022 Chemisch gesch\u00e4rft<\/p>\n<p>Die Wide Gape Extreme Haken werden f\u00fcr extreme Umgebungen und das Angeln in Wildgew\u00e4ssern empfohlen. Die verst\u00e4rkte Struktur h\u00e4lt unter allen Bedingungen stand, w\u00e4hrend die Hakenspitze perfekt und scharf bleibt! Der Wide Gape ist bei Karpfenanglern praktisch der beliebteste Haken, und diese Variante wurde \u00fcberarbeitet und weiterentwickelt, um ein noch perfekteres Einhaken zu erm\u00f6glichen. Die U-f\u00f6rmige Konstruktion des Hakens und das nach innen gebogene Haken\u00f6hr sorgen f\u00fcr schnelle und tiefe Einhakungen, wodurch der Fisch sicher w\u00e4hrend seines Fluchtversuchs gehalten wird. F\u00fcr den perfekten Rig-Zugang empfehlen wir unseren KickR Hakenformer. Geeignet f\u00fcr Bodenk\u00f6der und Schneem\u00e4nner sowie verschiedene Montagen.<\/p>","protected":false},"excerpt":{"rendered":"<p>\u2022 Verst\u00e4rkte Teflon-Struktur \u2022 Gerade Hakenspitze, extrem scharf \u2022 Haken\u00f6hr mit 20 Grad Neigung \u2022 Ultraleicht \u2022 Fortgeschrittene Stahltechnologie und industrieller Schmiedeprozess f\u00fcr Haltbarkeit \u2022 Chemisch gesch\u00e4rft Die Wide Gape Extreme Haken werden f\u00fcr extreme Umgebungen und das Angeln in Wildgew\u00e4ssern empfohlen. Die verst\u00e4rkte Struktur h\u00e4lt unter allen Bedingungen stand, w\u00e4hrend die Hakenspitze perfekt und [&hellip;]<\/p>","protected":false},"featured_media":23758,"comment_status":"open","ping_status":"closed","template":"","meta":[],"product_brand":[],"product_cat":[98,109,107,106],"product_tag":[38,36,45],"class_list":{"0":"post-23757","1":"product","2":"type-product","3":"status-publish","4":"has-post-thumbnail","6":"product_cat-angelhaken","7":"product_cat-haken","8":"product_cat-sedo-intelligent-fishing-tackle","9":"product_cat-tackle","10":"product_tag-boilie-haken","11":"product_tag-sedo","12":"product_tag-wide-gape-extreme","14":"first","15":"instock","16":"shipping-taxable","17":"purchasable","18":"product-type-simple"},"_links":{"self":[{"href":"https:\/\/b76boilies.com\/hu\/wp-json\/wp\/v2\/product\/23757","targetHints":{"allow":["GET"]}}],"collection":[{"href":"https:\/\/b76boilies.com\/hu\/wp-json\/wp\/v2\/product"}],"about":[{"href":"https:\/\/b76boilies.com\/hu\/wp-json\/wp\/v2\/types\/product"}],"replies":[{"embeddable":true,"href":"https:\/\/b76boilies.com\/hu\/wp-json\/wp\/v2\/comments?post=23757"}],"wp:featuredmedia":[{"embeddable":true,"href":"https:\/\/b76boilies.com\/hu\/wp-json\/wp\/v2\/media\/23758"}],"wp:attachment":[{"href":"https:\/\/b76boilies.com\/hu\/wp-json\/wp\/v2\/media?parent=23757"}],"wp:term":[{"taxonomy":"product_brand","embeddable":true,"href":"https:\/\/b76boilies.com\/hu\/wp-json\/wp\/v2\/product_brand?post=23757"},{"taxonomy":"product_cat","embeddable":true,"href":"https:\/\/b76boilies.com\/hu\/wp-json\/wp\/v2\/product_cat?post=23757"},{"taxonomy":"product_tag","embeddable":true,"href":"https:\/\/b76boilies.com\/hu\/wp-json\/wp\/v2\/product_tag?post=23757"}],"curies":[{"name":"wp","href":"https:\/\/api.w.org\/{rel}","templated":true}]}}