{"id":23760,"date":"2023-04-10T05:27:03","date_gmt":"2023-04-10T05:27:03","guid":{"rendered":"https:\/\/b76boilies.digital-evolutions.at\/?post_type=product&#038;p=23760"},"modified":"2024-01-24T17:38:23","modified_gmt":"2024-01-24T17:38:23","slug":"sedo-wide-gape-extreme-horog-size10","status":"publish","type":"product","link":"https:\/\/b76boilies.com\/hu\/termek\/sedo-wide-gape-extreme-horog-size10\/","title":{"rendered":"SEDO Wide Gape Extreme horog size10"},"content":{"rendered":"<p>\u2022 Mit verst\u00e4rkter Teflon-Struktur<br \/>\n\u2022 Gerade Hakenspitze, extrem scharf<br \/>\n\u2022 Haken\u00f6hr mit 20 Grad Neigung<br \/>\n\u2022 Ultraleicht<br \/>\n\u2022 Fortschrittliche Stahltechnologie und industrielle Schmiedeprozesse f\u00fcr Langlebigkeit<br \/>\n\u2022 Chemisch gesch\u00e4rft<\/p>\n<p>F\u00fcr extreme Umgebungen und Wildwasserangeln empfehlen wir den Wide Gape Extreme Haken. Seine verst\u00e4rkte Struktur bew\u00e4hrt sich unter allen Bedingungen, w\u00e4hrend die Hakenspitze perfekt scharf und klebrig bleibt! Bei Karpfenanglern ist der Wide Gape nahezu der beliebteste Haken, und diesen Typ haben wir \u00fcberarbeitet und weiterentwickelt, um ein perfektes Einhaken zu gew\u00e4hrleisten. Die U-Form des Hakens und das umgekehrte Haken\u00f6hr sorgen f\u00fcr schnelle und tiefe Einhakungen, wodurch der Fisch sicher gehalten wird, selbst w\u00e4hrend des Fluchtversuchs. F\u00fcr die perfekte Montage empfehlen wir unseren KickR Hakenpositionierer. Geeignet f\u00fcr Boden- und Schneemannmontagen sowie verschiedene Rigs.<\/p>","protected":false},"excerpt":{"rendered":"<p>\u2022 Mit verst\u00e4rkter Teflon-Struktur \u2022 Gerade Hakenspitze, extrem scharf \u2022 Haken\u00f6hr mit 20 Grad Neigung \u2022 Ultraleicht \u2022 Fortschrittliche Stahltechnologie und industrielle Schmiedeprozesse f\u00fcr Langlebigkeit \u2022 Chemisch gesch\u00e4rft F\u00fcr extreme Umgebungen und Wildwasserangeln empfehlen wir den Wide Gape Extreme Haken. Seine verst\u00e4rkte Struktur bew\u00e4hrt sich unter allen Bedingungen, w\u00e4hrend die Hakenspitze perfekt scharf und klebrig [&hellip;]<\/p>","protected":false},"featured_media":23761,"comment_status":"open","ping_status":"closed","template":"","meta":[],"product_brand":[],"product_cat":[98,109,107,106],"product_tag":[38,36,45],"class_list":{"0":"post-23760","1":"product","2":"type-product","3":"status-publish","4":"has-post-thumbnail","6":"product_cat-angelhaken","7":"product_cat-haken","8":"product_cat-sedo-intelligent-fishing-tackle","9":"product_cat-tackle","10":"product_tag-boilie-haken","11":"product_tag-sedo","12":"product_tag-wide-gape-extreme","14":"first","15":"instock","16":"shipping-taxable","17":"purchasable","18":"product-type-simple"},"_links":{"self":[{"href":"https:\/\/b76boilies.com\/hu\/wp-json\/wp\/v2\/product\/23760","targetHints":{"allow":["GET"]}}],"collection":[{"href":"https:\/\/b76boilies.com\/hu\/wp-json\/wp\/v2\/product"}],"about":[{"href":"https:\/\/b76boilies.com\/hu\/wp-json\/wp\/v2\/types\/product"}],"replies":[{"embeddable":true,"href":"https:\/\/b76boilies.com\/hu\/wp-json\/wp\/v2\/comments?post=23760"}],"wp:featuredmedia":[{"embeddable":true,"href":"https:\/\/b76boilies.com\/hu\/wp-json\/wp\/v2\/media\/23761"}],"wp:attachment":[{"href":"https:\/\/b76boilies.com\/hu\/wp-json\/wp\/v2\/media?parent=23760"}],"wp:term":[{"taxonomy":"product_brand","embeddable":true,"href":"https:\/\/b76boilies.com\/hu\/wp-json\/wp\/v2\/product_brand?post=23760"},{"taxonomy":"product_cat","embeddable":true,"href":"https:\/\/b76boilies.com\/hu\/wp-json\/wp\/v2\/product_cat?post=23760"},{"taxonomy":"product_tag","embeddable":true,"href":"https:\/\/b76boilies.com\/hu\/wp-json\/wp\/v2\/product_tag?post=23760"}],"curies":[{"name":"wp","href":"https:\/\/api.w.org\/{rel}","templated":true}]}}