{"id":23775,"date":"2023-04-10T05:27:03","date_gmt":"2023-04-10T05:27:03","guid":{"rendered":"https:\/\/b76boilies.digital-evolutions.at\/?post_type=product&#038;p=23775"},"modified":"2024-01-24T19:25:24","modified_gmt":"2024-01-24T19:25:24","slug":"sedo-oval-rig-ring-black-4-5mm","status":"publish","type":"product","link":"https:\/\/b76boilies.com\/hu\/termek\/sedo-oval-rig-ring-black-4-5mm\/","title":{"rendered":"SEDO Oval Rig Ring Black 4.5mm"},"content":{"rendered":"<p style=\"text-align: justify;\">&#8211; Nicht reflektierende Farbe<br \/>\n&#8211; F\u00fcr Endmontagen und K\u00f6der<br \/>\n&#8211; Verst\u00e4rkte, hoch belastbare Konstruktion<br \/>\n&#8211; Mit Teflon beschichtete Oberfl\u00e4che<br \/>\n&#8211; Ovaler Metallring mit einer Gr\u00f6\u00dfe von 4,5 mm<br \/>\n&#8211; Extra robustes Material<br \/>\n&#8211; Matt dunkelgraue, glanzfreie Beschichtung<br \/>\n&#8211; Bietet perfekte Tarnung f\u00fcr die Endmontage<br \/>\n&#8211; Teil vieler Komponenten und Zubeh\u00f6rteile f\u00fcr verschiedene Endmontagen wie D-Rig, Chod Rig, Line Aligner Rig, Bow Back Rig und Anti Eject<br \/>\n&#8211; Vielseitige Verwendungsm\u00f6glichkeiten<\/p>","protected":false},"excerpt":{"rendered":"<p>&#8211; Nicht reflektierende Farbe &#8211; F\u00fcr Endmontagen und K\u00f6der &#8211; Verst\u00e4rkte, hoch belastbare Konstruktion &#8211; Mit Teflon beschichtete Oberfl\u00e4che &#8211; Ovaler Metallring mit einer Gr\u00f6\u00dfe von 4,5 mm &#8211; Extra robustes Material &#8211; Matt dunkelgraue, glanzfreie Beschichtung &#8211; Bietet perfekte Tarnung f\u00fcr die Endmontage &#8211; Teil vieler Komponenten und Zubeh\u00f6rteile f\u00fcr verschiedene Endmontagen wie D-Rig, [&hellip;]<\/p>","protected":false},"featured_media":23776,"comment_status":"open","ping_status":"closed","template":"","meta":[],"product_brand":[],"product_cat":[97,107,93,106,100],"product_tag":[52,55,36],"class_list":{"0":"post-23775","1":"product","2":"type-product","3":"status-publish","4":"has-post-thumbnail","6":"product_cat-kleinteile","7":"product_cat-sedo-intelligent-fishing-tackle","8":"product_cat-sonstiges","9":"product_cat-tackle","10":"product_cat-zubehoer","11":"product_tag-oval-rig-ring","12":"product_tag-rig-rings","13":"product_tag-sedo","15":"first","16":"instock","17":"shipping-taxable","18":"purchasable","19":"product-type-simple"},"_links":{"self":[{"href":"https:\/\/b76boilies.com\/hu\/wp-json\/wp\/v2\/product\/23775","targetHints":{"allow":["GET"]}}],"collection":[{"href":"https:\/\/b76boilies.com\/hu\/wp-json\/wp\/v2\/product"}],"about":[{"href":"https:\/\/b76boilies.com\/hu\/wp-json\/wp\/v2\/types\/product"}],"replies":[{"embeddable":true,"href":"https:\/\/b76boilies.com\/hu\/wp-json\/wp\/v2\/comments?post=23775"}],"wp:featuredmedia":[{"embeddable":true,"href":"https:\/\/b76boilies.com\/hu\/wp-json\/wp\/v2\/media\/23776"}],"wp:attachment":[{"href":"https:\/\/b76boilies.com\/hu\/wp-json\/wp\/v2\/media?parent=23775"}],"wp:term":[{"taxonomy":"product_brand","embeddable":true,"href":"https:\/\/b76boilies.com\/hu\/wp-json\/wp\/v2\/product_brand?post=23775"},{"taxonomy":"product_cat","embeddable":true,"href":"https:\/\/b76boilies.com\/hu\/wp-json\/wp\/v2\/product_cat?post=23775"},{"taxonomy":"product_tag","embeddable":true,"href":"https:\/\/b76boilies.com\/hu\/wp-json\/wp\/v2\/product_tag?post=23775"}],"curies":[{"name":"wp","href":"https:\/\/api.w.org\/{rel}","templated":true}]}}