{"id":23796,"date":"2023-04-10T05:27:04","date_gmt":"2023-04-10T05:27:04","guid":{"rendered":"https:\/\/b76boilies.digital-evolutions.at\/?post_type=product&#038;p=23796"},"modified":"2024-01-24T18:27:49","modified_gmt":"2024-01-24T18:27:49","slug":"sedo-speed-quick-link-size-8","status":"publish","type":"product","link":"https:\/\/b76boilies.com\/hu\/termek\/sedo-speed-quick-link-size-8\/","title":{"rendered":"SEDO Speed Quick Link Size 8"},"content":{"rendered":"<p>&#8211; Nicht reflektierende Farbe<br \/>\n&#8211; Erm\u00f6glicht den schnellen Austausch von Endger\u00e4ten<br \/>\n&#8211; Verst\u00e4rkte, hochbelastbare Konstruktion<\/p>\n<p>Der Speed Quick Link ist die perfekte L\u00f6sung, um w\u00e4hrend des Angelns Endger\u00e4te, Vorf\u00e4cher, Bleie, Marker oder Futterk\u00f6rbe schnell zu entfernen oder auszutauschen. Ohne kompliziertes Binden k\u00f6nnen wir damit alles in einem schnellen Handgriff austauschen. Sein extra starkes Material ist mit einer matten dunkelgrauen, glanzfreien Beschichtung versehen, die perfekte Tarnung f\u00fcr unsere Endmontage bietet.<\/p>","protected":false},"excerpt":{"rendered":"<p>&#8211; Nicht reflektierende Farbe &#8211; Erm\u00f6glicht den schnellen Austausch von Endger\u00e4ten &#8211; Verst\u00e4rkte, hochbelastbare Konstruktion Der Speed Quick Link ist die perfekte L\u00f6sung, um w\u00e4hrend des Angelns Endger\u00e4te, Vorf\u00e4cher, Bleie, Marker oder Futterk\u00f6rbe schnell zu entfernen oder auszutauschen. Ohne kompliziertes Binden k\u00f6nnen wir damit alles in einem schnellen Handgriff austauschen. Sein extra starkes Material ist [&hellip;]<\/p>","protected":false},"featured_media":23797,"comment_status":"open","ping_status":"closed","template":"","meta":[],"product_brand":[],"product_cat":[97,107,93,106,100],"product_tag":[36,59],"class_list":{"0":"post-23796","1":"product","2":"type-product","3":"status-publish","4":"has-post-thumbnail","6":"product_cat-kleinteile","7":"product_cat-sedo-intelligent-fishing-tackle","8":"product_cat-sonstiges","9":"product_cat-tackle","10":"product_cat-zubehoer","11":"product_tag-sedo","12":"product_tag-speed-quick","14":"first","15":"instock","16":"shipping-taxable","17":"purchasable","18":"product-type-simple"},"_links":{"self":[{"href":"https:\/\/b76boilies.com\/hu\/wp-json\/wp\/v2\/product\/23796","targetHints":{"allow":["GET"]}}],"collection":[{"href":"https:\/\/b76boilies.com\/hu\/wp-json\/wp\/v2\/product"}],"about":[{"href":"https:\/\/b76boilies.com\/hu\/wp-json\/wp\/v2\/types\/product"}],"replies":[{"embeddable":true,"href":"https:\/\/b76boilies.com\/hu\/wp-json\/wp\/v2\/comments?post=23796"}],"wp:featuredmedia":[{"embeddable":true,"href":"https:\/\/b76boilies.com\/hu\/wp-json\/wp\/v2\/media\/23797"}],"wp:attachment":[{"href":"https:\/\/b76boilies.com\/hu\/wp-json\/wp\/v2\/media?parent=23796"}],"wp:term":[{"taxonomy":"product_brand","embeddable":true,"href":"https:\/\/b76boilies.com\/hu\/wp-json\/wp\/v2\/product_brand?post=23796"},{"taxonomy":"product_cat","embeddable":true,"href":"https:\/\/b76boilies.com\/hu\/wp-json\/wp\/v2\/product_cat?post=23796"},{"taxonomy":"product_tag","embeddable":true,"href":"https:\/\/b76boilies.com\/hu\/wp-json\/wp\/v2\/product_tag?post=23796"}],"curies":[{"name":"wp","href":"https:\/\/api.w.org\/{rel}","templated":true}]}}