{"id":23919,"date":"2023-04-10T05:27:34","date_gmt":"2023-04-10T05:27:34","guid":{"rendered":"https:\/\/b76boilies.digital-evolutions.at\/?post_type=product&#038;p=23919"},"modified":"2024-01-24T18:18:10","modified_gmt":"2024-01-24T18:18:10","slug":"sedo-invisible-bait-stops","status":"publish","type":"product","link":"https:\/\/b76boilies.com\/hu\/termek\/sedo-invisible-bait-stops\/","title":{"rendered":"SEDO Invisible Bait Stops"},"content":{"rendered":"<p>&#8211; Unsichtbar und durchsichtig<br \/>\n&#8211; Robustes Gummi-Material<br \/>\n&#8211; Extra lange Lebensdauer<br \/>\n&#8211; Starke Befestigung<\/p>\n<p>Diese Stopper wurden entwickelt, um nach dem Einhaken den Bewegungen des K\u00f6ders, der am Wirbel oder Ring am Haken befestigt ist, Kontrolle zu geben. Da sie farblos und durchsichtig sind, sind sie am Haken vollst\u00e4ndig unsichtbar. Wir drehen den Haken in das in der Mitte geformte Loch und ziehen dann langsam den Stopper auf das Haken\u00f6hr oder den Hakenschaft. Das Gummi bleibt stabil am Haken haften, es rei\u00dft nicht und springt nicht ab. Es kann f\u00fcr viele Montagen verwendet werden und ist ein wesentliches Element f\u00fcr den perfekten Anhieb und die richtige Positionierung des K\u00f6ders.<\/p>","protected":false},"excerpt":{"rendered":"<p>&#8211; Unsichtbar und durchsichtig &#8211; Robustes Gummi-Material &#8211; Extra lange Lebensdauer &#8211; Starke Befestigung Diese Stopper wurden entwickelt, um nach dem Einhaken den Bewegungen des K\u00f6ders, der am Wirbel oder Ring am Haken befestigt ist, Kontrolle zu geben. Da sie farblos und durchsichtig sind, sind sie am Haken vollst\u00e4ndig unsichtbar. Wir drehen den Haken in [&hellip;]<\/p>","protected":false},"featured_media":23920,"comment_status":"open","ping_status":"closed","template":"","meta":[],"product_brand":[],"product_cat":[97,107,93,106,100],"product_tag":[36,62],"class_list":{"0":"post-23919","1":"product","2":"type-product","3":"status-publish","4":"has-post-thumbnail","6":"product_cat-kleinteile","7":"product_cat-sedo-intelligent-fishing-tackle","8":"product_cat-sonstiges","9":"product_cat-tackle","10":"product_cat-zubehoer","11":"product_tag-sedo","12":"product_tag-unsichtbarer-koederstopper","14":"first","15":"instock","16":"shipping-taxable","17":"purchasable","18":"product-type-simple"},"_links":{"self":[{"href":"https:\/\/b76boilies.com\/hu\/wp-json\/wp\/v2\/product\/23919","targetHints":{"allow":["GET"]}}],"collection":[{"href":"https:\/\/b76boilies.com\/hu\/wp-json\/wp\/v2\/product"}],"about":[{"href":"https:\/\/b76boilies.com\/hu\/wp-json\/wp\/v2\/types\/product"}],"replies":[{"embeddable":true,"href":"https:\/\/b76boilies.com\/hu\/wp-json\/wp\/v2\/comments?post=23919"}],"wp:featuredmedia":[{"embeddable":true,"href":"https:\/\/b76boilies.com\/hu\/wp-json\/wp\/v2\/media\/23920"}],"wp:attachment":[{"href":"https:\/\/b76boilies.com\/hu\/wp-json\/wp\/v2\/media?parent=23919"}],"wp:term":[{"taxonomy":"product_brand","embeddable":true,"href":"https:\/\/b76boilies.com\/hu\/wp-json\/wp\/v2\/product_brand?post=23919"},{"taxonomy":"product_cat","embeddable":true,"href":"https:\/\/b76boilies.com\/hu\/wp-json\/wp\/v2\/product_cat?post=23919"},{"taxonomy":"product_tag","embeddable":true,"href":"https:\/\/b76boilies.com\/hu\/wp-json\/wp\/v2\/product_tag?post=23919"}],"curies":[{"name":"wp","href":"https:\/\/api.w.org\/{rel}","templated":true}]}}