{"id":23927,"date":"2023-04-10T05:27:34","date_gmt":"2023-04-10T05:27:34","guid":{"rendered":"https:\/\/b76boilies.digital-evolutions.at\/?post_type=product&#038;p=23927"},"modified":"2024-01-24T18:25:08","modified_gmt":"2024-01-24T18:25:08","slug":"sedo-boilie-inox-bait-needle-slim","status":"publish","type":"product","link":"https:\/\/b76boilies.com\/hu\/termek\/sedo-boilie-inox-bait-needle-slim\/","title":{"rendered":"SEDO Boilie Inox Bait Needle Slim"},"content":{"rendered":"<p>&#8211; Korrosionsbest\u00e4ndiger rostfreier Stahl<br \/>\n&#8211; Sichere Handhabung<br \/>\n&#8211; Kann mit jeder Art von K\u00f6dern verwendet werden<br \/>\n&#8211; Inox-Material<br \/>\n&#8211; Perfekte Spitze<\/p>\n<p>Die Material des Schnurziehnadel besteht aus rostfreiem Stahl, wodurch Korrosion vermieden wird. Die Gestaltung des Schnurziehnadel mit einem Schnellverschluss am Ende erm\u00f6glicht ein einfaches und schnelles Auff\u00e4deln des K\u00f6ders. Es hinterl\u00e4sst ein d\u00fcnnen Loch, sodass kleine Samen, Pop-ups oder jeder gr\u00f6\u00dfere Boilie ohne Besch\u00e4digung oder Riss auf das Haarvorfach aufgezogen werden k\u00f6nnen.<\/p>","protected":false},"excerpt":{"rendered":"<p>&#8211; Korrosionsbest\u00e4ndiger rostfreier Stahl &#8211; Sichere Handhabung &#8211; Kann mit jeder Art von K\u00f6dern verwendet werden &#8211; Inox-Material &#8211; Perfekte Spitze Die Material des Schnurziehnadel besteht aus rostfreiem Stahl, wodurch Korrosion vermieden wird. Die Gestaltung des Schnurziehnadel mit einem Schnellverschluss am Ende erm\u00f6glicht ein einfaches und schnelles Auff\u00e4deln des K\u00f6ders. Es hinterl\u00e4sst ein d\u00fcnnen Loch, [&hellip;]<\/p>","protected":false},"featured_media":23928,"comment_status":"open","ping_status":"closed","template":"","meta":[],"product_brand":[],"product_cat":[97,107,93,106,100],"product_tag":[65,36],"class_list":{"0":"post-23927","1":"product","2":"type-product","3":"status-publish","4":"has-post-thumbnail","6":"product_cat-kleinteile","7":"product_cat-sedo-intelligent-fishing-tackle","8":"product_cat-sonstiges","9":"product_cat-tackle","10":"product_cat-zubehoer","11":"product_tag-boilienadel","12":"product_tag-sedo","14":"first","15":"instock","16":"shipping-taxable","17":"purchasable","18":"product-type-simple"},"_links":{"self":[{"href":"https:\/\/b76boilies.com\/hu\/wp-json\/wp\/v2\/product\/23927","targetHints":{"allow":["GET"]}}],"collection":[{"href":"https:\/\/b76boilies.com\/hu\/wp-json\/wp\/v2\/product"}],"about":[{"href":"https:\/\/b76boilies.com\/hu\/wp-json\/wp\/v2\/types\/product"}],"replies":[{"embeddable":true,"href":"https:\/\/b76boilies.com\/hu\/wp-json\/wp\/v2\/comments?post=23927"}],"wp:featuredmedia":[{"embeddable":true,"href":"https:\/\/b76boilies.com\/hu\/wp-json\/wp\/v2\/media\/23928"}],"wp:attachment":[{"href":"https:\/\/b76boilies.com\/hu\/wp-json\/wp\/v2\/media?parent=23927"}],"wp:term":[{"taxonomy":"product_brand","embeddable":true,"href":"https:\/\/b76boilies.com\/hu\/wp-json\/wp\/v2\/product_brand?post=23927"},{"taxonomy":"product_cat","embeddable":true,"href":"https:\/\/b76boilies.com\/hu\/wp-json\/wp\/v2\/product_cat?post=23927"},{"taxonomy":"product_tag","embeddable":true,"href":"https:\/\/b76boilies.com\/hu\/wp-json\/wp\/v2\/product_tag?post=23927"}],"curies":[{"name":"wp","href":"https:\/\/api.w.org\/{rel}","templated":true}]}}