{"id":23930,"date":"2023-04-10T05:27:35","date_gmt":"2023-04-10T05:27:35","guid":{"rendered":"https:\/\/b76boilies.digital-evolutions.at\/?post_type=product&#038;p=23930"},"modified":"2024-01-24T18:03:18","modified_gmt":"2024-01-24T18:03:18","slug":"sedo-extreme-shrink-tube-2mm-0-9mm","status":"publish","type":"product","link":"https:\/\/b76boilies.com\/hu\/termek\/sedo-extreme-shrink-tube-2mm-0-9mm\/","title":{"rendered":"SEDO Extreme Shrink Tube 2mm-0.9mm"},"content":{"rendered":"<p>&#8211; H\u00e4rtet nach dem Abk\u00fchlen aus<br \/>\n&#8211; Extremes Schrumpfen<br \/>\n&#8211; Extra lange Lebensdauer<\/p>\n<p>Shrink Tube bietet vielseitige und kompakte L\u00f6sungen f\u00fcr den Karpfenangler. Es kann bei der Endger\u00e4teherstellung als Line Aligner, Bestandteil eines German oder Ronnie Rigs verwendet werden, um den Haken stabil und in Position zu halten. Bei Hitze schrumpft es von 2 mm auf 0,9 mm. Eine besondere Eigenschaft ist, dass es sich beim Erhitzen verfestigt, was bedeutet, dass wir das Shrink Tube sogar in einem scharfen Winkel fixieren k\u00f6nnen. Es kann auch zum Schutz von Wirbeln oder zur Fixierung von Haarvorf\u00e4chern verwendet werden. Es kann f\u00fcr Haken jeder Gr\u00f6\u00dfe von 2 bis 8 verwendet werden. Schrumpfen Sie es mit hei\u00dfem Dampf und halten Sie es in Position, bis es aush\u00e4rtet und abk\u00fchlt.<\/p>","protected":false},"excerpt":{"rendered":"<p>&#8211; H\u00e4rtet nach dem Abk\u00fchlen aus &#8211; Extremes Schrumpfen &#8211; Extra lange Lebensdauer Shrink Tube bietet vielseitige und kompakte L\u00f6sungen f\u00fcr den Karpfenangler. Es kann bei der Endger\u00e4teherstellung als Line Aligner, Bestandteil eines German oder Ronnie Rigs verwendet werden, um den Haken stabil und in Position zu halten. Bei Hitze schrumpft es von 2 mm [&hellip;]<\/p>","protected":false},"featured_media":23931,"comment_status":"open","ping_status":"closed","template":"","meta":[],"product_brand":[],"product_cat":[97,107,93,106,100],"product_tag":[66,36],"class_list":{"0":"post-23930","1":"product","2":"type-product","3":"status-publish","4":"has-post-thumbnail","6":"product_cat-kleinteile","7":"product_cat-sedo-intelligent-fishing-tackle","8":"product_cat-sonstiges","9":"product_cat-tackle","10":"product_cat-zubehoer","11":"product_tag-schrumpfschlauch","12":"product_tag-sedo","14":"first","15":"instock","16":"shipping-taxable","17":"purchasable","18":"product-type-simple"},"_links":{"self":[{"href":"https:\/\/b76boilies.com\/hu\/wp-json\/wp\/v2\/product\/23930","targetHints":{"allow":["GET"]}}],"collection":[{"href":"https:\/\/b76boilies.com\/hu\/wp-json\/wp\/v2\/product"}],"about":[{"href":"https:\/\/b76boilies.com\/hu\/wp-json\/wp\/v2\/types\/product"}],"replies":[{"embeddable":true,"href":"https:\/\/b76boilies.com\/hu\/wp-json\/wp\/v2\/comments?post=23930"}],"wp:featuredmedia":[{"embeddable":true,"href":"https:\/\/b76boilies.com\/hu\/wp-json\/wp\/v2\/media\/23931"}],"wp:attachment":[{"href":"https:\/\/b76boilies.com\/hu\/wp-json\/wp\/v2\/media?parent=23930"}],"wp:term":[{"taxonomy":"product_brand","embeddable":true,"href":"https:\/\/b76boilies.com\/hu\/wp-json\/wp\/v2\/product_brand?post=23930"},{"taxonomy":"product_cat","embeddable":true,"href":"https:\/\/b76boilies.com\/hu\/wp-json\/wp\/v2\/product_cat?post=23930"},{"taxonomy":"product_tag","embeddable":true,"href":"https:\/\/b76boilies.com\/hu\/wp-json\/wp\/v2\/product_tag?post=23930"}],"curies":[{"name":"wp","href":"https:\/\/api.w.org\/{rel}","templated":true}]}}