{"id":23933,"date":"2023-04-10T05:27:35","date_gmt":"2023-04-10T05:27:35","guid":{"rendered":"https:\/\/b76boilies.digital-evolutions.at\/?post_type=product&#038;p=23933"},"modified":"2024-01-24T18:03:54","modified_gmt":"2024-01-24T18:03:54","slug":"sedo-flexible-silicone-rig-tube-2mm-1mm","status":"publish","type":"product","link":"https:\/\/b76boilies.com\/hu\/termek\/sedo-flexible-silicone-rig-tube-2mm-1mm\/","title":{"rendered":"SEDO Flexible Silicone Rig Tube 2mm-1mm"},"content":{"rendered":"<p>&#8211; Kompatibel mit allen Endger\u00e4ten<br \/>\n&#8211; Empfohlen f\u00fcr Rigs<br \/>\n&#8211; Robustes Gummi-Material<br \/>\n&#8211; Extra lange Lebensdauer; wiederverwendbar<\/p>\n<p>Das Silikon Rig Tube hat verschiedene Anwendungsm\u00f6glichkeiten. Es kann dazu verwendet werden, unsere Haarvorfach entweder am Haken\u00f6hr oder entlang des gesamten Schafts zu fixieren. Alternativ k\u00f6nnen wir es beim Werfen verwenden, um das letzte 30 cm lange St\u00fcck unserer Hauptschnur vor Verdrallungen zu sch\u00fctzen. Seine dunkle Farbe verschmilzt vollst\u00e4ndig mit dem Gew\u00e4sserboden und macht unser Endger\u00e4t dadurch unsichtbar. Kompatibel mit dem Lead Clips System. Die \u00e4u\u00dfere Gr\u00f6\u00dfe betr\u00e4gt 2 mm, die innere Bohrung betr\u00e4gt 1 mm.<\/p>","protected":false},"excerpt":{"rendered":"<p>&#8211; Kompatibel mit allen Endger\u00e4ten &#8211; Empfohlen f\u00fcr Rigs &#8211; Robustes Gummi-Material &#8211; Extra lange Lebensdauer; wiederverwendbar Das Silikon Rig Tube hat verschiedene Anwendungsm\u00f6glichkeiten. Es kann dazu verwendet werden, unsere Haarvorfach entweder am Haken\u00f6hr oder entlang des gesamten Schafts zu fixieren. Alternativ k\u00f6nnen wir es beim Werfen verwenden, um das letzte 30 cm lange St\u00fcck [&hellip;]<\/p>","protected":false},"featured_media":23934,"comment_status":"open","ping_status":"closed","template":"","meta":[],"product_brand":[],"product_cat":[97,107,93,106,100],"product_tag":[36,67],"class_list":{"0":"post-23933","1":"product","2":"type-product","3":"status-publish","4":"has-post-thumbnail","6":"product_cat-kleinteile","7":"product_cat-sedo-intelligent-fishing-tackle","8":"product_cat-sonstiges","9":"product_cat-tackle","10":"product_cat-zubehoer","11":"product_tag-sedo","12":"product_tag-silikon-rig-tube","14":"first","15":"instock","16":"shipping-taxable","17":"purchasable","18":"product-type-simple"},"_links":{"self":[{"href":"https:\/\/b76boilies.com\/hu\/wp-json\/wp\/v2\/product\/23933","targetHints":{"allow":["GET"]}}],"collection":[{"href":"https:\/\/b76boilies.com\/hu\/wp-json\/wp\/v2\/product"}],"about":[{"href":"https:\/\/b76boilies.com\/hu\/wp-json\/wp\/v2\/types\/product"}],"replies":[{"embeddable":true,"href":"https:\/\/b76boilies.com\/hu\/wp-json\/wp\/v2\/comments?post=23933"}],"wp:featuredmedia":[{"embeddable":true,"href":"https:\/\/b76boilies.com\/hu\/wp-json\/wp\/v2\/media\/23934"}],"wp:attachment":[{"href":"https:\/\/b76boilies.com\/hu\/wp-json\/wp\/v2\/media?parent=23933"}],"wp:term":[{"taxonomy":"product_brand","embeddable":true,"href":"https:\/\/b76boilies.com\/hu\/wp-json\/wp\/v2\/product_brand?post=23933"},{"taxonomy":"product_cat","embeddable":true,"href":"https:\/\/b76boilies.com\/hu\/wp-json\/wp\/v2\/product_cat?post=23933"},{"taxonomy":"product_tag","embeddable":true,"href":"https:\/\/b76boilies.com\/hu\/wp-json\/wp\/v2\/product_tag?post=23933"}],"curies":[{"name":"wp","href":"https:\/\/api.w.org\/{rel}","templated":true}]}}