{"id":23942,"date":"2023-04-10T05:27:35","date_gmt":"2023-04-10T05:27:35","guid":{"rendered":"https:\/\/b76boilies.digital-evolutions.at\/?post_type=product&#038;p=23942"},"modified":"2024-01-24T18:07:28","modified_gmt":"2024-01-24T18:07:28","slug":"sedo-fixer-lead-clips","status":"publish","type":"product","link":"https:\/\/b76boilies.com\/hu\/termek\/sedo-fixer-lead-clips\/","title":{"rendered":"SEDO Fixer Lead Clips"},"content":{"rendered":"<p>&#8211; Sehr strapazierf\u00e4higes, hochwertiges Material<br \/>\n&#8211; Extra lange Lebensdauer; wiederverwendbar<br \/>\n&#8211; Vielseitiges, zuverl\u00e4ssiges System<\/p>\n<p>Lead Clips sind ein Teil des Endger\u00e4t-Systems, den Karpfenangler am h\u00e4ufigsten verwenden. Ihr Inneres ist so konzipiert, dass der Rolling Swivel der Gr\u00f6\u00dfe 8 leicht einrastet und sicher h\u00e4lt, sich aber w\u00e4hrend der Aktion leicht l\u00f6st, sodass der Fisch frei mit der Hauptschnur laufen kann. Mit dem mitgelieferten Fixierungspflock wird das Auge des Rolling Swivels im Clip befestigt, um ein freies Laufen zu verhindern, und der Rolling Swivel wird sicher im Inneren des Clips gehalten. Die seitlichen Griffe des Clips sind aus robustem, hochfestem Kunststoff gefertigt, sodass er selbst in den wildesten und extremsten Situationen nicht bricht und das Gewicht des Rigs beibeh\u00e4lt.<\/p>","protected":false},"excerpt":{"rendered":"<p>&#8211; Sehr strapazierf\u00e4higes, hochwertiges Material &#8211; Extra lange Lebensdauer; wiederverwendbar &#8211; Vielseitiges, zuverl\u00e4ssiges System Lead Clips sind ein Teil des Endger\u00e4t-Systems, den Karpfenangler am h\u00e4ufigsten verwenden. Ihr Inneres ist so konzipiert, dass der Rolling Swivel der Gr\u00f6\u00dfe 8 leicht einrastet und sicher h\u00e4lt, sich aber w\u00e4hrend der Aktion leicht l\u00f6st, sodass der Fisch frei mit [&hellip;]<\/p>","protected":false},"featured_media":23943,"comment_status":"open","ping_status":"closed","template":"","meta":[],"product_brand":[],"product_cat":[97,107,93,106,100],"product_tag":[72,71,36],"class_list":{"0":"post-23942","1":"product","2":"type-product","3":"status-publish","4":"has-post-thumbnail","6":"product_cat-kleinteile","7":"product_cat-sedo-intelligent-fishing-tackle","8":"product_cat-sonstiges","9":"product_cat-tackle","10":"product_cat-zubehoer","11":"product_tag-bleiklip","12":"product_tag-lead-clip","13":"product_tag-sedo","15":"first","16":"instock","17":"shipping-taxable","18":"purchasable","19":"product-type-simple"},"_links":{"self":[{"href":"https:\/\/b76boilies.com\/hu\/wp-json\/wp\/v2\/product\/23942","targetHints":{"allow":["GET"]}}],"collection":[{"href":"https:\/\/b76boilies.com\/hu\/wp-json\/wp\/v2\/product"}],"about":[{"href":"https:\/\/b76boilies.com\/hu\/wp-json\/wp\/v2\/types\/product"}],"replies":[{"embeddable":true,"href":"https:\/\/b76boilies.com\/hu\/wp-json\/wp\/v2\/comments?post=23942"}],"wp:featuredmedia":[{"embeddable":true,"href":"https:\/\/b76boilies.com\/hu\/wp-json\/wp\/v2\/media\/23943"}],"wp:attachment":[{"href":"https:\/\/b76boilies.com\/hu\/wp-json\/wp\/v2\/media?parent=23942"}],"wp:term":[{"taxonomy":"product_brand","embeddable":true,"href":"https:\/\/b76boilies.com\/hu\/wp-json\/wp\/v2\/product_brand?post=23942"},{"taxonomy":"product_cat","embeddable":true,"href":"https:\/\/b76boilies.com\/hu\/wp-json\/wp\/v2\/product_cat?post=23942"},{"taxonomy":"product_tag","embeddable":true,"href":"https:\/\/b76boilies.com\/hu\/wp-json\/wp\/v2\/product_tag?post=23942"}],"curies":[{"name":"wp","href":"https:\/\/api.w.org\/{rel}","templated":true}]}}