{"id":23948,"date":"2023-04-10T05:27:35","date_gmt":"2023-04-10T05:27:35","guid":{"rendered":"https:\/\/b76boilies.digital-evolutions.at\/?post_type=product&#038;p=23948"},"modified":"2024-01-24T18:08:35","modified_gmt":"2024-01-24T18:08:35","slug":"sedo-tail-rubber","status":"publish","type":"product","link":"https:\/\/b76boilies.com\/hu\/termek\/sedo-tail-rubber\/","title":{"rendered":"SEDO Tail Rubber"},"content":{"rendered":"<p>A Gummi Ring h\u00e4lt unser Blei sicher am Lead Clip. Beim Wurf und beim Drill verleiht er dem Blei die n\u00f6tige Stabilit\u00e4t, um es nicht zu verlieren. Das verst\u00e4rkte Material ist nicht leicht zu brechen oder zu rei\u00dfen, wodurch es zuverl\u00e4ssiger Bestandteil unseres Systems wird. Wenn wir unser Endger\u00e4t f\u00fcr das &#8222;Elhagy\u00f3s&#8220;-System montieren m\u00f6chten, ziehen wir den Gummiring minimal und locker auf den Lead Clip und k\u00f6nnen das Blei beim Biss problemlos freigeben. Kompatibel mit Lead Clips, erm\u00f6glicht dies die Schaffung eines starren oder &#8222;Elhagy\u00f3s&#8220;-Systems.<\/p>","protected":false},"excerpt":{"rendered":"<p>A Gummi Ring h\u00e4lt unser Blei sicher am Lead Clip. Beim Wurf und beim Drill verleiht er dem Blei die n\u00f6tige Stabilit\u00e4t, um es nicht zu verlieren. Das verst\u00e4rkte Material ist nicht leicht zu brechen oder zu rei\u00dfen, wodurch es zuverl\u00e4ssiger Bestandteil unseres Systems wird. Wenn wir unser Endger\u00e4t f\u00fcr das &#8222;Elhagy\u00f3s&#8220;-System montieren m\u00f6chten, ziehen [&hellip;]<\/p>","protected":false},"featured_media":23949,"comment_status":"open","ping_status":"closed","template":"","meta":[],"product_brand":[],"product_cat":[97,107,93,106,100],"product_tag":[36],"class_list":{"0":"post-23948","1":"product","2":"type-product","3":"status-publish","4":"has-post-thumbnail","6":"product_cat-kleinteile","7":"product_cat-sedo-intelligent-fishing-tackle","8":"product_cat-sonstiges","9":"product_cat-tackle","10":"product_cat-zubehoer","11":"product_tag-sedo","13":"first","14":"instock","15":"shipping-taxable","16":"purchasable","17":"product-type-simple"},"_links":{"self":[{"href":"https:\/\/b76boilies.com\/hu\/wp-json\/wp\/v2\/product\/23948","targetHints":{"allow":["GET"]}}],"collection":[{"href":"https:\/\/b76boilies.com\/hu\/wp-json\/wp\/v2\/product"}],"about":[{"href":"https:\/\/b76boilies.com\/hu\/wp-json\/wp\/v2\/types\/product"}],"replies":[{"embeddable":true,"href":"https:\/\/b76boilies.com\/hu\/wp-json\/wp\/v2\/comments?post=23948"}],"wp:featuredmedia":[{"embeddable":true,"href":"https:\/\/b76boilies.com\/hu\/wp-json\/wp\/v2\/media\/23949"}],"wp:attachment":[{"href":"https:\/\/b76boilies.com\/hu\/wp-json\/wp\/v2\/media?parent=23948"}],"wp:term":[{"taxonomy":"product_brand","embeddable":true,"href":"https:\/\/b76boilies.com\/hu\/wp-json\/wp\/v2\/product_brand?post=23948"},{"taxonomy":"product_cat","embeddable":true,"href":"https:\/\/b76boilies.com\/hu\/wp-json\/wp\/v2\/product_cat?post=23948"},{"taxonomy":"product_tag","embeddable":true,"href":"https:\/\/b76boilies.com\/hu\/wp-json\/wp\/v2\/product_tag?post=23948"}],"curies":[{"name":"wp","href":"https:\/\/api.w.org\/{rel}","templated":true}]}}