{"id":24081,"date":"2023-04-10T05:28:15","date_gmt":"2023-04-10T05:28:15","guid":{"rendered":"https:\/\/b76boilies.digital-evolutions.at\/?post_type=product&#038;p=24081"},"modified":"2024-01-24T17:32:37","modified_gmt":"2024-01-24T17:32:37","slug":"sedo-curvx-barbless-szakall-nelkuli-6","status":"publish","type":"product","link":"https:\/\/b76boilies.com\/hu\/termek\/sedo-curvx-barbless-szakall-nelkuli-6\/","title":{"rendered":"SEDO CurvX Barbless Szak\u00e1ll n\u00e9lk\u00fcli # 6"},"content":{"rendered":"<p>Der CurvX Haken ist das Flaggschiff-Produkt des Unternehmens. Er erzielt sofortigen Hakeffekt, selbst ohne einen Hakenumdreher. Der gebogene Schaft, der gerade lange Haken und das verst\u00e4rkte Material zeichnen ihn aus. Er eignet sich sowohl f\u00fcr die Herstellung von Ronnie Rigs oder German Rigs als auch ideal f\u00fcr liegende oder Schneemann-K\u00f6der. Durch seine F\u00e4higkeit, den Fisch gut zwischen den Hindernissen zu halten, empfehlen wir ihn ohne Bedenken f\u00fcr jede Art von Gel\u00e4nde. Mit dem Black Line Aligner k\u00f6nnen Sie die Hakeffizienz verbessern. Der CurvX Haken ohne Widerhaken tr\u00e4gt dazu bei, den Fisch zu schonen und w\u00e4hrend des Drills kleinere Verletzungen im Maul des Fisches zu verursachen.<\/p>","protected":false},"excerpt":{"rendered":"<p>Der CurvX Haken ist das Flaggschiff-Produkt des Unternehmens. Er erzielt sofortigen Hakeffekt, selbst ohne einen Hakenumdreher. Der gebogene Schaft, der gerade lange Haken und das verst\u00e4rkte Material zeichnen ihn aus. Er eignet sich sowohl f\u00fcr die Herstellung von Ronnie Rigs oder German Rigs als auch ideal f\u00fcr liegende oder Schneemann-K\u00f6der. Durch seine F\u00e4higkeit, den Fisch [&hellip;]<\/p>","protected":false},"featured_media":24079,"comment_status":"open","ping_status":"closed","template":"","meta":[],"product_brand":[],"product_cat":[99,109,107,106],"product_tag":[],"class_list":{"0":"post-24081","1":"product","2":"type-product","3":"status-publish","4":"has-post-thumbnail","6":"product_cat-hakenohnewiederhaken","7":"product_cat-haken","8":"product_cat-sedo-intelligent-fishing-tackle","9":"product_cat-tackle","11":"first","12":"instock","13":"shipping-taxable","14":"purchasable","15":"product-type-simple"},"_links":{"self":[{"href":"https:\/\/b76boilies.com\/hu\/wp-json\/wp\/v2\/product\/24081","targetHints":{"allow":["GET"]}}],"collection":[{"href":"https:\/\/b76boilies.com\/hu\/wp-json\/wp\/v2\/product"}],"about":[{"href":"https:\/\/b76boilies.com\/hu\/wp-json\/wp\/v2\/types\/product"}],"replies":[{"embeddable":true,"href":"https:\/\/b76boilies.com\/hu\/wp-json\/wp\/v2\/comments?post=24081"}],"wp:featuredmedia":[{"embeddable":true,"href":"https:\/\/b76boilies.com\/hu\/wp-json\/wp\/v2\/media\/24079"}],"wp:attachment":[{"href":"https:\/\/b76boilies.com\/hu\/wp-json\/wp\/v2\/media?parent=24081"}],"wp:term":[{"taxonomy":"product_brand","embeddable":true,"href":"https:\/\/b76boilies.com\/hu\/wp-json\/wp\/v2\/product_brand?post=24081"},{"taxonomy":"product_cat","embeddable":true,"href":"https:\/\/b76boilies.com\/hu\/wp-json\/wp\/v2\/product_cat?post=24081"},{"taxonomy":"product_tag","embeddable":true,"href":"https:\/\/b76boilies.com\/hu\/wp-json\/wp\/v2\/product_tag?post=24081"}],"curies":[{"name":"wp","href":"https:\/\/api.w.org\/{rel}","templated":true}]}}