{"id":24105,"date":"2023-04-10T05:28:16","date_gmt":"2023-04-10T05:28:16","guid":{"rendered":"https:\/\/b76boilies.digital-evolutions.at\/?post_type=product&#038;p=24105"},"modified":"2024-01-24T17:29:15","modified_gmt":"2024-01-24T17:29:15","slug":"sedo-wide-gape-extreme-chod-10","status":"publish","type":"product","link":"https:\/\/b76boilies.com\/hu\/termek\/sedo-wide-gape-extreme-chod-10\/","title":{"rendered":"SEDO Wide Gape Extreme CHOD # 10"},"content":{"rendered":"<p>SEDO Wide Gape Extreme CHOD ist speziell f\u00fcr den Einsatz in extremen Umgebungen und beim Fischen mit schwimmenden K\u00f6dern in flie\u00dfendem Wasser konzipiert. Dieser Haken eignet sich besonders gut f\u00fcr das Karpfenangeln \u00fcber dem Gew\u00e4sserboden, insbesondere in stark bewachsenen Gew\u00e4ssern. Seine verst\u00e4rkte Struktur macht ihn in allen Bedingungen haltbar, w\u00e4hrend die Hakenspitze perfekt und klebrig bleibt, was f\u00fcr den CHOD-Typ des Angelns unerl\u00e4sslich ist! Das nach au\u00dfen gebogene \u00d6hr hilft dabei, die steife Vorfach in der richtigen Position zu halten, damit der Haken bei der ersten Saugbewegung des Fisches den K\u00f6der nicht ausspucken kann. Geeignete K\u00f6dertypen sind Pop-ups, Kunstk\u00f6der und verschiedene tauchbare Schaumstoffe.<\/p>","protected":false},"excerpt":{"rendered":"<p>SEDO Wide Gape Extreme CHOD ist speziell f\u00fcr den Einsatz in extremen Umgebungen und beim Fischen mit schwimmenden K\u00f6dern in flie\u00dfendem Wasser konzipiert. Dieser Haken eignet sich besonders gut f\u00fcr das Karpfenangeln \u00fcber dem Gew\u00e4sserboden, insbesondere in stark bewachsenen Gew\u00e4ssern. Seine verst\u00e4rkte Struktur macht ihn in allen Bedingungen haltbar, w\u00e4hrend die Hakenspitze perfekt und klebrig [&hellip;]<\/p>","protected":false},"featured_media":24100,"comment_status":"closed","ping_status":"closed","template":"","meta":[],"product_brand":[],"product_cat":[98,109,107,106],"product_tag":[],"class_list":{"0":"post-24105","1":"product","2":"type-product","3":"status-publish","4":"has-post-thumbnail","6":"product_cat-angelhaken","7":"product_cat-haken","8":"product_cat-sedo-intelligent-fishing-tackle","9":"product_cat-tackle","11":"first","12":"instock","13":"shipping-taxable","14":"purchasable","15":"product-type-simple"},"_links":{"self":[{"href":"https:\/\/b76boilies.com\/hu\/wp-json\/wp\/v2\/product\/24105","targetHints":{"allow":["GET"]}}],"collection":[{"href":"https:\/\/b76boilies.com\/hu\/wp-json\/wp\/v2\/product"}],"about":[{"href":"https:\/\/b76boilies.com\/hu\/wp-json\/wp\/v2\/types\/product"}],"replies":[{"embeddable":true,"href":"https:\/\/b76boilies.com\/hu\/wp-json\/wp\/v2\/comments?post=24105"}],"wp:featuredmedia":[{"embeddable":true,"href":"https:\/\/b76boilies.com\/hu\/wp-json\/wp\/v2\/media\/24100"}],"wp:attachment":[{"href":"https:\/\/b76boilies.com\/hu\/wp-json\/wp\/v2\/media?parent=24105"}],"wp:term":[{"taxonomy":"product_brand","embeddable":true,"href":"https:\/\/b76boilies.com\/hu\/wp-json\/wp\/v2\/product_brand?post=24105"},{"taxonomy":"product_cat","embeddable":true,"href":"https:\/\/b76boilies.com\/hu\/wp-json\/wp\/v2\/product_cat?post=24105"},{"taxonomy":"product_tag","embeddable":true,"href":"https:\/\/b76boilies.com\/hu\/wp-json\/wp\/v2\/product_tag?post=24105"}],"curies":[{"name":"wp","href":"https:\/\/api.w.org\/{rel}","templated":true}]}}