{"id":24108,"date":"2023-04-10T05:28:16","date_gmt":"2023-04-10T05:28:16","guid":{"rendered":"https:\/\/b76boilies.digital-evolutions.at\/?post_type=product&#038;p=24108"},"modified":"2024-01-24T14:40:14","modified_gmt":"2024-01-24T14:40:14","slug":"sedo-ronnie-quick-connect-swivel","status":"publish","type":"product","link":"https:\/\/b76boilies.com\/hu\/termek\/sedo-ronnie-quick-connect-swivel\/","title":{"rendered":"SEDO Ronnie Quick Connect Swivel"},"content":{"rendered":"<p>Der Ronnie Swivel wurde speziell f\u00fcr die schnelle und effiziente Herstellung des &#8222;Ronnie Rigs&#8220; konzipiert. Der Haken\u00f6hr wird in das Haken\u00f6hr eingef\u00fchrt und der Haken wird mit SEDO Extreme Shrink Tube fixiert. Empfohlene Hakentypen f\u00fcr eine effizientere Funktionsweise sind die Krank- und CurvX-Formhaken in verschiedenen Gr\u00f6\u00dfen. Die Anwendung dieses Swivels ist besonders f\u00fcr schwebende K\u00f6der \u00fcber dem Gew\u00e4sserboden geeignet. Falls erforderlich, kann das Endger\u00e4t mit Bleipaste ausbalanciert werden, um es am Gew\u00e4sserboden auszurichten. Die vollst\u00e4ndig getarnte dunkle Oberfl\u00e4che bleibt am Gew\u00e4sserboden verborgen. Der Ronnie Rig eignet sich besonders gut f\u00fcr das Anlocken von schwach fressenden Fischen.<\/p>","protected":false},"excerpt":{"rendered":"<p>Der Ronnie Swivel wurde speziell f\u00fcr die schnelle und effiziente Herstellung des &#8222;Ronnie Rigs&#8220; konzipiert. Der Haken\u00f6hr wird in das Haken\u00f6hr eingef\u00fchrt und der Haken wird mit SEDO Extreme Shrink Tube fixiert. Empfohlene Hakentypen f\u00fcr eine effizientere Funktionsweise sind die Krank- und CurvX-Formhaken in verschiedenen Gr\u00f6\u00dfen. Die Anwendung dieses Swivels ist besonders f\u00fcr schwebende K\u00f6der [&hellip;]<\/p>","protected":false},"featured_media":24109,"comment_status":"open","ping_status":"closed","template":"","meta":[],"product_brand":[],"product_cat":[97,107,93,106,113,100],"product_tag":[],"class_list":{"0":"post-24108","1":"product","2":"type-product","3":"status-publish","4":"has-post-thumbnail","6":"product_cat-kleinteile","7":"product_cat-sedo-intelligent-fishing-tackle","8":"product_cat-sonstiges","9":"product_cat-tackle","10":"product_cat-wirbel","11":"product_cat-zubehoer","13":"first","14":"instock","15":"shipping-taxable","16":"purchasable","17":"product-type-simple"},"_links":{"self":[{"href":"https:\/\/b76boilies.com\/hu\/wp-json\/wp\/v2\/product\/24108","targetHints":{"allow":["GET"]}}],"collection":[{"href":"https:\/\/b76boilies.com\/hu\/wp-json\/wp\/v2\/product"}],"about":[{"href":"https:\/\/b76boilies.com\/hu\/wp-json\/wp\/v2\/types\/product"}],"replies":[{"embeddable":true,"href":"https:\/\/b76boilies.com\/hu\/wp-json\/wp\/v2\/comments?post=24108"}],"wp:featuredmedia":[{"embeddable":true,"href":"https:\/\/b76boilies.com\/hu\/wp-json\/wp\/v2\/media\/24109"}],"wp:attachment":[{"href":"https:\/\/b76boilies.com\/hu\/wp-json\/wp\/v2\/media?parent=24108"}],"wp:term":[{"taxonomy":"product_brand","embeddable":true,"href":"https:\/\/b76boilies.com\/hu\/wp-json\/wp\/v2\/product_brand?post=24108"},{"taxonomy":"product_cat","embeddable":true,"href":"https:\/\/b76boilies.com\/hu\/wp-json\/wp\/v2\/product_cat?post=24108"},{"taxonomy":"product_tag","embeddable":true,"href":"https:\/\/b76boilies.com\/hu\/wp-json\/wp\/v2\/product_tag?post=24108"}],"curies":[{"name":"wp","href":"https:\/\/api.w.org\/{rel}","templated":true}]}}