{"id":24210,"date":"2023-04-10T05:28:51","date_gmt":"2023-04-10T05:28:51","guid":{"rendered":"https:\/\/b76boilies.digital-evolutions.at\/?post_type=product&#038;p=24210"},"modified":"2024-01-24T17:58:18","modified_gmt":"2024-01-24T17:58:18","slug":"sedo-d-rig-aligner-long","status":"publish","type":"product","link":"https:\/\/b76boilies.com\/hu\/termek\/sedo-d-rig-aligner-long\/","title":{"rendered":"SEDO D-Rig Aligner &#8211; Long"},"content":{"rendered":"<p>Der D-Rig Aligner, Long wurde speziell f\u00fcr die effiziente und schnelle Anwendung des D-Rig Montagestils entwickelt. Viele Menschen wissen nicht, wie man den D-Rig richtig herstellt, oder sie verschwenden viel Zeit damit. Dieses Problem l\u00e4sst sich nun mit einer einzigen Bewegung l\u00f6sen. Der D-Rig Aligner, Long h\u00e4lt den Haken in der richtigen Position f\u00fcr einen sofortigen Biss, daher ist diese Kombination f\u00fcr Karpfen praktisch unausweichlich. In das &#8222;D&#8220; aus Kunststoff k\u00f6nnen wir einen Ring, einen Schnellverschluss, einen Drehwirbel und sogar einen Wirbelkarabiner einf\u00e4deln. Danach m\u00fcssen wir nur noch den gew\u00fcnschten K\u00f6der am D-Rig befestigen. Diesen Alignertyp k\u00f6nnen wir sowohl f\u00fcr liegende als auch f\u00fcr schwebende K\u00f6der verwenden!<\/p>","protected":false},"excerpt":{"rendered":"<p>Der D-Rig Aligner, Long wurde speziell f\u00fcr die effiziente und schnelle Anwendung des D-Rig Montagestils entwickelt. Viele Menschen wissen nicht, wie man den D-Rig richtig herstellt, oder sie verschwenden viel Zeit damit. Dieses Problem l\u00e4sst sich nun mit einer einzigen Bewegung l\u00f6sen. Der D-Rig Aligner, Long h\u00e4lt den Haken in der richtigen Position f\u00fcr einen [&hellip;]<\/p>","protected":false},"featured_media":24211,"comment_status":"open","ping_status":"closed","template":"","meta":[],"product_brand":[],"product_cat":[97,107,93,106,100],"product_tag":[],"class_list":{"0":"post-24210","1":"product","2":"type-product","3":"status-publish","4":"has-post-thumbnail","6":"product_cat-kleinteile","7":"product_cat-sedo-intelligent-fishing-tackle","8":"product_cat-sonstiges","9":"product_cat-tackle","10":"product_cat-zubehoer","12":"first","13":"instock","14":"shipping-taxable","15":"purchasable","16":"product-type-simple"},"_links":{"self":[{"href":"https:\/\/b76boilies.com\/hu\/wp-json\/wp\/v2\/product\/24210","targetHints":{"allow":["GET"]}}],"collection":[{"href":"https:\/\/b76boilies.com\/hu\/wp-json\/wp\/v2\/product"}],"about":[{"href":"https:\/\/b76boilies.com\/hu\/wp-json\/wp\/v2\/types\/product"}],"replies":[{"embeddable":true,"href":"https:\/\/b76boilies.com\/hu\/wp-json\/wp\/v2\/comments?post=24210"}],"wp:featuredmedia":[{"embeddable":true,"href":"https:\/\/b76boilies.com\/hu\/wp-json\/wp\/v2\/media\/24211"}],"wp:attachment":[{"href":"https:\/\/b76boilies.com\/hu\/wp-json\/wp\/v2\/media?parent=24210"}],"wp:term":[{"taxonomy":"product_brand","embeddable":true,"href":"https:\/\/b76boilies.com\/hu\/wp-json\/wp\/v2\/product_brand?post=24210"},{"taxonomy":"product_cat","embeddable":true,"href":"https:\/\/b76boilies.com\/hu\/wp-json\/wp\/v2\/product_cat?post=24210"},{"taxonomy":"product_tag","embeddable":true,"href":"https:\/\/b76boilies.com\/hu\/wp-json\/wp\/v2\/product_tag?post=24210"}],"curies":[{"name":"wp","href":"https:\/\/api.w.org\/{rel}","templated":true}]}}