{"id":24222,"date":"2023-04-10T05:28:51","date_gmt":"2023-04-10T05:28:51","guid":{"rendered":"https:\/\/b76boilies.digital-evolutions.at\/?post_type=product&#038;p=24222"},"modified":"2024-01-24T18:00:52","modified_gmt":"2024-01-24T18:00:52","slug":"sedo-feeder-mini-black-line-aligner","status":"publish","type":"product","link":"https:\/\/b76boilies.com\/hu\/termek\/sedo-feeder-mini-black-line-aligner\/","title":{"rendered":"SEDO Feeder Mini Black line Aligner"},"content":{"rendered":"<p>Der Feeder Mini Black Line Aligner wurde speziell f\u00fcr Feeder-Angler entwickelt und zeichnet sich durch seine geringe Gr\u00f6\u00dfe und den inneren Durchmesser aus. Der Feeder Line Aligner ist ein unverzichtbares Zubeh\u00f6r f\u00fcr die perfekte Endmontage und das Haken. Seine Funktion besteht darin, den Haken im Mund des Fisches so schnell wie m\u00f6glich in die richtige Position f\u00fcr das Einhaken zu bringen. Mit ihm k\u00f6nnen wir eine schnelle und stabile Verbindung erreichen. Er ist kompatibel mit Haken der Gr\u00f6\u00dfe 6-14, die beim Feeder- und Method-Feeder-Angeln verwendet werden. Seine dunkle Farbe hilft dabei, dass unsere Endmontage auf dem Gew\u00e4sserboden unentdeckt bleibt. Aufgrund seines starken Materials kann er auch nach Abnutzung des Hakens und Unbrauchbarkeit des Rigs weiterverwendet werden. Wir empfehlen ihn f\u00fcr kleine Pop-ups, Imitationen von K\u00f6dern oder l\u00f6sliche K\u00f6der.<\/p>","protected":false},"excerpt":{"rendered":"<p>Der Feeder Mini Black Line Aligner wurde speziell f\u00fcr Feeder-Angler entwickelt und zeichnet sich durch seine geringe Gr\u00f6\u00dfe und den inneren Durchmesser aus. Der Feeder Line Aligner ist ein unverzichtbares Zubeh\u00f6r f\u00fcr die perfekte Endmontage und das Haken. Seine Funktion besteht darin, den Haken im Mund des Fisches so schnell wie m\u00f6glich in die richtige [&hellip;]<\/p>","protected":false},"featured_media":24223,"comment_status":"open","ping_status":"closed","template":"","meta":[],"product_brand":[],"product_cat":[97,107,93,106,100],"product_tag":[],"class_list":{"0":"post-24222","1":"product","2":"type-product","3":"status-publish","4":"has-post-thumbnail","6":"product_cat-kleinteile","7":"product_cat-sedo-intelligent-fishing-tackle","8":"product_cat-sonstiges","9":"product_cat-tackle","10":"product_cat-zubehoer","12":"first","13":"instock","14":"shipping-taxable","15":"purchasable","16":"product-type-simple"},"_links":{"self":[{"href":"https:\/\/b76boilies.com\/hu\/wp-json\/wp\/v2\/product\/24222","targetHints":{"allow":["GET"]}}],"collection":[{"href":"https:\/\/b76boilies.com\/hu\/wp-json\/wp\/v2\/product"}],"about":[{"href":"https:\/\/b76boilies.com\/hu\/wp-json\/wp\/v2\/types\/product"}],"replies":[{"embeddable":true,"href":"https:\/\/b76boilies.com\/hu\/wp-json\/wp\/v2\/comments?post=24222"}],"wp:featuredmedia":[{"embeddable":true,"href":"https:\/\/b76boilies.com\/hu\/wp-json\/wp\/v2\/media\/24223"}],"wp:attachment":[{"href":"https:\/\/b76boilies.com\/hu\/wp-json\/wp\/v2\/media?parent=24222"}],"wp:term":[{"taxonomy":"product_brand","embeddable":true,"href":"https:\/\/b76boilies.com\/hu\/wp-json\/wp\/v2\/product_brand?post=24222"},{"taxonomy":"product_cat","embeddable":true,"href":"https:\/\/b76boilies.com\/hu\/wp-json\/wp\/v2\/product_cat?post=24222"},{"taxonomy":"product_tag","embeddable":true,"href":"https:\/\/b76boilies.com\/hu\/wp-json\/wp\/v2\/product_tag?post=24222"}],"curies":[{"name":"wp","href":"https:\/\/api.w.org\/{rel}","templated":true}]}}