{"id":24231,"date":"2023-04-10T05:28:52","date_gmt":"2023-04-10T05:28:52","guid":{"rendered":"https:\/\/b76boilies.digital-evolutions.at\/?post_type=product&#038;p=24231"},"modified":"2024-01-24T17:55:32","modified_gmt":"2024-01-24T17:55:32","slug":"sedo-boilie-mini-extender-invisible-hair-stops","status":"publish","type":"product","link":"https:\/\/b76boilies.com\/hu\/termek\/sedo-boilie-mini-extender-invisible-hair-stops\/","title":{"rendered":"SEDO Boilie Mini Extender Invisible Hair Stops"},"content":{"rendered":"<p>Der Extender Boilie Stopper wird am Ende unserer Haarschlaufe verwendet, um den K\u00f6der-Boilie zu befestigen oder um die Haarschlaufe zu verl\u00e4ngern. Wenn wir die K\u00f6dergr\u00f6\u00dfe \u00e4ndern m\u00fcssen und keine neue Haarschlaufe binden oder austauschen m\u00f6chten, ist dieser Haarschlaufenverl\u00e4ngerungsstopper die L\u00f6sung. Er ist in 3 verschiedenen Gr\u00f6\u00dfen auf einer Karte erh\u00e4ltlich, sodass wir sicher die f\u00fcr uns passende Gr\u00f6\u00dfe finden. Die Farbe ist unsichtbar, sodass sie auch im kristallklaren Wasser f\u00fcr die Fische nicht auff\u00e4llig ist. Mit ihm k\u00f6nnen wir Boilies, Pellets, Pop-ups, Saaten oder Kunstk\u00f6der aller Art befestigen. In einer Packung befinden sich 2 Karten und 126 Stopper.<\/p>","protected":false},"excerpt":{"rendered":"<p>Der Extender Boilie Stopper wird am Ende unserer Haarschlaufe verwendet, um den K\u00f6der-Boilie zu befestigen oder um die Haarschlaufe zu verl\u00e4ngern. Wenn wir die K\u00f6dergr\u00f6\u00dfe \u00e4ndern m\u00fcssen und keine neue Haarschlaufe binden oder austauschen m\u00f6chten, ist dieser Haarschlaufenverl\u00e4ngerungsstopper die L\u00f6sung. Er ist in 3 verschiedenen Gr\u00f6\u00dfen auf einer Karte erh\u00e4ltlich, sodass wir sicher die f\u00fcr [&hellip;]<\/p>","protected":false},"featured_media":24232,"comment_status":"open","ping_status":"closed","template":"","meta":[],"product_brand":[],"product_cat":[97,107,93,106,100],"product_tag":[],"class_list":{"0":"post-24231","1":"product","2":"type-product","3":"status-publish","4":"has-post-thumbnail","6":"product_cat-kleinteile","7":"product_cat-sedo-intelligent-fishing-tackle","8":"product_cat-sonstiges","9":"product_cat-tackle","10":"product_cat-zubehoer","12":"first","13":"instock","14":"shipping-taxable","15":"purchasable","16":"product-type-simple"},"_links":{"self":[{"href":"https:\/\/b76boilies.com\/hu\/wp-json\/wp\/v2\/product\/24231","targetHints":{"allow":["GET"]}}],"collection":[{"href":"https:\/\/b76boilies.com\/hu\/wp-json\/wp\/v2\/product"}],"about":[{"href":"https:\/\/b76boilies.com\/hu\/wp-json\/wp\/v2\/types\/product"}],"replies":[{"embeddable":true,"href":"https:\/\/b76boilies.com\/hu\/wp-json\/wp\/v2\/comments?post=24231"}],"wp:featuredmedia":[{"embeddable":true,"href":"https:\/\/b76boilies.com\/hu\/wp-json\/wp\/v2\/media\/24232"}],"wp:attachment":[{"href":"https:\/\/b76boilies.com\/hu\/wp-json\/wp\/v2\/media?parent=24231"}],"wp:term":[{"taxonomy":"product_brand","embeddable":true,"href":"https:\/\/b76boilies.com\/hu\/wp-json\/wp\/v2\/product_brand?post=24231"},{"taxonomy":"product_cat","embeddable":true,"href":"https:\/\/b76boilies.com\/hu\/wp-json\/wp\/v2\/product_cat?post=24231"},{"taxonomy":"product_tag","embeddable":true,"href":"https:\/\/b76boilies.com\/hu\/wp-json\/wp\/v2\/product_tag?post=24231"}],"curies":[{"name":"wp","href":"https:\/\/api.w.org\/{rel}","templated":true}]}}