{"id":24237,"date":"2023-04-10T05:28:52","date_gmt":"2023-04-10T05:28:52","guid":{"rendered":"https:\/\/b76boilies.digital-evolutions.at\/?post_type=product&#038;p=24237"},"modified":"2024-01-24T14:39:39","modified_gmt":"2024-01-24T14:39:39","slug":"sedo-hooklink-sinker-heavy","status":"publish","type":"product","link":"https:\/\/b76boilies.com\/hu\/termek\/sedo-hooklink-sinker-heavy\/","title":{"rendered":"SEDO Hooklink Sinker Heavy"},"content":{"rendered":"<p>Der Hooklink Sinker wurde speziell entwickelt, um unsere Vorfachschnur auf dem Gew\u00e4sserboden zu fixieren. Durch seine l\u00e4ngliche Form und das schwere Material verhindert er effektiv, dass die Vorfachschnur auf dem Boden herumliegt. Mit einem einfachen Handgriff l\u00e4sst er sich leicht auf die L\u00e4nge der Vorfachschnur aufbringen, und es k\u00f6nnen sogar 2-3 St\u00fcck auf einem Vorfach verwendet werden, wenn der Wei\u00dffischbestand hoch ist oder wir in Flie\u00dfgew\u00e4ssern angeln. Er kann f\u00fcr das Ausbalancieren von Popup-Montagen, das Beschweren von Vorfachschn\u00fcren oder sogar das Halten von CHOD-Vorf\u00e4chern auf dem Gew\u00e4sserboden verwendet werden.<\/p>","protected":false},"excerpt":{"rendered":"<p>Der Hooklink Sinker wurde speziell entwickelt, um unsere Vorfachschnur auf dem Gew\u00e4sserboden zu fixieren. Durch seine l\u00e4ngliche Form und das schwere Material verhindert er effektiv, dass die Vorfachschnur auf dem Boden herumliegt. Mit einem einfachen Handgriff l\u00e4sst er sich leicht auf die L\u00e4nge der Vorfachschnur aufbringen, und es k\u00f6nnen sogar 2-3 St\u00fcck auf einem Vorfach [&hellip;]<\/p>","protected":false},"featured_media":24238,"comment_status":"open","ping_status":"closed","template":"","meta":[],"product_brand":[],"product_cat":[114,97,107,106,113,100],"product_tag":[],"class_list":{"0":"post-24237","1":"product","2":"type-product","3":"status-publish","4":"has-post-thumbnail","6":"product_cat-bleie","7":"product_cat-kleinteile","8":"product_cat-sedo-intelligent-fishing-tackle","9":"product_cat-tackle","10":"product_cat-wirbel","11":"product_cat-zubehoer","13":"first","14":"instock","15":"shipping-taxable","16":"purchasable","17":"product-type-simple"},"_links":{"self":[{"href":"https:\/\/b76boilies.com\/hu\/wp-json\/wp\/v2\/product\/24237","targetHints":{"allow":["GET"]}}],"collection":[{"href":"https:\/\/b76boilies.com\/hu\/wp-json\/wp\/v2\/product"}],"about":[{"href":"https:\/\/b76boilies.com\/hu\/wp-json\/wp\/v2\/types\/product"}],"replies":[{"embeddable":true,"href":"https:\/\/b76boilies.com\/hu\/wp-json\/wp\/v2\/comments?post=24237"}],"wp:featuredmedia":[{"embeddable":true,"href":"https:\/\/b76boilies.com\/hu\/wp-json\/wp\/v2\/media\/24238"}],"wp:attachment":[{"href":"https:\/\/b76boilies.com\/hu\/wp-json\/wp\/v2\/media?parent=24237"}],"wp:term":[{"taxonomy":"product_brand","embeddable":true,"href":"https:\/\/b76boilies.com\/hu\/wp-json\/wp\/v2\/product_brand?post=24237"},{"taxonomy":"product_cat","embeddable":true,"href":"https:\/\/b76boilies.com\/hu\/wp-json\/wp\/v2\/product_cat?post=24237"},{"taxonomy":"product_tag","embeddable":true,"href":"https:\/\/b76boilies.com\/hu\/wp-json\/wp\/v2\/product_tag?post=24237"}],"curies":[{"name":"wp","href":"https:\/\/api.w.org\/{rel}","templated":true}]}}