{"id":24249,"date":"2023-04-10T05:28:52","date_gmt":"2023-04-10T05:28:52","guid":{"rendered":"https:\/\/b76boilies.digital-evolutions.at\/?post_type=product&#038;p=24249"},"modified":"2024-01-24T14:09:40","modified_gmt":"2024-01-24T14:09:40","slug":"sedo-shadow-hook-link-camo-green-35lbs","status":"publish","type":"product","link":"https:\/\/b76boilies.com\/hu\/termek\/sedo-shadow-hook-link-camo-green-35lbs\/","title":{"rendered":"SEDO Shadow Hook-link Camo Green 35lbs"},"content":{"rendered":"<p>Die Shadow Vorfachschnur-Familie entgeht selbst den vorsichtigsten fressenden Karpfen. Sie verf\u00fcgt \u00fcber eine extrem hohe Abriebfestigkeit und wurde zus\u00e4tzlich mit einer geflochtenen Mikrofaser-Innenstruktur verst\u00e4rkt. Die Schnur f\u00fchlt sich vollkommen nat\u00fcrlich und flexibel an, wodurch sie sich in kritischen Momenten immer dem Haken anpasst, wenn der K\u00f6der bereits im Maul des Fisches ist. Die Vorfachschnur sinkt schnell ab und folgt somit perfekt der Bodenkontur, w\u00e4hrend die tarnende Gel\u00e4ndeoptik sie f\u00fcr die Fische nahezu unsichtbar macht. Selbst in extremen Situationen bietet die Schnur eine ultrahohe Abriebfestigkeit und weist dabei eine au\u00dfergew\u00f6hnlich hohe Knotentoleranz auf.<\/p>","protected":false},"excerpt":{"rendered":"<p>Die Shadow Vorfachschnur-Familie entgeht selbst den vorsichtigsten fressenden Karpfen. Sie verf\u00fcgt \u00fcber eine extrem hohe Abriebfestigkeit und wurde zus\u00e4tzlich mit einer geflochtenen Mikrofaser-Innenstruktur verst\u00e4rkt. Die Schnur f\u00fchlt sich vollkommen nat\u00fcrlich und flexibel an, wodurch sie sich in kritischen Momenten immer dem Haken anpasst, wenn der K\u00f6der bereits im Maul des Fisches ist. Die Vorfachschnur sinkt [&hellip;]<\/p>","protected":false},"featured_media":24244,"comment_status":"open","ping_status":"closed","template":"","meta":[],"product_brand":[],"product_cat":[107,106,110,95],"product_tag":[],"class_list":{"0":"post-24249","1":"product","2":"type-product","3":"status-publish","4":"has-post-thumbnail","6":"product_cat-sedo-intelligent-fishing-tackle","7":"product_cat-tackle","8":"product_cat-vorfaecher","9":"product_cat-vorfachschnur","11":"first","12":"instock","13":"shipping-taxable","14":"purchasable","15":"product-type-simple"},"_links":{"self":[{"href":"https:\/\/b76boilies.com\/hu\/wp-json\/wp\/v2\/product\/24249","targetHints":{"allow":["GET"]}}],"collection":[{"href":"https:\/\/b76boilies.com\/hu\/wp-json\/wp\/v2\/product"}],"about":[{"href":"https:\/\/b76boilies.com\/hu\/wp-json\/wp\/v2\/types\/product"}],"replies":[{"embeddable":true,"href":"https:\/\/b76boilies.com\/hu\/wp-json\/wp\/v2\/comments?post=24249"}],"wp:featuredmedia":[{"embeddable":true,"href":"https:\/\/b76boilies.com\/hu\/wp-json\/wp\/v2\/media\/24244"}],"wp:attachment":[{"href":"https:\/\/b76boilies.com\/hu\/wp-json\/wp\/v2\/media?parent=24249"}],"wp:term":[{"taxonomy":"product_brand","embeddable":true,"href":"https:\/\/b76boilies.com\/hu\/wp-json\/wp\/v2\/product_brand?post=24249"},{"taxonomy":"product_cat","embeddable":true,"href":"https:\/\/b76boilies.com\/hu\/wp-json\/wp\/v2\/product_cat?post=24249"},{"taxonomy":"product_tag","embeddable":true,"href":"https:\/\/b76boilies.com\/hu\/wp-json\/wp\/v2\/product_tag?post=24249"}],"curies":[{"name":"wp","href":"https:\/\/api.w.org\/{rel}","templated":true}]}}