{"id":24267,"date":"2023-04-10T05:28:52","date_gmt":"2023-04-10T05:28:52","guid":{"rendered":"https:\/\/b76boilies.digital-evolutions.at\/?post_type=product&#038;p=24267"},"modified":"2024-01-24T14:08:40","modified_gmt":"2024-01-24T14:08:40","slug":"sedo-shadow-xprotect-coated-hooklink-green-35lbs","status":"publish","type":"product","link":"https:\/\/b76boilies.com\/hu\/termek\/sedo-shadow-xprotect-coated-hooklink-green-35lbs\/","title":{"rendered":"SEDO Shadow XProtect-Coated hooklink Green 35lbs"},"content":{"rendered":"<p>Das Shadow XProtect H\u00fcllenvorfach wurde so konzipiert, dass die \u00e4u\u00dfere, feste H\u00fclle einen einwandfreien Schutz f\u00fcr die innere, weiche geflochtene Schnur bietet. Es kann auf felsigem oder anspruchsvollem Gel\u00e4nde verwendet werden, aber auch die harte Kante von Muscheln kann dem Schutz nichts anhaben. Es eignet sich perfekt f\u00fcr das Weitwurfangeln und bietet auch Schutz gegen Verwicklung in stark wei\u00dffischreichen Gew\u00e4ssern. Die \u00e4u\u00dfere Schicht l\u00e4sst sich leicht entfernen, und so erhalten Sie eine extra weiche Vorfachschnur, aus der Sie m\u00fchelos verschiedene Rigs herstellen k\u00f6nnen. Sie k\u00f6nnen zwischen zwei getarnten Farben w\u00e4hlen, und auf einer Rolle befinden sich 20 Meter Schnur.<\/p>","protected":false},"excerpt":{"rendered":"<p>Das Shadow XProtect H\u00fcllenvorfach wurde so konzipiert, dass die \u00e4u\u00dfere, feste H\u00fclle einen einwandfreien Schutz f\u00fcr die innere, weiche geflochtene Schnur bietet. Es kann auf felsigem oder anspruchsvollem Gel\u00e4nde verwendet werden, aber auch die harte Kante von Muscheln kann dem Schutz nichts anhaben. Es eignet sich perfekt f\u00fcr das Weitwurfangeln und bietet auch Schutz gegen [&hellip;]<\/p>","protected":false},"featured_media":24262,"comment_status":"closed","ping_status":"closed","template":"","meta":[],"product_brand":[],"product_cat":[107,106,110,95],"product_tag":[],"class_list":{"0":"post-24267","1":"product","2":"type-product","3":"status-publish","4":"has-post-thumbnail","6":"product_cat-sedo-intelligent-fishing-tackle","7":"product_cat-tackle","8":"product_cat-vorfaecher","9":"product_cat-vorfachschnur","11":"first","12":"instock","13":"shipping-taxable","14":"purchasable","15":"product-type-simple"},"_links":{"self":[{"href":"https:\/\/b76boilies.com\/hu\/wp-json\/wp\/v2\/product\/24267","targetHints":{"allow":["GET"]}}],"collection":[{"href":"https:\/\/b76boilies.com\/hu\/wp-json\/wp\/v2\/product"}],"about":[{"href":"https:\/\/b76boilies.com\/hu\/wp-json\/wp\/v2\/types\/product"}],"replies":[{"embeddable":true,"href":"https:\/\/b76boilies.com\/hu\/wp-json\/wp\/v2\/comments?post=24267"}],"wp:featuredmedia":[{"embeddable":true,"href":"https:\/\/b76boilies.com\/hu\/wp-json\/wp\/v2\/media\/24262"}],"wp:attachment":[{"href":"https:\/\/b76boilies.com\/hu\/wp-json\/wp\/v2\/media?parent=24267"}],"wp:term":[{"taxonomy":"product_brand","embeddable":true,"href":"https:\/\/b76boilies.com\/hu\/wp-json\/wp\/v2\/product_brand?post=24267"},{"taxonomy":"product_cat","embeddable":true,"href":"https:\/\/b76boilies.com\/hu\/wp-json\/wp\/v2\/product_cat?post=24267"},{"taxonomy":"product_tag","embeddable":true,"href":"https:\/\/b76boilies.com\/hu\/wp-json\/wp\/v2\/product_tag?post=24267"}],"curies":[{"name":"wp","href":"https:\/\/api.w.org\/{rel}","templated":true}]}}